{"id":149,"date":"2022-08-26T05:06:26","date_gmt":"2022-08-26T03:06:26","guid":{"rendered":"https:\/\/ambtokyo.esteri.it\/?page_id=149"},"modified":"2022-11-09T07:32:29","modified_gmt":"2022-11-09T06:32:29","slug":"emergenza-terremoto","status":"publish","type":"page","link":"https:\/\/ambtokyo.esteri.it\/it\/news\/emergenza-terremoto\/","title":{"rendered":"Emergenza terremoto"},"content":{"rendered":"<div>\n<p>Il Giappone, uno dei Paesi pi\u00f9 sismici al mondo, si trova alla convergenza di quattro placche tettoniche (eurasiatica, nordamericana, filippina e pacifica). Un terremoto di alta intensit\u00e0 pu\u00f2 avvenire in Giappone ovunque e in qualunque momento ed \u00e8 quindi di fondamentale importanza essere ben preparati per affrontare al meglio questa evenienza.<\/p>\n<p>Per informazioni su qualsiasi fenomeno meteorologico avverso e in caso di allerta terremoto e tsunami, i connazionali residenti o a diverso titolo presenti sul territorio giapponese sono invitati a monitorare il sito ufficiale della\u00a0<a href=\"http:\/\/www.jma.go.jp\/jma\/indexe.html\">Japan Meteorological Agency.<\/a>\u00a0Ulteriori informazioni utili, anche disponibili su una specifica App, sono pubblicate su questa pagina della <a href=\"https:\/\/www.jnto.go.jp\/safety-tips\/eng\/app.html\">Japan National Tourism Organization<\/a>.<\/p>\n<p>Il Governo Metropolitano di Tokyo ha redatto un\u2019utile guida in lingua inglese \u201cDisaster Preparedness Tokyo\u201d contenente informazioni pratiche per una migliore prevenzione e preparazione in caso di evento catastrofico. La guida puo&#8217; essere consultare o scaricata sul <a href=\"http:\/\/www.metro.tokyo.jp\/ENGLISH\/GUIDE\/BOSAI\/index.htm\">sito ufficiale a questo link<\/a>.<\/p>\n<p>Il Governo giapponese ha inoltre pubblicato in lingua inglese una guida contentente informazioni utili in caso di emergenza (disastri naturali ed eventi metereologici avversi). <a href=\"https:\/\/www.bousai.go.jp\/kokusai\/web\/index_en.html\">La guida e&#8217; scaricabile da questo link.<\/a><\/p>\n<p>Ad ogni buon fine, si segnalano i seguenti numeri di telefono utili:<\/p>\n<ul>\n<li>Polizia 110<\/li>\n<li>Vigili del Fuoco e Ambulanze 119<\/li>\n<li>Guardia Costiera 118<\/li>\n<\/ul>\n<\/div>\n","protected":false},"excerpt":{"rendered":"Il Giappone, uno dei Paesi pi\u00f9 sismici al mondo, si trova alla convergenza di quattro placche tettoniche (eurasiatica, nordamericana, filippina e pacifica). Un terremoto di alta intensit\u00e0 pu\u00f2 avvenire in Giappone ovunque e in qualunque momento ed \u00e8 quindi di fondamentale importanza essere ben preparati per affrontare al meglio questa evenienza. Per informazioni su qualsiasi [&hellip;]","protected":false},"author":8,"featured_media":0,"parent":24,"menu_order":0,"comment_status":"closed","ping_status":"closed","template":"","meta":{"footnotes":""},"class_list":["post-149","page","type-page","status-publish","hentry"],"_links":{"self":[{"href":"https:\/\/ambtokyo.esteri.it\/it\/wp-json\/wp\/v2\/pages\/149","targetHints":{"allow":["GET"]}}],"collection":[{"href":"https:\/\/ambtokyo.esteri.it\/it\/wp-json\/wp\/v2\/pages"}],"about":[{"href":"https:\/\/ambtokyo.esteri.it\/it\/wp-json\/wp\/v2\/types\/page"}],"author":[{"embeddable":true,"href":"https:\/\/ambtokyo.esteri.it\/it\/wp-json\/wp\/v2\/users\/8"}],"replies":[{"embeddable":true,"href":"https:\/\/ambtokyo.esteri.it\/it\/wp-json\/wp\/v2\/comments?post=149"}],"version-history":[{"count":0,"href":"https:\/\/ambtokyo.esteri.it\/it\/wp-json\/wp\/v2\/pages\/149\/revisions"}],"up":[{"embeddable":true,"href":"https:\/\/ambtokyo.esteri.it\/it\/wp-json\/wp\/v2\/pages\/24"}],"wp:attachment":[{"href":"https:\/\/ambtokyo.esteri.it\/it\/wp-json\/wp\/v2\/media?parent=149"}],"curies":[{"name":"wp","href":"https:\/\/api.w.org\/{rel}","templated":true}]}}