{"id":1875,"date":"2022-10-13T04:36:49","date_gmt":"2022-10-13T02:36:49","guid":{"rendered":"https:\/\/ambtokyo.esteri.it\/?page_id=1875"},"modified":"2022-10-13T04:37:46","modified_gmt":"2022-10-13T02:37:46","slug":"intervento-dellambasciatore-ditalia-gianluigi-benedetti-in-occasione-della-conferenza-forme-uniche-della-continuita-nello-spazio-tokyo-5-settembre-2022","status":"publish","type":"page","link":"https:\/\/ambtokyo.esteri.it\/it\/chi-siamo\/ambasciatore\/discorsi-dellambasciatore__trashed\/intervento-dellambasciatore-ditalia-gianluigi-benedetti-in-occasione-della-conferenza-forme-uniche-della-continuita-nello-spazio-tokyo-5-settembre-2022\/","title":{"rendered":"Intervento dell\u2019Ambasciatore d\u2019Italia, Gianluigi Benedetti in occasione della Conferenza \u201cforme uniche della continuit\u00e0 nello spazio (Tokyo, 5 settembre 2022)"},"content":{"rendered":"<p>Professor Dambruoso,<\/p>\n<p>Professoressa De Maio,<\/p>\n<p>Signori e signore,<\/p>\n<p>\u00c8 per me un grande piacere aprire all\u2019Istituto Italiano di Cultura la Conferenza del Prof. Dambruoso sulle \u201cforme uniche della continuit\u00e0 nello spazio\u201d e ringrazio la Direttrice dell\u2019Istituto per l\u2019ospitalit\u00e0 in questa bellissima sede.<\/p>\n<p>L\u2019incontro di questa sera ci offre l\u2019opportunit\u00e0 di riscoprire, proprio in una citt\u00e0 moderna e dinamica come Tokyo, la concezione filosofica che Umberto Boccioni ha voluto riversare nella sua scultura pi\u00f9 iconica, \u201cForme uniche della continuit\u00e0 nello spazio\u201d.<\/p>\n<p>La sua ricerca sulla rappresentazione dell\u2019uomo in movimento, ripresa nel disegno, nella pittura e nella scultura, raggiunge il suo apice con quest\u2019opera &#8211; fusa solo dopo la sua morte &#8211; che oggi lega il nome dell\u2019artista italiano ai principali musei del mondo.<\/p>\n<p>Il messaggio principale di Boccioni nel suo manifesto del 1912, dal titolo \u201cLa scultura futurista\u201d, enfatizzava l\u2019idea della fusione delle opere artistiche con l\u2019ambiente circostante. Come possiamo constatare, il suo pensiero ha avuto un impatto dirompente sul pensiero e su tutta l\u2019arte del Novecento.<\/p>\n<p>Il senso moderno della realt\u00e0 trasmessoci dai futuristi, influenzato dalla scienza e dalla civilt\u00e0 industriale, si ritrova oggi non solo in molti artisti contemporanei, ma anche nel mondo del design, dove contribuisce a rendere il Made in Italy un punto di riferimento.<\/p>\n<p>Inoltre, il connubio tra tecnica industriale ed estetica, l\u2019impatto delle innovazioni tecnologiche sulla vita di tutti i giorni, la velocit\u00e0 delle macchine e della comunicazione &#8211; argomenti oggetto delle riflessioni di Boccioni e dei suoi contemporanei &#8211; sono tuttora di estrema attualit\u00e0.<\/p>\n<p>Sono sicuro che il Professor Dambruoso, uno dei massimi esperti delle opere di Umberto Boccioni, potr\u00e0 far nascere in noi spunti di riflessione molto interessanti su questi temi e per questo lo ringrazio vivamente per aver accettato con entusiasmo il nostro invito di venire a Tokyo.<\/p>\n","protected":false},"excerpt":{"rendered":"Professor Dambruoso, Professoressa De Maio, Signori e signore, \u00c8 per me un grande piacere aprire all\u2019Istituto Italiano di Cultura la Conferenza del Prof. Dambruoso sulle \u201cforme uniche della continuit\u00e0 nello spazio\u201d e ringrazio la Direttrice dell\u2019Istituto per l\u2019ospitalit\u00e0 in questa bellissima sede. L\u2019incontro di questa sera ci offre l\u2019opportunit\u00e0 di riscoprire, proprio in una citt\u00e0 [&hellip;]","protected":false},"author":5,"featured_media":0,"parent":272,"menu_order":0,"comment_status":"closed","ping_status":"closed","template":"","meta":{"footnotes":""},"class_list":["post-1875","page","type-page","status-publish","hentry"],"_links":{"self":[{"href":"https:\/\/ambtokyo.esteri.it\/it\/wp-json\/wp\/v2\/pages\/1875","targetHints":{"allow":["GET"]}}],"collection":[{"href":"https:\/\/ambtokyo.esteri.it\/it\/wp-json\/wp\/v2\/pages"}],"about":[{"href":"https:\/\/ambtokyo.esteri.it\/it\/wp-json\/wp\/v2\/types\/page"}],"author":[{"embeddable":true,"href":"https:\/\/ambtokyo.esteri.it\/it\/wp-json\/wp\/v2\/users\/5"}],"replies":[{"embeddable":true,"href":"https:\/\/ambtokyo.esteri.it\/it\/wp-json\/wp\/v2\/comments?post=1875"}],"version-history":[{"count":0,"href":"https:\/\/ambtokyo.esteri.it\/it\/wp-json\/wp\/v2\/pages\/1875\/revisions"}],"up":[{"embeddable":true,"href":"https:\/\/ambtokyo.esteri.it\/it\/wp-json\/wp\/v2\/pages\/272"}],"wp:attachment":[{"href":"https:\/\/ambtokyo.esteri.it\/it\/wp-json\/wp\/v2\/media?parent=1875"}],"curies":[{"name":"wp","href":"https:\/\/api.w.org\/{rel}","templated":true}]}}