{"id":1881,"date":"2022-10-13T04:53:07","date_gmt":"2022-10-13T02:53:07","guid":{"rendered":"https:\/\/ambtokyo.esteri.it\/?page_id=1881"},"modified":"2022-10-13T04:55:34","modified_gmt":"2022-10-13T02:55:34","slug":"saluto-dellambasciatore-ditalia-gianluigi-benedetti-in-occasione-della-presentazione-ai-media-giapponesi-dellevento-ennio-morricone-the-official-concert-celebrat","status":"publish","type":"page","link":"https:\/\/ambtokyo.esteri.it\/it\/chi-siamo\/ambasciatore\/discorsi-dellambasciatore__trashed\/saluto-dellambasciatore-ditalia-gianluigi-benedetti-in-occasione-della-presentazione-ai-media-giapponesi-dellevento-ennio-morricone-the-official-concert-celebrat\/","title":{"rendered":"Saluto dell\u2019Ambasciatore d\u2019Italia, Gianluigi Benedetti, in occasione della presentazione ai media giapponesi dell\u2019evento \u201cEnnio Morricone, the Official Concert Celebration\u201d (Tokyo, 14 settembre 2022)"},"content":{"rendered":"<p>Maestro Morricone,<\/p>\n<p>Signor Kanji Ishimaru,<\/p>\n<p>Signore e signori,<\/p>\n<p>\u00e8 per me un grande onore ospitare in Ambasciata la conferenza stampa di presentazione del concerto \u201cEnnio Morricone &#8211; The Official Concert Celebration\u201d uno spettacolo unico e mai visto prima, curato dal grande Maestro, di cui tutti sentiamo la mancanza, e diretto da suo figlio Andrea, che ringrazio per essere qui oggi.<\/p>\n<p>Il tour mondiale, che avr\u00e0 inizio proprio a Tokyo a novembre nella prestigiosa International Forum Hall, \u00e8 un regalo ai tanti amanti della musica del Maestro, ma anche un elogio alla contemporaneit\u00e0 di Morricone le cui composizioni, cos\u00ec dinamiche, innovative e immediatamente riconoscibili, sin dalle prime note, anche a distanza di anni, continuano ad avere un successo planetario.<\/p>\n<p>Brani tratti da Cinema Paradiso, The Mission, The Good, The Bad and The Ugly, Once Upon a Time in America e the Untouchables \u2013 solo per citare alcuni dei film pi\u00f9 celebri \u2013 hanno fatto e faranno sempre emozionare il pubblico in tutto il mondo, restando per sempre impressi nella memoria di milioni di spettatori.<\/p>\n<p>Sono quindi sicuro che questa tourn\u00e9e mondiale, che far\u00e0 ritornare in ntante prestigiose sale concerto la musica di Ennio Morricone, permetter\u00e0 a migliaia di appassionati di riscoprire e riascoltare la musica del grande Maestro, un\u2019eccellenza italiana acclamata in patria e all\u2019estero cui sono stati tributati riconoscimenti di grande prestigio, come l\u2019Oscar alla carriera e l\u2019Oscar per la migliore colonna sonora per il film \u201cThe Hateful Eight\u201d e tantissimi altri premi internazionali.<\/p>\n<p>Concludo questa breve introduzione ringraziando ancora una volta il Maestro Andrea Morricone per la sua presenza in questa occasione, Promax e Disk Garage per l\u2019organizzazione dei concerti a Tokyo e il cantante Kanji Ishimaru che oggi rappresenta i tantissimi fan della musica di Morricone in Giappone.<\/p>\n<p>Auguro il massimo successo a questo meraviglioso progetto che sono certo consentir\u00e0 a tutti, me compreso, di emozionarsi nel ricordo del grande Ennio Morricone.<\/p>\n","protected":false},"excerpt":{"rendered":"Maestro Morricone, Signor Kanji Ishimaru, Signore e signori, \u00e8 per me un grande onore ospitare in Ambasciata la conferenza stampa di presentazione del concerto \u201cEnnio Morricone &#8211; The Official Concert Celebration\u201d uno spettacolo unico e mai visto prima, curato dal grande Maestro, di cui tutti sentiamo la mancanza, e diretto da suo figlio Andrea, che [&hellip;]","protected":false},"author":5,"featured_media":0,"parent":272,"menu_order":0,"comment_status":"closed","ping_status":"closed","template":"","meta":{"footnotes":""},"class_list":["post-1881","page","type-page","status-publish","hentry"],"_links":{"self":[{"href":"https:\/\/ambtokyo.esteri.it\/it\/wp-json\/wp\/v2\/pages\/1881","targetHints":{"allow":["GET"]}}],"collection":[{"href":"https:\/\/ambtokyo.esteri.it\/it\/wp-json\/wp\/v2\/pages"}],"about":[{"href":"https:\/\/ambtokyo.esteri.it\/it\/wp-json\/wp\/v2\/types\/page"}],"author":[{"embeddable":true,"href":"https:\/\/ambtokyo.esteri.it\/it\/wp-json\/wp\/v2\/users\/5"}],"replies":[{"embeddable":true,"href":"https:\/\/ambtokyo.esteri.it\/it\/wp-json\/wp\/v2\/comments?post=1881"}],"version-history":[{"count":0,"href":"https:\/\/ambtokyo.esteri.it\/it\/wp-json\/wp\/v2\/pages\/1881\/revisions"}],"up":[{"embeddable":true,"href":"https:\/\/ambtokyo.esteri.it\/it\/wp-json\/wp\/v2\/pages\/272"}],"wp:attachment":[{"href":"https:\/\/ambtokyo.esteri.it\/it\/wp-json\/wp\/v2\/media?parent=1881"}],"curies":[{"name":"wp","href":"https:\/\/api.w.org\/{rel}","templated":true}]}}