{"id":1883,"date":"2022-10-13T04:57:30","date_gmt":"2022-10-13T02:57:30","guid":{"rendered":"https:\/\/ambtokyo.esteri.it\/?page_id=1883"},"modified":"2022-10-13T04:57:30","modified_gmt":"2022-10-13T02:57:30","slug":"intervento-dellambasciatore-ditalia-gianluigi-benedetti-in-occasione-del-seminario-sui-vini-italiani-organizzato-in-collaborazione-con-ethica-wines-tokyo-29-settembre-2022","status":"publish","type":"page","link":"https:\/\/ambtokyo.esteri.it\/it\/chi-siamo\/ambasciatore\/discorsi-dellambasciatore__trashed\/intervento-dellambasciatore-ditalia-gianluigi-benedetti-in-occasione-del-seminario-sui-vini-italiani-organizzato-in-collaborazione-con-ethica-wines-tokyo-29-settembre-2022\/","title":{"rendered":"Intervento dell\u2019Ambasciatore d\u2019Italia, Gianluigi Benedetti, in occasione del Seminario sui vini italiani organizzato in collaborazione con Ethica Wines (Tokyo, 29 settembre 2022)"},"content":{"rendered":"<p>Caro dott. Dario Bergamini, manager di <em>Ethica Wines<\/em> Giappone,<\/p>\n<p>Gentili sommelier, rappresentanti delle cantine italiane, Signore e Signori<\/p>\n<p>Benvenuti a tutti all\u2019Ambasciata d\u2019Italia!<\/p>\n<p>Sono molto lieto di aprire questo seminario, organizzato di concerto con <em>Ethica Wines<\/em>, con cui l\u2019Ambasciata collabora attivamente su un ventaglio di iniziative di promozione commerciale nel settore viti-vinicolo.<\/p>\n<p>Il Giappone rappresenta un mercato strategico per i nostri produttori: si tratta, senza ombra di dubbio, di un Paese che sa apprezzare i nostri vini e che ha grande voglia di scoprire prodotti sempre nuovi e di qualit\u00e0.<\/p>\n<p>Su questo, mi sento di dire che l\u2019Italia ha tantissimo da offrire. I nostri produttori, forti di una lunghissima tradizione e di prodotti eccellenti, continuano a rafforzare la loro presenza su questo mercato dalle grandissime potenzialit\u00e0.<\/p>\n<p>Il seminario di oggi \u00e8 un momento di approfondimento della conoscenza di straordinari prodotti delle cantine italiane dedicato agli addetti ai lavori. Ma il nostro obiettivo \u00e8 quello di accompagnare, tramite voi, tutti gli amici giapponesi alla scoperta di sapori innovativi, di colori e di profumi unici, che solo il nostro territorio sa offrire.<\/p>\n<p>Purtroppo, per impegni istituzionali non potr\u00f2 essere con voi nel corso del seminario e non potr\u00f2 partecipare alla degustazione dei vostri pregevoli prodotti che si terr\u00e0 pi\u00f9 tardi in Residenza. Legger\u00f2 per\u00f2 con grande attenzione e curiosit\u00e0 la vostra guida!<\/p>\n<p>Vi auguro dunque buon lavoro, certo che dall\u2019evento odierno potremo trarre l\u2019entusiasmo e la determinazione necessari per ampliare e diffondere ulteriormente l\u2019offerta di vini italiani sul mercato giapponese e portare ancor pi\u00f9 Italia in Giappone.<\/p>\n<p>Salute!<\/p>\n","protected":false},"excerpt":{"rendered":"Caro dott. Dario Bergamini, manager di Ethica Wines Giappone, Gentili sommelier, rappresentanti delle cantine italiane, Signore e Signori Benvenuti a tutti all\u2019Ambasciata d\u2019Italia! Sono molto lieto di aprire questo seminario, organizzato di concerto con Ethica Wines, con cui l\u2019Ambasciata collabora attivamente su un ventaglio di iniziative di promozione commerciale nel settore viti-vinicolo. Il Giappone rappresenta [&hellip;]","protected":false},"author":5,"featured_media":0,"parent":272,"menu_order":0,"comment_status":"closed","ping_status":"closed","template":"","meta":{"footnotes":""},"class_list":["post-1883","page","type-page","status-publish","hentry"],"_links":{"self":[{"href":"https:\/\/ambtokyo.esteri.it\/it\/wp-json\/wp\/v2\/pages\/1883","targetHints":{"allow":["GET"]}}],"collection":[{"href":"https:\/\/ambtokyo.esteri.it\/it\/wp-json\/wp\/v2\/pages"}],"about":[{"href":"https:\/\/ambtokyo.esteri.it\/it\/wp-json\/wp\/v2\/types\/page"}],"author":[{"embeddable":true,"href":"https:\/\/ambtokyo.esteri.it\/it\/wp-json\/wp\/v2\/users\/5"}],"replies":[{"embeddable":true,"href":"https:\/\/ambtokyo.esteri.it\/it\/wp-json\/wp\/v2\/comments?post=1883"}],"version-history":[{"count":0,"href":"https:\/\/ambtokyo.esteri.it\/it\/wp-json\/wp\/v2\/pages\/1883\/revisions"}],"up":[{"embeddable":true,"href":"https:\/\/ambtokyo.esteri.it\/it\/wp-json\/wp\/v2\/pages\/272"}],"wp:attachment":[{"href":"https:\/\/ambtokyo.esteri.it\/it\/wp-json\/wp\/v2\/media?parent=1883"}],"curies":[{"name":"wp","href":"https:\/\/api.w.org\/{rel}","templated":true}]}}