{"id":1937,"date":"2022-10-14T17:38:14","date_gmt":"2022-10-14T15:38:14","guid":{"rendered":"https:\/\/ambtokyo.esteri.it\/?page_id=1937"},"modified":"2022-10-14T17:41:51","modified_gmt":"2022-10-14T15:41:51","slug":"intervento-dellambasciatore-gianluigi-benedetti-in-occasione-del-minigp-world-series-japan-series-tokyo-16-aprile-2022","status":"publish","type":"page","link":"https:\/\/ambtokyo.esteri.it\/it\/chi-siamo\/ambasciatore\/discorsi-dellambasciatore__trashed\/intervento-dellambasciatore-gianluigi-benedetti-in-occasione-del-minigp-world-series-japan-series-tokyo-16-aprile-2022\/","title":{"rendered":"Intervento dell&#8217;Ambasciatore Gianluigi Benedetti in occasione del \u201cMiniGP World Series \u2013 Japan Series\u201d (Tokyo, 16 aprile 2022)"},"content":{"rendered":"<p>Buon pomeriggio,<\/p>\n<p>vivissime congratulazioni, anzitutto, ai vincitori del Mini GP World Series di Tokyo, giovanissimi talenti che hanno dato prova di una grinta ed un entusiasmo pari e, forse, superiori a quelle dei colleghi piu\u2019 grandi: bravi!<\/p>\n<p>Permettetemi di rivolgere i miei complimenti a tutti i piloti che da questa mattina, instancabili, corrono sulle piste per disputarsi il premio finale. Avete tutti dimostrato determinazione e passione, doti che \u2013 sono sicuro \u2013 vi accompagneranno e distingueranno negli anni a venire. Complimenti a tutti voi!<\/p>\n<p>Sono particolarmente felice di essere qui oggi. Desidero ringraziare sentitamente Nakagome san, Presidente di P-Up World, che da grande amante dei motori e delle due ruote come me, ha creduto fortemente in questo progetto e ne ha reso possibile la realizzazione per la prima volta anche in Giappone.<\/p>\n<p>Io e il Presidente Nakagome condividiamo la passione per i motori, ma soprattutto condividiamo la passione per i motori italiani e questa iniziativa mi sta particolarmente a cuore perch\u00e9 coinvolge un eccezionale prodotto dell\u2019industria motociclistica e dell\u2019artigianato italiano: la OHVALE GP 0.<\/p>\n<p>La OHVALE GP 0 &#8211; la moto guidata dai nostri giovani piloti &#8211; progettata dal gruppo italiano Ohvale, con sede a Mogliano Veneto, nasce dal desiderio di dare vita a una moto che offra il divertimento e l\u2019adrenalina di una moto professionale, ma possa essere guidata con facilit\u00e0, anche dai pi\u00f9 giovani.<\/p>\n<p>Design italiano e accurata selezione di ogni componente uniti a facilit\u00e0 di trasporto e comodit\u00e0 garantiscono un\u2019esperienza paragonabile nelle prestazioni a quella delle moto sportive, ma accessibile anche ai meno esperti o ai motociclisti alle prime armi.<\/p>\n<p>Questa piccola moto, facile e giocosa, permette una guida estrema, da vera moto racing, abbattendo per\u00f2 drasticamente i costi e tutte le scomodit\u00e0 connesse alle trasferte in pista. La OHVALE GP 0 \u00e8 progettata e costruita in Italia, frutto di una attenta industrializzazione che si fonde con ricercata artigianalit\u00e0, ogni suo componente \u00e8 stato attentamente pensato privilegiando la raffinatezza, la robustezza e il \u201cfeedback\u201d al pilota; il vero appassionato non potr\u00e0 non innamorarsene ammirando l\u2019attenta cura costruttiva e le finiture Made in Italy.<\/p>\n<p>Concludo ringraziando, ancora una volta, il Presidente Nakagome e il team P-Up World. Auguro ai giovani campioni che hanno preso parte alle gare di oggi di continuare a gareggiare con passione ed entusiasmo sulle piste che si troveranno davanti negli anni a venire.<\/p>\n<p>Rivolgo, infine, ai vincitori del MiniGP Japan un grande in bocca al lupo per la sfida finale che si terr\u00e0 al Valencia Motorland il prossimo autunno.<\/p>\n<p>Gambatte!<\/p>\n","protected":false},"excerpt":{"rendered":"Buon pomeriggio, vivissime congratulazioni, anzitutto, ai vincitori del Mini GP World Series di Tokyo, giovanissimi talenti che hanno dato prova di una grinta ed un entusiasmo pari e, forse, superiori a quelle dei colleghi piu\u2019 grandi: bravi! Permettetemi di rivolgere i miei complimenti a tutti i piloti che da questa mattina, instancabili, corrono sulle piste [&hellip;]","protected":false},"author":1,"featured_media":0,"parent":272,"menu_order":0,"comment_status":"closed","ping_status":"closed","template":"","meta":{"footnotes":""},"class_list":["post-1937","page","type-page","status-publish","hentry"],"_links":{"self":[{"href":"https:\/\/ambtokyo.esteri.it\/it\/wp-json\/wp\/v2\/pages\/1937","targetHints":{"allow":["GET"]}}],"collection":[{"href":"https:\/\/ambtokyo.esteri.it\/it\/wp-json\/wp\/v2\/pages"}],"about":[{"href":"https:\/\/ambtokyo.esteri.it\/it\/wp-json\/wp\/v2\/types\/page"}],"author":[{"embeddable":true,"href":"https:\/\/ambtokyo.esteri.it\/it\/wp-json\/wp\/v2\/users\/1"}],"replies":[{"embeddable":true,"href":"https:\/\/ambtokyo.esteri.it\/it\/wp-json\/wp\/v2\/comments?post=1937"}],"version-history":[{"count":0,"href":"https:\/\/ambtokyo.esteri.it\/it\/wp-json\/wp\/v2\/pages\/1937\/revisions"}],"up":[{"embeddable":true,"href":"https:\/\/ambtokyo.esteri.it\/it\/wp-json\/wp\/v2\/pages\/272"}],"wp:attachment":[{"href":"https:\/\/ambtokyo.esteri.it\/it\/wp-json\/wp\/v2\/media?parent=1937"}],"curies":[{"name":"wp","href":"https:\/\/api.w.org\/{rel}","templated":true}]}}