{"id":1945,"date":"2022-10-14T17:56:08","date_gmt":"2022-10-14T15:56:08","guid":{"rendered":"https:\/\/ambtokyo.esteri.it\/?page_id=1945"},"modified":"2022-10-14T17:56:08","modified_gmt":"2022-10-14T15:56:08","slug":"italian-design-day-2022-intervento-dellambasciatore-benedetti-in-occasione-della-conversazione-sulla-mostra-welcome-feeling-at-work-tokyo-25-marzo-2022","status":"publish","type":"page","link":"https:\/\/ambtokyo.esteri.it\/it\/chi-siamo\/ambasciatore\/discorsi-dellambasciatore__trashed\/italian-design-day-2022-intervento-dellambasciatore-benedetti-in-occasione-della-conversazione-sulla-mostra-welcome-feeling-at-work-tokyo-25-marzo-2022\/","title":{"rendered":"Italian Design Day 2022 &#8211; intervento dell\u2019Ambasciatore Benedetti in occasione della conversazione sulla mostra \u201cWelcome, feeling at work\u201d (Tokyo, 25 marzo 2022)"},"content":{"rendered":"<p>Buonasera a tutti,<\/p>\n<p>con grande piacere vi do il benvenuto alla conversazione dedicata alla mostra \u201cWelcome, feeling at work\u201d, appuntamento che chiude con la partecipazione straordinaria dell\u2019Architetto Kengo Kuma, il programma organizzato con l\u2019Agenzia ICE di Tokyo e l\u2019Istituto italiano di Cultura in occasione della sesta edizione della Giornata del Design Italiano nel mondo.<\/p>\n<p>Non avremmo mai immaginato di trovarci oggi nel contesto di una guerra brutale causata dall\u2019ingiustificata invasione dell\u2019Ucraina da parte russa che riporta l\u2019Europa e il mondo a un passato che si credeva oramai superato. Ma pur in questo drammatico contesto, crediamo che celebrare il design ci offra l\u2019opportunit\u00e0 di sottolineare il valore della cultura e della creativit\u00e0 come fondamentali vettori di progresso, civilt\u00e0 e umanit\u00e0 in contrasto con la disumanit\u00e0 e barbarie dell\u2019aggressione armata.<\/p>\n<p>Desidero quindi manifestare all\u2019Architetto Kengo Kuma la mia gratitudine per aver assicurato la sua partecipazione questa sera. La sua presenza ci rende felici e orgogliosi e dimostra, ancora una volta, la grande e solida amicizia tra Italia e Giappone. Grazie!<\/p>\n<p>Saluto e ringrazio anche l\u2019Architetto Yuki Ikeguchi in collegamento da Parigi e l\u2019Architetto Shigeru Sakiyama, esperto di design urbano e moderatore del dibattito. Ringrazio, infine, la Dott.ssa Di Giovancarlo \u2013 Direttrice dell\u2019Ufficio ICE di Tokyo \u2013 che ha coordinato e reso possibile la realizzazione di questa importante iniziativa e il Dott. Manai e tutto lo staff dell\u2019Istituto Italiano di Cultura.<\/p>\n<p>Il tema scelto quest\u2019anno in occasione della Giornata del Design Italiano \u00e8 quello dell\u2019incontro tra design e sostenibilit\u00e0, la possibilit\u00e0 di realizzare un design \u201cverde\u201d mediante il ricorso a nuove tecnologie, alla \u201cri-generazione\u201d dei materiali e a nuovi processi produttivi.<\/p>\n<p>Il progetto di riqualificazione urbana dell\u2019ex-area Rizzoli di Milano curato dallo studio Kengo Kuma and Associates, al quale \u00e8 dedicata la straordinaria mostra allestita al Piano Esposizioni, dimostra come la convivenza tra uomo e natura non sia solo auspicabile, ma sia oggi possibile e necessaria.<\/p>\n<p>Il progetto \u201cWelcome, feeling at work\u201d, che ha dato vita ad un modello virtuoso e replicabile, propone uno stile di vita e un modo di lavorare completamente nuovi rispetto al passato.<\/p>\n<p>L&#8217;architettura organica che Kengo Kuma propone con questo ed altri importanti progetti va addirittura oltre l\u2019obiettivo della sostenibilit\u00e0; mira a creare un\u2019interazione armoniosa tra il luogo di lavoro e la natura che lo circonda, dando vita a uno spazio architettonico capace di coniugare benessere personale e rispetto per l&#8217;ambiente, anche grazie all\u2019ausilio di sofisticati sistemi tecnologici e digitali.<\/p>\n<p>\u201cWelcome, feeling at work\u201d \u00e8 senza dubbio un progetto di eccezionale avanguardia, che nasce dalla solida collaborazione tra Italia e Giappone e ne \u00e8 al tempo stesso la testimonianza. Il progetto che questa sera verr\u00e0 presentato indica una direzione da seguire, regala a tutti noi e agli addetti ai lavori uno sguardo sull&#8217;architettura del prossimo futuro, un\u2019architettura pienamente sostenibile e l\u2019unica possibile.<\/p>\n<p>La conferenza di oggi, alla luce delle tematiche affrontate e della gradita presenza di esponenti di fama mondiale dell\u2019architettura e dell\u2019urbanistica come Kengo Kuma, mi offre lo spunto per presentarvi la candidatura della citt\u00e0 di Roma ad ospitare l\u2019Esposizione Universale nel 2030, ufficialmente lanciata il 3 marzo scorso presso il Padiglione Italia all\u2019EXPO di Dubai.<\/p>\n<p>Il tema prescelto di EXPO 2030 Roma \u00e8 \u201cPersone e territori: rigenerazione urbana, inclusione e innovazione\u201d, declinato concettualmente intorno a cinque aree tematiche: 1) Evoluzione e rigenerazione; 2) Diversit\u00e0 e inclusione; 3) Sostenibilit\u00e0 e circolarit\u00e0; 4) Digital first and ZED (Zero Emission Digital); 5) Decentralizzazione e connessione.<\/p>\n<p>Il progetto si propone di presentare un modo nuovo di promuovere la convivenza urbana, superando la tradizionale separazione tra centro e periferia. Entro il 2050 le metropoli ospiteranno i due terzi dell\u2019intera popolazione mondiale: la relazione tra territorio e persone \u00e8 quindi una delle pi\u00f9 grandi sfide del nostro tempo.<\/p>\n<p>Con il tema \u201cPersone e territori: rigenerazione urbana, inclusione e innovazione\u201d Roma vuole essere il centro di questo nuovo modello di citt\u00e0: inclusivo, interconnesso, sostenibile e condiviso. A Roma tutti i Paesi partecipanti potranno dare il proprio contributo per individuare il modello di convivenza urbana del futuro.<\/p>\n<p>Il Governo italiano e l\u2019intero Sistema Paese sostengono compatti e con decisione la candidatura di Roma, consapevoli dei punti di forza che la caratterizzano e sono certo che essi verranno apprezzati anche dal Giappone che nel 2025 ospiter\u00e0 l\u2019EXPO ad Osaka. Il nostro augurio \u00e8 proprio che Roma possa raccogliere il testimone da Osaka, in una linea di continuit\u00e0 ideale e concettuale che costituirebbe un ulteriore elemento di rafforzamento delle eccellenti relazioni bilaterali tra i nostri due Paesi.<\/p>\n<p>Nella convinzione che le immagini siano pi\u00f9 efficaci delle parole vi lascio alla proiezione di un bellissimo video di presentazione di EXPO 2030 Roma e poi, ovviamente, alla nostra conversazione di stasera sulla mostra \u201cWelcome, feeling at work\u201d.<\/p>\n<p>Domo arigato gozaimasu.<\/p>\n","protected":false},"excerpt":{"rendered":"Buonasera a tutti, con grande piacere vi do il benvenuto alla conversazione dedicata alla mostra \u201cWelcome, feeling at work\u201d, appuntamento che chiude con la partecipazione straordinaria dell\u2019Architetto Kengo Kuma, il programma organizzato con l\u2019Agenzia ICE di Tokyo e l\u2019Istituto italiano di Cultura in occasione della sesta edizione della Giornata del Design Italiano nel mondo. Non [&hellip;]","protected":false},"author":1,"featured_media":0,"parent":272,"menu_order":0,"comment_status":"closed","ping_status":"closed","template":"","meta":{"footnotes":""},"class_list":["post-1945","page","type-page","status-publish","hentry"],"_links":{"self":[{"href":"https:\/\/ambtokyo.esteri.it\/it\/wp-json\/wp\/v2\/pages\/1945","targetHints":{"allow":["GET"]}}],"collection":[{"href":"https:\/\/ambtokyo.esteri.it\/it\/wp-json\/wp\/v2\/pages"}],"about":[{"href":"https:\/\/ambtokyo.esteri.it\/it\/wp-json\/wp\/v2\/types\/page"}],"author":[{"embeddable":true,"href":"https:\/\/ambtokyo.esteri.it\/it\/wp-json\/wp\/v2\/users\/1"}],"replies":[{"embeddable":true,"href":"https:\/\/ambtokyo.esteri.it\/it\/wp-json\/wp\/v2\/comments?post=1945"}],"version-history":[{"count":0,"href":"https:\/\/ambtokyo.esteri.it\/it\/wp-json\/wp\/v2\/pages\/1945\/revisions"}],"up":[{"embeddable":true,"href":"https:\/\/ambtokyo.esteri.it\/it\/wp-json\/wp\/v2\/pages\/272"}],"wp:attachment":[{"href":"https:\/\/ambtokyo.esteri.it\/it\/wp-json\/wp\/v2\/media?parent=1945"}],"curies":[{"name":"wp","href":"https:\/\/api.w.org\/{rel}","templated":true}]}}