{"id":1959,"date":"2022-10-14T18:18:17","date_gmt":"2022-10-14T16:18:17","guid":{"rendered":"https:\/\/ambtokyo.esteri.it\/?page_id=1959"},"modified":"2022-10-14T18:18:17","modified_gmt":"2022-10-14T16:18:17","slug":"conferenza-stampa-dedicata-a-moda-italia-e-shoes-from-italy-tokyo-8-febbraio-2022","status":"publish","type":"page","link":"https:\/\/ambtokyo.esteri.it\/it\/chi-siamo\/ambasciatore\/discorsi-dellambasciatore__trashed\/conferenza-stampa-dedicata-a-moda-italia-e-shoes-from-italy-tokyo-8-febbraio-2022\/","title":{"rendered":"Conferenza stampa dedicata a \u201cModa Italia\u201d e \u201cSHOES FROM ITALY\u201d &#8211; Tokyo, 8 febbraio 2022"},"content":{"rendered":"<p>Buon pomeriggio a tutti,<\/p>\n<p>\u00e8 con grande piacere che sono qui oggi per inaugurare \u201cModa Italia\u201d e \u201cShoes from Italy\u201d, due appuntamenti che \u2013 giunti rispettivamente alla 59esima e 69esima edizione \u2013 sono divenuti una vera e propria tradizione per gli operatori del settore moda e pelletteria, in Italia e in Giappone.<\/p>\n<p>Ringrazio, anzitutto, l\u2019Ufficio ICE di Tokyo &#8211; la Dott.ssa Di Giovancarlo e tutto il suo staff &#8211; che anche quest\u2019anno hanno reso possibile l\u2019organizzazione di questi due momenti cos\u00ec importanti e l\u2019arrivo dall\u2019Italia delle collezioni che vi presentiamo.<\/p>\n<p>Sono pi\u00f9 di 160 le aziende italiane che espongono, a partire da oggi e fino al 10 febbraio, le collezioni di abbigliamento, calzature e articoli in pelle per la stagione autunno-inverno 2022-2023. \u00c8 un risultato importante, che consente al visitatore di poter \u201ctoccare con mano\u201d la variet\u00e0, la qualit\u00e0 e la straordinaria creativit\u00e0 del settore moda italiano.<\/p>\n<p>Anche quest\u2019anno non \u00e8 stato possibile ospitare in Giappone i rappresentanti delle nostre aziende, ci dispiace molto averli qui con noi solo virtualmente, ma siamo molto orgogliosi di poter esporre le loro collezioni e di poterlo fare grazie alla collaborazione degli importatori e degli agenti giapponesi che ringrazio per il loro impegno a promuovere questi eccellenti prodotti italiani. Sono certo che anche se solo virtualmente, gli incontri che abbiamo organizzato tramite meeting online, saranno certamente occasioni per nuove intese e contatti.<\/p>\n<p>Questi due appuntamenti, dedicati alla moda a tutto tondo: il tessile, le calzature, la pelletteria, rappresentano per noi un momento di particolare importanza.<\/p>\n<p>Anzitutto, perch\u00e9 il comparto moda \u00e8 un settore trainante delle esportazioni italiane in Giappone, rappresentando pi\u00f9 del 19% di tutto il nostro export. Un risultato importante che riflette il forte amore che il Giappone nutre nei confronti del \u201cfashion\u201d italiano. In secondo luogo perch\u00e9 negli ultimi due anni il comparto moda ha sofferto per gli effetti negativi della crisi pandemica.<\/p>\n<p>Ci auguriamo dunque che la partenza incoraggiante di queste prime settimane del 2022 si confermi nei prossimi 11 mesi dell\u2019anno e \u2013 grazie anche a questi momenti di incontro &#8211; renda possibile una piena ripresa del settore. Il 2021 si \u00e8 chiuso con un incremento delle esportazioni pari a +5,9% rispetto al 2020, ma c\u2019\u00e8 ancora molto da fare per ritornare ai livelli pre-pandemia.<\/p>\n<p>In questa prospettiva, credo sia importante ricordare che quella della moda italiana sia una storia di successo non solo dal punto di vista dell&#8217;estetica, dello stile e della qualit\u00e0, ma anche sotto il profilo della ricerca dei materiali e dell\u2019innovazione. Sono convinto che proprio questa costante ricerca innovativa e la capacit\u00e0 di creare prodotti unici sia alla base del successo dell\u2019industria della moda italiana che riuscir\u00e0 anche in Giappone a migliorare ulteriormente le quote di mercato.<\/p>\n<p>L\u2019appuntamento odierno mi offre inoltre la possibilit\u00e0 per presentarvi un nuovo progetto creativo, finalizzato alla promozione delle eccellenze del nostro Paese: una campagna mondiale di &#8220;nation branding&#8221; intitolata \u201cItaly is simply extraordinary: beIT\u201d, promossa dal Ministero degli Esteri e dall\u2019Agenzia ICE con l\u2019obiettivo di sostenere l&#8217;internazionalizzazione delle principali filiere del nostro sistema produttivo.<\/p>\n<p>&#8220;beIT&#8221; si rivolge in particolare al pubblico giapponese, raccontando in maniera originale e innovativa l&#8217;Italia, i suoi valori e talenti, le sue competenze e le straordinarie potenzialit\u00e0 attraverso sei punti di vista: creativit\u00e0, innovazione, tradizione, passione, stile e diversit\u00e0. Il video che verr\u00e0 presentato a breve illustra perfettamente il concetto di questa nuova campagna promozionale.<\/p>\n<p>Il principale strumento di comunicazione web \u00e8 il &#8220;communication hub&#8221; raggiungibile all\u2019indirizzo www.madeinitaly.gov.it attraverso il quale si possono approfondire i sei aspetti della campagna sopra indicati e una sezione esclusivamente dedicata al Giappone, con contenuti originali in lingua giapponese.<\/p>\n<p>Vi invito quindi a seguire la nuova campagna \u201cbeIT\u201d per scoprire con modalit\u00e0 nuove la ricca realt\u00e0 dell\u2019Italia di oggi e le sue eccellenze, tra cui rientra, senza dubbio, anche l\u2019intero settore moda.<\/p>\n<p>Concludo augurando a tutti una piacevole visita degli stand e il miglior successo per le vostre attivit\u00e0 aziendali nell\u2019Anno della Tigre!<\/p>\n<p>Grazie<\/p>\n","protected":false},"excerpt":{"rendered":"Buon pomeriggio a tutti, \u00e8 con grande piacere che sono qui oggi per inaugurare \u201cModa Italia\u201d e \u201cShoes from Italy\u201d, due appuntamenti che \u2013 giunti rispettivamente alla 59esima e 69esima edizione \u2013 sono divenuti una vera e propria tradizione per gli operatori del settore moda e pelletteria, in Italia e in Giappone. Ringrazio, anzitutto, l\u2019Ufficio [&hellip;]","protected":false},"author":1,"featured_media":0,"parent":272,"menu_order":0,"comment_status":"closed","ping_status":"closed","template":"","meta":{"footnotes":""},"class_list":["post-1959","page","type-page","status-publish","hentry"],"_links":{"self":[{"href":"https:\/\/ambtokyo.esteri.it\/it\/wp-json\/wp\/v2\/pages\/1959","targetHints":{"allow":["GET"]}}],"collection":[{"href":"https:\/\/ambtokyo.esteri.it\/it\/wp-json\/wp\/v2\/pages"}],"about":[{"href":"https:\/\/ambtokyo.esteri.it\/it\/wp-json\/wp\/v2\/types\/page"}],"author":[{"embeddable":true,"href":"https:\/\/ambtokyo.esteri.it\/it\/wp-json\/wp\/v2\/users\/1"}],"replies":[{"embeddable":true,"href":"https:\/\/ambtokyo.esteri.it\/it\/wp-json\/wp\/v2\/comments?post=1959"}],"version-history":[{"count":0,"href":"https:\/\/ambtokyo.esteri.it\/it\/wp-json\/wp\/v2\/pages\/1959\/revisions"}],"up":[{"embeddable":true,"href":"https:\/\/ambtokyo.esteri.it\/it\/wp-json\/wp\/v2\/pages\/272"}],"wp:attachment":[{"href":"https:\/\/ambtokyo.esteri.it\/it\/wp-json\/wp\/v2\/media?parent=1959"}],"curies":[{"name":"wp","href":"https:\/\/api.w.org\/{rel}","templated":true}]}}