{"id":1968,"date":"2022-10-14T18:38:05","date_gmt":"2022-10-14T16:38:05","guid":{"rendered":"https:\/\/ambtokyo.esteri.it\/?page_id=1968"},"modified":"2022-10-14T18:38:05","modified_gmt":"2022-10-14T16:38:05","slug":"intervento-dellambasciatore-ditalia-gianluigi-benedetti-in-occasione-della-consegna-dellonorificenza-di-commendatore-osi-agli-onorevoli-hanako-jimi-e-gaku-hashimoto-tokyo","status":"publish","type":"page","link":"https:\/\/ambtokyo.esteri.it\/it\/chi-siamo\/ambasciatore\/discorsi-dellambasciatore__trashed\/intervento-dellambasciatore-ditalia-gianluigi-benedetti-in-occasione-della-consegna-dellonorificenza-di-commendatore-osi-agli-onorevoli-hanako-jimi-e-gaku-hashimoto-tokyo\/","title":{"rendered":"Intervento dell\u2019Ambasciatore d\u2019Italia, Gianluigi Benedetti in occasione della consegna dell\u2019onorificenza di Commendatore OSI agli Onorevoli Hanako Jimi e Gaku Hashimoto Tokyo, 16 dicembre 2021"},"content":{"rendered":"<p>Gentili ospiti, cari amici,<\/p>\n<p>vi ringrazio di cuore per aver aderito al mio invito e per essere oggi testimoni della cerimonia con la quale ho l\u2019onore di consegnare agli Onorevoli Hanako Jimi e Gaku Hashimoto l\u2019alta onorificenza di Commendatore dell\u2019Ordine della Stella d\u2019Italia conferita dal Signor Presidente della Repubblica, Sergio Mattarella con la seguente motivazione:<\/p>\n<p>\u201cper l&#8217;efficace assistenza e collaborazione fornita alle Autorit\u00e0 italiane in occasione della delicata gestione del caso della Diamond Princess, nave da crociera trattenuta al porto di Yokohama, in regime di quarantena dal 4 febbraio al 1\u00b0 marzo 2020, con casi di COVID-19 a bordo. Entrambi hanno coordinato &#8211; recandosi personalmente e coraggiosamente a bordo della nave &#8211; gli sforzi delle Autorit\u00e0 giapponesi. L&#8217;operazione di evacuazione dei cittadini UE e Italiani dalla nave, coordinata dall&#8217;Ambasciata a Tokyo e dalle competenti autorit\u00e0 giapponesi in stretto raccordo con il comandante della nave Gennaro Arma, \u00e8 stata riconosciuta dal Ministero degli Esteri del Giappone come la pi\u00f9 efficace operazione gestita a Yokohama dalle rappresentanze diplomatiche straniere.\u201d<\/p>\n<p>Il positivo sviluppo della situazione a bordo della nave \u00e8 stato possibile grazie al clima di fiducia instaurato tra gli Onorevoli Jimi Hanako e Hashimoto Gaku, massime autorit\u00e0 giapponesi a bordo e il Capitano Gennaro Arma, che \u00e8 oggi collegato con noi e che saluto calorosamente ringraziandolo di nuovo per il suo senso del dovere e coraggio che hanno consentito di mantenere sotto controllo la situazione sulla nave.<\/p>\n<p>Oggi sono inoltre nostri ospiti molti di coloro che maggiormente sono stati coinvolti nella vicenda e che con il loro coraggio e impegno hanno gestito e risolto una situazione del tutto imprevista e di straordinaria complessit\u00e0. Ringrazio in particolare i colleghi del Ministero degli Esteri giapponese, a cominciare dall\u2019allora Direttrice Hokugo e i colleghi delle Ambasciate europee che maggiormente ci hanno sostenuto nelle operazioni di evacuazione dei cittadini italiani.<\/p>\n<p>Cari amici, l&#8217;Ordine della Stella d&#8217;Italia \u00e8 stato istituito con legge nel 2011 e rappresenta un particolare attestato in favore di coloro che all\u2019estero hanno acquisito particolari meriti nella promozione dei rapporti di collaborazione e dei legami con l&#8217;Italia.<\/p>\n<p>Onorevoli membri della Dieta, la Decorazione che mi onoro di consegnarvi ha un valore altamente simbolico: \u00e8 uno speciale riconoscimento della Repubblica Italiana per l\u2019amicizia dimostrata nei confronti dell\u2019Italia. Desidero pertanto esprimervi la nostra pi\u00f9 profonda gratitudine e l\u2019apprezzamento per quanto avete fatto, nonch\u00e9 le nostre pi\u00f9 sincere congratulazioni per questo importante e meritato riconoscimento.<\/p>\n","protected":false},"excerpt":{"rendered":"Gentili ospiti, cari amici, vi ringrazio di cuore per aver aderito al mio invito e per essere oggi testimoni della cerimonia con la quale ho l\u2019onore di consegnare agli Onorevoli Hanako Jimi e Gaku Hashimoto l\u2019alta onorificenza di Commendatore dell\u2019Ordine della Stella d\u2019Italia conferita dal Signor Presidente della Repubblica, Sergio Mattarella con la seguente motivazione: [&hellip;]","protected":false},"author":1,"featured_media":0,"parent":272,"menu_order":0,"comment_status":"closed","ping_status":"closed","template":"","meta":{"footnotes":""},"class_list":["post-1968","page","type-page","status-publish","hentry"],"_links":{"self":[{"href":"https:\/\/ambtokyo.esteri.it\/it\/wp-json\/wp\/v2\/pages\/1968","targetHints":{"allow":["GET"]}}],"collection":[{"href":"https:\/\/ambtokyo.esteri.it\/it\/wp-json\/wp\/v2\/pages"}],"about":[{"href":"https:\/\/ambtokyo.esteri.it\/it\/wp-json\/wp\/v2\/types\/page"}],"author":[{"embeddable":true,"href":"https:\/\/ambtokyo.esteri.it\/it\/wp-json\/wp\/v2\/users\/1"}],"replies":[{"embeddable":true,"href":"https:\/\/ambtokyo.esteri.it\/it\/wp-json\/wp\/v2\/comments?post=1968"}],"version-history":[{"count":0,"href":"https:\/\/ambtokyo.esteri.it\/it\/wp-json\/wp\/v2\/pages\/1968\/revisions"}],"up":[{"embeddable":true,"href":"https:\/\/ambtokyo.esteri.it\/it\/wp-json\/wp\/v2\/pages\/272"}],"wp:attachment":[{"href":"https:\/\/ambtokyo.esteri.it\/it\/wp-json\/wp\/v2\/media?parent=1968"}],"curies":[{"name":"wp","href":"https:\/\/api.w.org\/{rel}","templated":true}]}}