{"id":205,"date":"2022-08-29T02:53:22","date_gmt":"2022-08-29T00:53:22","guid":{"rendered":"https:\/\/ambtokyo.esteri.it\/?page_id=205"},"modified":"2022-08-29T05:26:36","modified_gmt":"2022-08-29T03:26:36","slug":"iscrizioni-universitarie","status":"publish","type":"page","link":"https:\/\/ambtokyo.esteri.it\/it\/italia-e-giappone\/cooperazione-culturale\/studiare-in-italia-e-in-giappone\/iscrizioni-universitarie\/","title":{"rendered":"Iscrizioni universitarie"},"content":{"rendered":"<div>\n<p>Se vuoi frequentare un corso di formazione superiore in Italia e non sei cittadino di un Paese dell\u2019Unione Europea dovrai:<\/p>\n<ul>\n<li>effettuare una preiscrizione secondo la procedura e le tempistiche che verranno pubblicate sul sito del Ministero Italiano dell&#8217;Universit\u00e0 e della Ricerca (MUR) e sulle sezioni dedicate del sito di questa Ambasciata;<\/li>\n<li>richiedere un visto di ingresso in Italia per soggiorni di lungo periodo.<\/li>\n<\/ul>\n<p>Qui di seguito trovi le indicazioni utili riassunte in quattro passi. Se sei residente nella circoscrizione consolare di Tokyo puoi chiedere l\u2019aiuto dell&#8217;Ambasciata altrimenti puoi rivolgerti al Consolato Generale a Osaka (<a href=\"https:\/\/ambtokyo.esteri.it\/chi-siamo\/la-rete-consolare\/\">verifica qui le circoscrizioni consolari<\/a>).<\/p>\n<p>&nbsp;<\/p>\n<p><strong>STEP 1 &#8211; Scelta dell&#8217;offerta formativa<\/strong><\/p>\n<ul>\n<li>Consulta l\u2019offerta formativa, ovvero tutte le informazioni su corsi, Universit\u00e0 e Atenei sul <a href=\"https:\/\/www.universitaly.it\/index.php\/registration\/firststep\">portale Universitaly<\/a>.\u00a0Una volta fatta la scelta, potrai effettuare la preiscrizione al corso che ti interessa.<\/li>\n<li>Dovrai accertare direttamente tu con l\u2019Universit\u00e0 prescelta se sia necessario ottenere prima dell\u2019iscrizione una lettera di idoneit\u00e0 all\u2019immatricolazione.<\/li>\n<\/ul>\n<p><strong>STEP 2 &#8211; Preiscrizione<\/strong><\/p>\n<ul>\n<li>Effettua la preiscrizione online sul portale Universitaly cliccando su &#8220;Domanda di preiscrizione &gt; Nuova domanda di preiscrizione&#8221;. Ricorda che potrai inviare solamente una domanda di preiscrizione per l\u2019anno accademico 2021\/2022, scegliendo quindi una sola universit\u00e0 e un solo corso di studi. Questa opzione sar\u00e0 attiva solamente a partire dalla data che verr\u00e0 comunicata dal MUR (<a href=\"https:\/\/www.studiare-in-italia.it\/studentistranieri\/\">controlla questa pagina<\/a>).<\/li>\n<li>Nella fase di compilazione della Domanda di preiscrizione dovrai caricare sul portale i seguenti documenti:\n<ul>\n<li>Copia del passaporto;<\/li>\n<li>\u9ad8\u7b49\u5b66\u6821\u5352\u696d\u8a3c\u660e\u66f8 KOUTOGAKKO SOTSUGYO SHOMEISHO (diploma di maturit\u00e0);<\/li>\n<li>\u6210\u7e3e\u8a3c\u660e\u66f8 SEISEKI SHOMEISHO con Apostilla e traduzione in italiano. <a href=\"https:\/\/ambtokyo.esteri.it\/servizi-consolari-e-visti\/traduttori-di-riferimento\/\">Consulta qui un elenco di traduttori di riferimento<\/a>;<\/li>\n<li>Dichiarazione di valore (se gi\u00e0 ottenuta in passato).<\/li>\n<\/ul>\n<\/li>\n<\/ul>\n<p><strong>Attenzione!<\/strong> Se \u00e8 la prima volta che fai la preiscrizione e non ha mai ottenuto una dichiarazione di valore, potrai richiederla a questo Consolato una volta completata la preiscrizione. Per richiederla manda una mail a <a href=\"mailto:consular.tokyo@esteri.it\">consular.tokyo@esteri.it<\/a>. Se hai completato il tuo percorso di studi superiori all\u2019estero in un paese diverso da Giappone e dall\u2019Italia, ricorda che dovrai richiedere la dichiarazione di valore al Consolato italiano competente per la circoscrizione del Paese nel quale hai studiato.<\/p>\n<p><strong>STEP 3 &#8211; Accerta le ulteriori condizioni di iscrizione (esami di ammissione e di lingua)<\/strong><\/p>\n<ul>\n<li>Se hai deciso di iscriverti ai corsi di medicina, veterinaria, professioni sanitarie e architettura, oltre alla preiscrizione, dovrai anche sostenere uno specifico esame di ammissione, il cui superamento \u00e8 condizione per l\u2019iscrizione definitiva al corso.<\/li>\n<li>Le informazioni sul calendario e sulle modalit\u00e0 di iscrizione agli esami di ammissione, nonch\u00e9 sul pagamento delle relative tasse, <a href=\"https:\/\/accessoprogrammato.miur.it\/2021\/index.html\">sono disponibili su questo sito web<\/a>.<\/li>\n<li>Per quanto riguarda i requisiti richiesti per l\u2019iscrizione a tutti gli altri corsi dovrai contattare direttamente l\u2019Universit\u00e0 di riferimento. \u00c8 di solito richiesto il superamento di un esame di lingua italiana.<\/li>\n<\/ul>\n<p><strong>STEP 4 &#8211; Richiedi il visto<\/strong><\/p>\n<ul>\n<li>Una volta allegati tutti i documenti richiesti, attendi la convalida della tua preiscrizione da parte dell\u2019Universit\u00e0 che hai prescelto sul portale Universitaly.<\/li>\n<li>Ottenuta la convalida, prenota un appuntamento con il Consolato per presentare la richiesta di visto mandando una mail a <a href=\"mailto:visa.tokyo@esteri.it\">visa.tokyo@esteri.it<\/a>.<\/li>\n<\/ul>\n<p><strong>Attenzione!<\/strong><\/p>\n<ul>\n<li>Ti ricordiamo che la richiesta di visto andr\u00e0 presentata almeno 15 giorni prima della tua partenza per l\u2019Italia. In previsione dell\u2019alto numero di domande nonch\u00e9 delle possibili restrizioni legate al futuro andamento dell\u2019epidemia da Covid-19, ti invitiamo a presentare la richiesta con congruo anticipo.<\/li>\n<li>Entro otto giorni dall\u2019arrivo in Italia dovrai richiedere un permesso di soggiorno presso la Questura competente. A tal fine, ti invitiamo a consultare il documento \u201cDiritti e doveri dello straniero relativi agli ingressi e soggiorni di lunga durata\u201d (<a href=\"https:\/\/vistoperitalia.esteri.it\/obblighipartegenerale\/it\/D\">consultalo qui<\/a>).<\/li>\n<\/ul>\n<\/div>\n","protected":false},"excerpt":{"rendered":"Se vuoi frequentare un corso di formazione superiore in Italia e non sei cittadino di un Paese dell\u2019Unione Europea dovrai: effettuare una preiscrizione secondo la procedura e le tempistiche che verranno pubblicate sul sito del Ministero Italiano dell&#8217;Universit\u00e0 e della Ricerca (MUR) e sulle sezioni dedicate del sito di questa Ambasciata; richiedere un visto di [&hellip;]","protected":false},"author":8,"featured_media":0,"parent":198,"menu_order":0,"comment_status":"closed","ping_status":"closed","template":"","meta":{"footnotes":""},"class_list":["post-205","page","type-page","status-publish","hentry"],"_links":{"self":[{"href":"https:\/\/ambtokyo.esteri.it\/it\/wp-json\/wp\/v2\/pages\/205","targetHints":{"allow":["GET"]}}],"collection":[{"href":"https:\/\/ambtokyo.esteri.it\/it\/wp-json\/wp\/v2\/pages"}],"about":[{"href":"https:\/\/ambtokyo.esteri.it\/it\/wp-json\/wp\/v2\/types\/page"}],"author":[{"embeddable":true,"href":"https:\/\/ambtokyo.esteri.it\/it\/wp-json\/wp\/v2\/users\/8"}],"replies":[{"embeddable":true,"href":"https:\/\/ambtokyo.esteri.it\/it\/wp-json\/wp\/v2\/comments?post=205"}],"version-history":[{"count":0,"href":"https:\/\/ambtokyo.esteri.it\/it\/wp-json\/wp\/v2\/pages\/205\/revisions"}],"up":[{"embeddable":true,"href":"https:\/\/ambtokyo.esteri.it\/it\/wp-json\/wp\/v2\/pages\/198"}],"wp:attachment":[{"href":"https:\/\/ambtokyo.esteri.it\/it\/wp-json\/wp\/v2\/media?parent=205"}],"curies":[{"name":"wp","href":"https:\/\/api.w.org\/{rel}","templated":true}]}}