{"id":2083,"date":"2022-10-21T11:20:12","date_gmt":"2022-10-21T09:20:12","guid":{"rendered":"https:\/\/ambtokyo.esteri.it\/?page_id=2083"},"modified":"2022-10-21T11:20:12","modified_gmt":"2022-10-21T09:20:12","slug":"intervento-dellambasciatore-ditalia-gianluigi-benedetti-in-occasione-del-ricevimento-per-la-mostra-su-pompei-tokyo-27-aprile-2022","status":"publish","type":"page","link":"https:\/\/ambtokyo.esteri.it\/it\/chi-siamo\/ambasciatore\/discorsi-dellambasciatore__trashed\/intervento-dellambasciatore-ditalia-gianluigi-benedetti-in-occasione-del-ricevimento-per-la-mostra-su-pompei-tokyo-27-aprile-2022\/","title":{"rendered":"Intervento dell\u2019Ambasciatore d\u2019Italia, Gianluigi Benedetti in occasione del ricevimento per la Mostra su Pompei (Tokyo, 27 aprile 2022)"},"content":{"rendered":"<p>Caro Professore Aoyagi, Caro Presidente Nakamura, Caro Direttore Zeniya, gentili ospiti,<\/p>\n<p>Sono molto lieto e onorato di ospitare oggi in Residenza tutti coloro che hanno contribuito a portare in Giappone le bellezze e i reperti storici originali della citt\u00e0 di Pompei.<\/p>\n<p>Vorrei ringraziare di cuore tutti voi che avete realizzato questa eccezionale mostra in tutto il Giappone, che dopo la prima trionfale tappa a Tokyo al Museo Nazionale, ha avuto lo scorso 21 aprile l\u2019inaugurazione a Kyoto e nella seconda parte dell\u2019anno sar\u00e0 a Sendai e Fukuoka.<\/p>\n<p>Il grande successo della mostra a Tokyo \u00e8 confermato dai numeri impressionanti: ben duecentomila visitatori per i circa 70 giorni di mostra con una media di 2900 persone al giorno. Inoltre circa la met\u00e0 dei visitatori non era residente a Tokyo, a testimonianza che la mostra \u00e8 stata un vero elemento di attrazione per chi proviene da altre Prefetture.<\/p>\n<p>Abbiamo potuto ammirare al Museo Nazionale la Casa del Fauno, il Citarista e il Poeta Tragico, una ricostruzione di eccellenza che ci ha permesso di rivivere le emozioni dei visitatori di Pompei qui in Giappone.<\/p>\n<p>Di questo il merito va senza dubbio a tutti gli attori coinvolti, il Tokyo National Museum, l\u2019Asahi Shinbun, il gruppo Sumitomo, Smile Company e NHK, ma permettetemi di ringraziare soprattutto Masanori Aoyagi e il suo team che ha curato l\u2019allestimento straordinario di questa mostra.<\/p>\n<p>Vorrei anche ringraziare i partner italiani dell\u2019iniziativa, che spero possano essere presenti in Giappone nella seconda parte dell\u2019anno, nell\u2019auspicio che le restrizioni ai viaggi a causa del COVID siano finalmente superate: il Museo Archeologico Nazionale di Napoli, il Museo Storico Archeologico di Nola, il Ministero dei Beni Culturali e la Fondazione Italia-Giappone.<\/p>\n<p>Sono infine veramente grato all\u2019Asahi Shinbun per il decisivo contributo che ha fornito per il restauro del Mosaico di Alessandro, che si completer\u00e0 entro il 2022 e riporter\u00e0 allo splendore originale un\u2019opera meravigliosa, finalmente fruibile per il pubblico in visita a Pompei da tutto il mondo. Colgo anche l\u2019occasione per ricordare la piu\u2019 che ventennale collaborazione dell\u2019Istituto di Cultura Italiano e dell\u2019Ambasciata con Asahi Shimbun per il Festival del Cinema Italiano di Tokyo che rappresenta la piu\u2019 importante vetrina del Cinema e dell\u2019Industria Cinematografica Italiana in Asia.<\/p>\n<p>L\u2019Italia e il Giappone sono due grandi \u201csuperpotenze culturali\u201d. E proprio in questo periodo di grande incertezza e instabilit\u00e0 a livello globale, la cultura e l\u2019arte assumono un ruolo fondamentale per continuare ad ispirare i popoli a progredire nel segno della pace e dello sviluppo civile. Per questo motivo i nostri Paesi hanno l\u2019importante compito di mettere al centro della propria agenda la cultura.<\/p>\n<p>Da quando sono Ambasciatore a Tokyo e in attesa di una piena ripresa degli scambi di visite, abbiamo anche noi voluto dare un piccolo contributo valorizzando al massimo le meravigliose opere d\u2019arte astratta italiana dei primi anni Sessanta permanentemente esposte nella Residenza: opere di Fontana, Burri, Perilli, Novelli, Turcato, Dorazio, Castellani, Santomaso e di Gio\u2019 e Arnaldo Pomodoro che vi invito ad ammirare questa sera.<\/p>\n<p>Abbiamo anche avviato una collaborazione con la Hosei University di Tokyo e il Fondo per l\u2019Ambiente Italiano per un approfondito studio storico e ambientale del giardino giapponese dell\u2019Ambasciata, risalente all\u2019epoca Tokugawa quando ospitava la residenza del daimyo Matsudaira ed \u00e8 stato teatro del sacrificio di 10 dei 47 Ronin di Ako. Il nostro obiettivo \u00e8 di renderlo ancora di pi\u00f9 un punto di contatto tra l\u2019Italia e il Giappone, recuperandone storia e caratteristiche architettoniche e aprendolo al pubblico.<\/p>\n<p>Abbiamo inoltre deciso di dare nuovo impulso alle relazioni con le principali istituzioni giapponesi nel campo dell\u2019arte, incontrando i direttori delle principali istituzioni museali e artistiche, attori importanti sulla scena culturale giapponese, grazie ai quali possiamo contare su un flusso continuo di iniziative e presenze artistiche italiane al massimo livello.<\/p>\n<p>La mostra su Pompei \u00e8 il primo grande evento che si svolge in Giappone dopo due anni di attivit\u00e0 ridotta, ma sono certo che sar\u00e0 il primo di una lunga serie. L\u2019Italia \u00e8 pronta a fare la sua parte, per fare conoscere sempre pi\u00f9 ai giapponesi il suo enorme patrimonio artistico e culturale.<\/p>\n<p>Con l\u2019auspicio che questa mostra continui lo straordinario successo di Tokyo in tutto il Giappone e che ci consenta di guardare al futuro con ottimismo e la voglia di realizzare nuove importanti iniziative, ringrazio nuovamente tutti i partecipanti e vi invito \u2013 se non avete ancora visto la mostra &#8211; ad andare al Kyoto City Museum per apprezzare le meraviglie di Pompei.<\/p>\n","protected":false},"excerpt":{"rendered":"Caro Professore Aoyagi, Caro Presidente Nakamura, Caro Direttore Zeniya, gentili ospiti, Sono molto lieto e onorato di ospitare oggi in Residenza tutti coloro che hanno contribuito a portare in Giappone le bellezze e i reperti storici originali della citt\u00e0 di Pompei. Vorrei ringraziare di cuore tutti voi che avete realizzato questa eccezionale mostra in tutto [&hellip;]","protected":false},"author":5,"featured_media":0,"parent":272,"menu_order":0,"comment_status":"closed","ping_status":"closed","template":"","meta":{"footnotes":""},"class_list":["post-2083","page","type-page","status-publish","hentry"],"_links":{"self":[{"href":"https:\/\/ambtokyo.esteri.it\/it\/wp-json\/wp\/v2\/pages\/2083","targetHints":{"allow":["GET"]}}],"collection":[{"href":"https:\/\/ambtokyo.esteri.it\/it\/wp-json\/wp\/v2\/pages"}],"about":[{"href":"https:\/\/ambtokyo.esteri.it\/it\/wp-json\/wp\/v2\/types\/page"}],"author":[{"embeddable":true,"href":"https:\/\/ambtokyo.esteri.it\/it\/wp-json\/wp\/v2\/users\/5"}],"replies":[{"embeddable":true,"href":"https:\/\/ambtokyo.esteri.it\/it\/wp-json\/wp\/v2\/comments?post=2083"}],"version-history":[{"count":0,"href":"https:\/\/ambtokyo.esteri.it\/it\/wp-json\/wp\/v2\/pages\/2083\/revisions"}],"up":[{"embeddable":true,"href":"https:\/\/ambtokyo.esteri.it\/it\/wp-json\/wp\/v2\/pages\/272"}],"wp:attachment":[{"href":"https:\/\/ambtokyo.esteri.it\/it\/wp-json\/wp\/v2\/media?parent=2083"}],"curies":[{"name":"wp","href":"https:\/\/api.w.org\/{rel}","templated":true}]}}