{"id":2476,"date":"2022-11-07T02:13:48","date_gmt":"2022-11-07T01:13:48","guid":{"rendered":"https:\/\/ambtokyo.esteri.it\/?page_id=2476"},"modified":"2022-12-14T02:18:45","modified_gmt":"2022-12-14T01:18:45","slug":"intervento-dellambasciatore-ditalia-gianluigi-benedetti-in-occasione-dellevento-per-celebrare-il-volo-inaugurale-roma-tokyo-di-ita-airways-tokyo-7-novembre-2022","status":"publish","type":"page","link":"https:\/\/ambtokyo.esteri.it\/it\/chi-siamo\/ambasciatore\/discorsi-dellambasciatore__trashed\/intervento-dellambasciatore-ditalia-gianluigi-benedetti-in-occasione-dellevento-per-celebrare-il-volo-inaugurale-roma-tokyo-di-ita-airways-tokyo-7-novembre-2022\/","title":{"rendered":"Intervento dell\u2019Ambasciatore d\u2019Italia, Gianluigi Benedetti in occasione dell\u2019evento per celebrare il volo inaugurale Roma-Tokyo di ITA Airways (Tokyo, 7 novembre 2022)"},"content":{"rendered":"<p>Gentile Dott.ssa Emiliana Limosani, <em>Chief Commercial Officer<\/em> di ITA Airways,<\/p>\n<p>Gentile Dott. Pierluigi Di Palma, Presidente dell\u2019Ente Nazionale per l\u2019Aviazione Civile (ENAC),<\/p>\n<p>Gentili ospiti, Signore e Signori,<\/p>\n<p>&nbsp;<\/p>\n<p>Buonasera e benvenuti in Residenza.<\/p>\n<p>&nbsp;<\/p>\n<p>Insieme a mia moglie Sabina e ai colleghi dell\u2019Ambasciata sono molto lieto di accogliervi in questa splendida serata autunnale, per celebrare insieme il graditissimo &#8211; e permettetemi di dirlo &#8211; tanto atteso ritorno del collegamento aereo diretto tra Roma e Tokyo.<\/p>\n<p>&nbsp;<\/p>\n<p>Dico \u201ctanto atteso\u201d perch\u00e9 negli ultimi mesi sono stati numerosissimi i connazionali e gli amici giapponesi che ci chiedevano e auspicavano la riapertura della tratta tra le nostre due Capitali\u2026oltre, ovviamente, a tutti noi dell\u2019Ambasciata!<\/p>\n<p>&nbsp;<\/p>\n<p>La lunga attesa \u00e8 finita e permettetemi di dire che il volo inaugurale di ieri di ITA Airways, apre un nuovo capitolo nella storia delle dinamiche relazioni tra Italia e Giappone.<\/p>\n<p>&nbsp;<\/p>\n<p>Si tratta, infatti, di un momento importante anzitutto per ITA Airways, che con i nuovissimi Airbus A350 riapre le rotte verso l\u2019Estremo Oriente e in particolare verso il Giappone, a conferma della straordinaria importanza che questa rotta di lungo raggio riveste per i piani industriali e commerciali della compagnia e per le relazioni politiche ed economiche tra i nostri Paesi.<\/p>\n<p>&nbsp;<\/p>\n<p>Ma \u00e8 certamente un momento altrettanto significativo per le nostre comunit\u00e0, perch\u00e9 questo volo &#8211; che presto diventera\u2019 giornaliero &#8211; ricongiunge fisicamente Italia e Giappone e soprattutto italiani e giapponesi, dopo due anni di interruzione.<\/p>\n<p>&nbsp;<\/p>\n<p>Ma la di l\u00e0 di questi aspetti, con il volo diretto ci avviamo verso una fase di piena ripresa dei flussi turistici d\u2019affari e potremo dare nuovo impulso alle nostre economie, in particolare al settore dei trasporti nazionali, a quello crocieristico e a quello alberghiero con la sua lunga filiera di indotto, tutti settori fondamentali per assicurare crescita e benessere nei nostri Paesi.<\/p>\n<p>&nbsp;<\/p>\n<p>Infine, ma non meno importante, grazie a ITA Airways, alla bellezza dei suoi aerei e alla qualit\u00e0 dei suoi servizi, potremo contare su un ulteriore strumento, potentissimo, per promuovere ancora di pi\u00f9 l\u2019Italia, lo stile italiano e il <em>Made in Italy<\/em> nel suo complesso con l\u2019obiettivo di realizzare un rafforzamento delle relazioni con il Giappone in tutti i settori.<\/p>\n<p><em>\u00a0<\/em><\/p>\n<p>Benvenuta ITA Airways! Omedeto Gozaimasu e mille auguri di successo in Giappone e nel mondo!<\/p>\n","protected":false},"excerpt":{"rendered":"Gentile Dott.ssa Emiliana Limosani, Chief Commercial Officer di ITA Airways, Gentile Dott. Pierluigi Di Palma, Presidente dell\u2019Ente Nazionale per l\u2019Aviazione Civile (ENAC), Gentili ospiti, Signore e Signori, &nbsp; Buonasera e benvenuti in Residenza. &nbsp; Insieme a mia moglie Sabina e ai colleghi dell\u2019Ambasciata sono molto lieto di accogliervi in questa splendida serata autunnale, per celebrare [&hellip;]","protected":false},"author":6,"featured_media":0,"parent":272,"menu_order":0,"comment_status":"closed","ping_status":"closed","template":"","meta":{"footnotes":""},"class_list":["post-2476","page","type-page","status-publish","hentry"],"_links":{"self":[{"href":"https:\/\/ambtokyo.esteri.it\/it\/wp-json\/wp\/v2\/pages\/2476","targetHints":{"allow":["GET"]}}],"collection":[{"href":"https:\/\/ambtokyo.esteri.it\/it\/wp-json\/wp\/v2\/pages"}],"about":[{"href":"https:\/\/ambtokyo.esteri.it\/it\/wp-json\/wp\/v2\/types\/page"}],"author":[{"embeddable":true,"href":"https:\/\/ambtokyo.esteri.it\/it\/wp-json\/wp\/v2\/users\/6"}],"replies":[{"embeddable":true,"href":"https:\/\/ambtokyo.esteri.it\/it\/wp-json\/wp\/v2\/comments?post=2476"}],"version-history":[{"count":0,"href":"https:\/\/ambtokyo.esteri.it\/it\/wp-json\/wp\/v2\/pages\/2476\/revisions"}],"up":[{"embeddable":true,"href":"https:\/\/ambtokyo.esteri.it\/it\/wp-json\/wp\/v2\/pages\/272"}],"wp:attachment":[{"href":"https:\/\/ambtokyo.esteri.it\/it\/wp-json\/wp\/v2\/media?parent=2476"}],"curies":[{"name":"wp","href":"https:\/\/api.w.org\/{rel}","templated":true}]}}