{"id":259,"date":"2022-08-29T03:48:06","date_gmt":"2022-08-29T01:48:06","guid":{"rendered":"https:\/\/ambtokyo.esteri.it\/?page_id=259"},"modified":"2022-10-18T10:16:38","modified_gmt":"2022-10-18T08:16:38","slug":"cultura-e-lingua-italiana","status":"publish","type":"page","link":"https:\/\/ambtokyo.esteri.it\/it\/italia-e-giappone\/cooperazione-culturale\/cultura-e-lingua-italiana\/","title":{"rendered":"Cultura e lingua italiana"},"content":{"rendered":"<p><img loading=\"lazy\" decoding=\"async\" class=\"aligncenter\" src=\"https:\/\/ambtokyo.esteri.it\/wp-content\/uploads\/2022\/08\/dante_michelino_duomo_2.jpg\" alt=\"\" width=\"454\" height=\"341\" \/><\/p>\n<p style=\"text-align: justify;\">L\u2019Italia \u00e8 un attore mondiale di primaria importanza nel settore culturale e la diplomazia culturale italiana fiancheggia da sempre la diplomazia in senso stretto.<\/p>\n<p style=\"text-align: justify;\">La promozione dell\u2019immenso patrimonio culturale italiano in Giappone \u00e8 affidata, oltre che all&#8217;Ambasciata, agli Istituti Italiani di Cultura di Tokyo e Osaka che realizzano ogni anno decine di iniziative ed eventi per offrire la cultura italiana al pubblico giapponese. Questa ricca offerta culturale ha mantenuto, nel corso degli anni, livelli qualitativi particolarmente elevati ed ha posto il nostro Paese &#8211; cos\u00ec amato e ammirato dal popolo giapponese &#8211; al centro dell\u2019attenzione del sistema mediatico. La funzione promozionale che la nostra cultura pu\u00f2 assicurare ad altri settori, quali l\u2019economia e il turismo e, pi\u00f9 in generale, per l\u2019immagine del nostro Paese, \u00e8 emersa con grande evidenza. La cultura pu\u00f2 essere il volano di importanti eventi promozionali, frutto della collaborazione delle istituzioni italiane e giapponesi.<\/p>\n<p style=\"text-align: justify;\">Nell\u2019ambito della promozione culturale, la promozione della lingua italiana riveste un ruolo prioritario perch\u00e9 la conoscenza dell\u2019italiano \u00e8 la chiave per entrare in contatto con la nostra cultura in senso ampio e per meglio comprendere le dinamiche del \u201cVivere all\u2019italiana\u201d. Oltre due milioni di stranieri scelgono di studiare la nostra lingua per avvicinarsi al nostro ricchissimo patrimonio culturale artistico e creativo.<\/p>\n<p style=\"text-align: justify;\">&#8220;Italiana&#8221; \u00e8 il portale per la promozione della lingua, della cultura e della creativit\u00e0 italiana nel mondo. Un contenitore unico dove trovano spazio: musica, letteratura, poesia, cinema, teatro, arti visive, web art, ma anche architettura, design, storia, archeologia, enogastronomia. Un portale per lo sviluppo del settore culturale e creativo italiano che non ha mai smesso di immaginare, produrre e far sognare e che punta all\u2019innovazione e alla crescita anche sul piano internazionale.<\/p>\n<p style=\"text-align: justify;\">&#8220;Italiana&#8221; non \u00e8 un punto di arrivo ma di partenza: \u00e8 l&#8217;inizio di un percorso che vedr\u00e0 la Farnesina e la sua rete estera accompagnare la cultura e la creativit\u00e0 italiane nei prossimi anni, proponendo al pubblico internazionale nuove modalit\u00e0 di fruizione dove alla componente in presenza sar\u00e0 sempre associata una parte digitale, capace di raggiungere nuovi spettatori e nuovi territori.<\/p>\n<p>Per approfondimenti<\/p>\n<p>&gt; <a href=\"http:\/\/www.iictokyo.esteri.it\/\">Istituto Italiano di Cultura di Tokyo<\/a><\/p>\n<p>&gt; <a href=\"http:\/\/www.iicosaka.esteri.it\/\">Istituto Italiano di Cultura di Osaka<\/a><\/p>\n<p>&gt; <a href=\"https:\/\/italiana.esteri.it\/italiana\/\">Italiana<\/a><\/p>\n<p>&gt; <a href=\"https:\/\/ideasitaly.com\/\">Ideas<\/a><\/p>\n","protected":false},"excerpt":{"rendered":"L\u2019Italia \u00e8 un attore mondiale di primaria importanza nel settore culturale e la diplomazia culturale italiana fiancheggia da sempre la diplomazia in senso stretto. La promozione dell\u2019immenso patrimonio culturale italiano in Giappone \u00e8 affidata, oltre che all&#8217;Ambasciata, agli Istituti Italiani di Cultura di Tokyo e Osaka che realizzano ogni anno decine di iniziative ed eventi [&hellip;]","protected":false},"author":8,"featured_media":0,"parent":196,"menu_order":0,"comment_status":"closed","ping_status":"closed","template":"","meta":{"footnotes":""},"class_list":["post-259","page","type-page","status-publish","hentry"],"_links":{"self":[{"href":"https:\/\/ambtokyo.esteri.it\/it\/wp-json\/wp\/v2\/pages\/259","targetHints":{"allow":["GET"]}}],"collection":[{"href":"https:\/\/ambtokyo.esteri.it\/it\/wp-json\/wp\/v2\/pages"}],"about":[{"href":"https:\/\/ambtokyo.esteri.it\/it\/wp-json\/wp\/v2\/types\/page"}],"author":[{"embeddable":true,"href":"https:\/\/ambtokyo.esteri.it\/it\/wp-json\/wp\/v2\/users\/8"}],"replies":[{"embeddable":true,"href":"https:\/\/ambtokyo.esteri.it\/it\/wp-json\/wp\/v2\/comments?post=259"}],"version-history":[{"count":0,"href":"https:\/\/ambtokyo.esteri.it\/it\/wp-json\/wp\/v2\/pages\/259\/revisions"}],"up":[{"embeddable":true,"href":"https:\/\/ambtokyo.esteri.it\/it\/wp-json\/wp\/v2\/pages\/196"}],"wp:attachment":[{"href":"https:\/\/ambtokyo.esteri.it\/it\/wp-json\/wp\/v2\/media?parent=259"}],"curies":[{"name":"wp","href":"https:\/\/api.w.org\/{rel}","templated":true}]}}