{"id":2716,"date":"2023-02-13T03:11:15","date_gmt":"2023-02-13T02:11:15","guid":{"rendered":"https:\/\/ambtokyo.esteri.it\/?page_id=2716"},"modified":"2023-11-13T01:15:27","modified_gmt":"2023-11-13T00:15:27","slug":"intervento-dellambasciatore-ditalia-gianluigi-benedetti-in-occasione-delle-premiazioni-accademia-della-cucina","status":"publish","type":"page","link":"https:\/\/ambtokyo.esteri.it\/it\/chi-siamo\/ambasciatore\/discorsi-dellambasciatore__trashed\/intervento-dellambasciatore-ditalia-gianluigi-benedetti-in-occasione-delle-premiazioni-accademia-della-cucina\/","title":{"rendered":"Intervento dell\u2019Ambasciatore d\u2019Italia, Gianluigi Benedetti in occasione delle Premiazioni Accademia della Cucina"},"content":{"rendered":"<p>Cara Emanuela, cari amici e graditissimi ospiti<\/p>\n<p>Buonasera e buon anno a tutti! Mia moglie Sabina e io siamo molto lieti di avervi qui questa sera e di iniziare il 2023 nel migliore dei modi, con un evento dedicato agli amici della Accademia Italiana della Cucina!<\/p>\n<p>Permettetemi anzitutto di esprimere un sincero ringraziamento ad Emanuela, che tutti noi conosciamo e apprezziamo, per lo straordinario lavoro che ormai da tempo, insieme all\u2019Ambasciata, conduce in Giappone non solo per coordinare le numerose attivit\u00e0 ed iniziative dell\u2019Accademia, ma anche, e direi soprattutto, per promuovere e valorizzare in questo Paese &#8211; attraverso l\u2019Accademia &#8211; l\u2019autentica cucina italiana, le nostre eccellenze eno-gastronomiche, le tradizioni della nostra terra e, in definitiva, i nostri valori.<\/p>\n<p>Ci tengo sempre molto a sottolineare, in particolare, l\u2019aspetto \u201cvaloriale\u201d della cucina italiana e dello stare insieme a tavola, che sia in famiglia o tra amici. Parlare di valori significa parlare di persone che, con le loro storie diverse e le loro esperienze, condividono e a loro volta si fanno portatori del nostro stile di vita, di quel \u201cvivere all\u2019italiana\u201d che \u00e8 apprezzato in qualunque parte del mondo.<\/p>\n<p>Ma parlare di valori e di persone vuol dire anche essere consapevoli e fieri del nostro bagaglio culturale e delle nostre radici, vuol dire saper riconoscere &#8211; come seppero fare negli anni \u201850 Orio Vergani e tutti gli altri fondatori dell\u2019Accademia &#8211; l\u2019incredibile ricchezza della nostra alimentazione e dei nostri territori come massima espressione di quel \u201cpatrimonio culturale immateriale\u201d da valorizzare, proteggere e promuovere.<\/p>\n<p>In questo spirito, questa sera con l\u2019Accademia premiamo tre rappresentanti della cucina italiana in Giappone, che con la loro originalit\u00e0 e creativit\u00e0 hanno saputo esaltare i valori di italianit\u00e0 e alimentare quella straordinaria passione per la tradizione gastronomica del nostro Paese che fu dei fondatori dell\u2019Accademia Italiana della Cucina.<\/p>\n<p>Ringrazio dunque l\u2019Accademia per la straordinaria opera di divulgazione e diffusione del gusto e dell\u2019arte culinaria italiana in questo Paese e passo la parola ad Emanuela per la presentazione dei premi e dei vincitori.<\/p>\n","protected":false},"excerpt":{"rendered":"Cara Emanuela, cari amici e graditissimi ospiti Buonasera e buon anno a tutti! Mia moglie Sabina e io siamo molto lieti di avervi qui questa sera e di iniziare il 2023 nel migliore dei modi, con un evento dedicato agli amici della Accademia Italiana della Cucina! Permettetemi anzitutto di esprimere un sincero ringraziamento ad Emanuela, [&hellip;]","protected":false},"author":8,"featured_media":0,"parent":272,"menu_order":0,"comment_status":"closed","ping_status":"closed","template":"","meta":{"footnotes":""},"class_list":["post-2716","page","type-page","status-publish","hentry"],"_links":{"self":[{"href":"https:\/\/ambtokyo.esteri.it\/it\/wp-json\/wp\/v2\/pages\/2716","targetHints":{"allow":["GET"]}}],"collection":[{"href":"https:\/\/ambtokyo.esteri.it\/it\/wp-json\/wp\/v2\/pages"}],"about":[{"href":"https:\/\/ambtokyo.esteri.it\/it\/wp-json\/wp\/v2\/types\/page"}],"author":[{"embeddable":true,"href":"https:\/\/ambtokyo.esteri.it\/it\/wp-json\/wp\/v2\/users\/8"}],"replies":[{"embeddable":true,"href":"https:\/\/ambtokyo.esteri.it\/it\/wp-json\/wp\/v2\/comments?post=2716"}],"version-history":[{"count":1,"href":"https:\/\/ambtokyo.esteri.it\/it\/wp-json\/wp\/v2\/pages\/2716\/revisions"}],"predecessor-version":[{"id":3371,"href":"https:\/\/ambtokyo.esteri.it\/it\/wp-json\/wp\/v2\/pages\/2716\/revisions\/3371"}],"up":[{"embeddable":true,"href":"https:\/\/ambtokyo.esteri.it\/it\/wp-json\/wp\/v2\/pages\/272"}],"wp:attachment":[{"href":"https:\/\/ambtokyo.esteri.it\/it\/wp-json\/wp\/v2\/media?parent=2716"}],"curies":[{"name":"wp","href":"https:\/\/api.w.org\/{rel}","templated":true}]}}