{"id":2729,"date":"2023-02-13T03:45:08","date_gmt":"2023-02-13T02:45:08","guid":{"rendered":"https:\/\/ambtokyo.esteri.it\/?page_id=2729"},"modified":"2023-11-13T01:17:00","modified_gmt":"2023-11-13T00:17:00","slug":"intervento-dellambasciatore-ditalia-gianluigi-benedetti-in-occasione-dei-50-anni-di-istituzione-della-facolta-di-lingua-italiana-presso-la-universita-di-kyoto-sangyo","status":"publish","type":"page","link":"https:\/\/ambtokyo.esteri.it\/it\/chi-siamo\/ambasciatore\/discorsi-dellambasciatore__trashed\/intervento-dellambasciatore-ditalia-gianluigi-benedetti-in-occasione-dei-50-anni-di-istituzione-della-facolta-di-lingua-italiana-presso-la-universita-di-kyoto-sangyo\/","title":{"rendered":"Intervento dell\u2019Ambasciatore d\u2019Italia, Gianluigi Benedetti in occasione dei 50 anni di istituzione della facolt\u00e0 di lingua italiana  presso la Universit\u00e0 di Kyoto Sangyo"},"content":{"rendered":"<p>Magnifico Rettore, Egregi professori, Cari studenti,<\/p>\n<p>\u00c8 per me un grande piacere festeggiare oggi con voi il cinquantesimo anniversario dell\u2019istituzione della facolt\u00e0 di lingua italiana nella vostra prestigiosa universit\u00e0.<\/p>\n<p>Desidero congratularmi di cuore con la Kyoto Sangyo per aver compreso con lungimiranza il potenziale della lingua italiana: non solo per la nostra storica letteratura, ma anche come strumento per capire l\u2019Italia di oggi, un Paese moderno che ogni giorno si relaziona con il Giappone mettendo in campo le sue migliori energie nei settori pi\u00f9 diversi.<\/p>\n<p>Kyoto Sangyo \u00e8 stata la prima universit\u00e0 privata che ha istituito la facolt\u00e0 di lingua italiana e attraverso il suo costante lavoro negli anni ha contribuito moltissimo allo scambio culturale italo-giapponese, formando giovani studenti come voi che con gli anni sono diventati degli eccellenti professionisti, come per esempio la Signora Erika Uenami che sta interpretando questo discorso e che lavora da molti anni all\u2019Ambasciata d\u2019Italia.<\/p>\n<p>La testimonianza di pi\u00f9 di mille laureati di questa facolt\u00e0 deve incoraggiarvi a impegnarvi in esperienze all\u2019estero e negli scambi interculturali con altri studenti italiani.<\/p>\n<p>Questa ricorrenza \u00e8 per me un\u2019occasione speciale per riscoprire insieme a voi la bellezza e l\u2019utilit\u00e0 dell\u2019italiano. Nel mondo sono oltre due milioni gli stranieri che studiano l&#8217;italiano: un dato che attesta un vivo interesse per la nostra lingua, che \u00e8 la porta di accesso alla cultura classica italiana, ma anche a quella contemporanea. A un\u2019Italia che oggi, dopo il forte colpo della pandemia, torna a investire sul futuro, sulla digitalizzazione, su un nuovo modo di avvicinare la cultura a un pubblico sempre pi\u00f9 vasto. La lingua italiana di oggi riflette le trasformazioni della societ\u00e0 ed \u00e8 il veicolo principale con cui l\u2019Italia si racconta al mondo e alimenta il suo ruolo di superpotenza culturale.<\/p>\n<p>Ci\u00f2 che riscontriamo negli oltre 400.000 studenti dei corsi nelle scuole italiane all&#8217;estero e negli istituti italiani di cultura \u2013 che qui in Giappone hanno sede a Tokyo e a Osaka &#8211; \u00e8 proprio l&#8217;idea che la lingua italiana \u00e8 il primo passo per accedere a un patrimonio culturale e valoriale che il mondo ha imparato a conoscere e a considerare universale. Un patrimonio che identifica l&#8217;Italia come il Paese della cultura, della storia, della cucina e della moda, delle cose fatte bene, unendo l\u2019innovazione alla tradizione.<\/p>\n<p>Ed ecco quindi le ragioni per imparare l&#8217;italiano: sicuramente per conoscere la lingua di Dante e di Petrarca, di Verdi e di Puccini, ma anche per l\u2019italiano di oggi, quello di Mahmood, dei Maneskin, di Paolo Sorrentino e di Elena Ferrante. Ed \u00e8 proprio grazie a tutte queste voci che l&#8217;italiano \u00e8 la lingua di un Paese che \u00e8 forte del proprio passato straordinario, ma che \u00e8 vivo, giovane e creativo nel presente.<\/p>\n<p>Con l&#8217;auspicio di poter contare sulla collaborazione della vostra universit\u00e0 per approfondire gli scambi culturali italo-giapponesi e su voi stessi per creare nuovi legami con gli studenti italiani, vi auguro il massimo successo per il futuro.<\/p>\n","protected":false},"excerpt":{"rendered":"Magnifico Rettore, Egregi professori, Cari studenti, \u00c8 per me un grande piacere festeggiare oggi con voi il cinquantesimo anniversario dell\u2019istituzione della facolt\u00e0 di lingua italiana nella vostra prestigiosa universit\u00e0. Desidero congratularmi di cuore con la Kyoto Sangyo per aver compreso con lungimiranza il potenziale della lingua italiana: non solo per la nostra storica letteratura, ma [&hellip;]","protected":false},"author":8,"featured_media":0,"parent":272,"menu_order":0,"comment_status":"closed","ping_status":"closed","template":"","meta":{"footnotes":""},"class_list":["post-2729","page","type-page","status-publish","hentry"],"_links":{"self":[{"href":"https:\/\/ambtokyo.esteri.it\/it\/wp-json\/wp\/v2\/pages\/2729","targetHints":{"allow":["GET"]}}],"collection":[{"href":"https:\/\/ambtokyo.esteri.it\/it\/wp-json\/wp\/v2\/pages"}],"about":[{"href":"https:\/\/ambtokyo.esteri.it\/it\/wp-json\/wp\/v2\/types\/page"}],"author":[{"embeddable":true,"href":"https:\/\/ambtokyo.esteri.it\/it\/wp-json\/wp\/v2\/users\/8"}],"replies":[{"embeddable":true,"href":"https:\/\/ambtokyo.esteri.it\/it\/wp-json\/wp\/v2\/comments?post=2729"}],"version-history":[{"count":1,"href":"https:\/\/ambtokyo.esteri.it\/it\/wp-json\/wp\/v2\/pages\/2729\/revisions"}],"predecessor-version":[{"id":3378,"href":"https:\/\/ambtokyo.esteri.it\/it\/wp-json\/wp\/v2\/pages\/2729\/revisions\/3378"}],"up":[{"embeddable":true,"href":"https:\/\/ambtokyo.esteri.it\/it\/wp-json\/wp\/v2\/pages\/272"}],"wp:attachment":[{"href":"https:\/\/ambtokyo.esteri.it\/it\/wp-json\/wp\/v2\/media?parent=2729"}],"curies":[{"name":"wp","href":"https:\/\/api.w.org\/{rel}","templated":true}]}}