{"id":2762,"date":"2023-02-15T01:44:47","date_gmt":"2023-02-15T00:44:47","guid":{"rendered":"https:\/\/ambtokyo.esteri.it\/?page_id=2762"},"modified":"2023-11-13T01:17:42","modified_gmt":"2023-11-13T00:17:42","slug":"intervento-dellambasciatore-ditalia-gianluigi-benedetti-in-occasione-della-conferenza-stampa-dellevento-mimosa-day-tokyo-14-febbraio-2023","status":"publish","type":"page","link":"https:\/\/ambtokyo.esteri.it\/it\/chi-siamo\/ambasciatore\/discorsi-dellambasciatore__trashed\/intervento-dellambasciatore-ditalia-gianluigi-benedetti-in-occasione-della-conferenza-stampa-dellevento-mimosa-day-tokyo-14-febbraio-2023\/","title":{"rendered":"Intervento dell\u2019Ambasciatore d\u2019Italia, Gianluigi Benedetti, in occasione della conferenza stampa dell\u2019evento \u201cMimosa Day\u201d (Tokyo, 14 febbraio 2023)"},"content":{"rendered":"<p>Buongiorno e benvenuti a tutti all\u2019Ambasciata d\u2019Italia!<\/p>\n<p>Sono molto lieto di ospitare oggi, qui in Ambasciata, questa conferenza stampa di presentazione della terza edizione del \u201c<em>Mimosa Day<\/em>\u201d che, in Italia come in Giappone, celebreremo insieme per omaggiare e onorare tutte le donne italiane e giapponesi, ma direi di tutto il mondo.<\/p>\n<p>Il gesto di donare una mimosa alle donne nella giornata dell\u20198 marzo, diventato vero e proprio rito nel nostro Paese, risale addirittura al 1946. Negli anni, questa bellissima tradizione all\u2019insegna di un fiore lucente e rigoglioso che sboccia all\u2019inizio della primavera \u00e8 diventato un simbolo di amore e rispetto verso le donne, evolvendosi fino a rappresentare la necessit\u00e0 di una maggiore rappresentativit\u00e0 del genere femminile nelle societ\u00e0 moderne.<\/p>\n<p>Le donne sono \u2013 e consentitemi di dirlo \u2013 sono sempre state il fulcro della societ\u00e0. Sono il pilastro delle famiglie, sono le pi\u00f9 grandi educatrici dei nostri figli e si affermano sempre pi\u00f9 come manager e personalit\u00e0 di successo nelle nostre societ\u00e0.<\/p>\n<p>Urge per\u00f2, ne siamo tutti consapevoli, uno sforzo in pi\u00f9 in termini di eguaglianza sociale e, come dicevo, di maggiore rappresentativit\u00e0 dell\u2019universo femminile in particolare nel mondo del lavoro.<\/p>\n<p>Secondo le Nazioni Unite, le disparit\u00e0 di genere costituiscono uno dei maggiori ostacoli allo sviluppo sostenibile, alla crescita economica e alla lotta contro la povert\u00e0. Non \u00e8 un caso che l\u2019uguaglianza di genere sia uno degli Obiettivi di Sviluppo Sostenibili che 193 Paesi, tra cui l\u2019Italia ed il Giappone, si sono impegnati a raggiungere entro il 2030.<\/p>\n<p>L\u2019Italia ha in particolare, nel corso degli ultimi anni, avviato un percorso per ridurre, attraverso leggi e provvedimenti normativi, il divario di genere e assicurare la piena partecipazione femminile al mondo del lavoro, alla vita politica e pi\u00f9 in generale alla societ\u00e0. Costante \u00e8 l\u2019attenzione a garantire che il ruolo della donna si affermi sempre pi\u00f9 come una risorsa imprescindibile per le nostre societ\u00e0 del presente e del futuro.<\/p>\n<p>L\u2019iniziativa della Camera di Commercio Italiana in Giappone si inserisce proprio in questo solco e sono molto contento &#8211; lo dico da marito e da padre di due figlie, oltre che da Ambasciatore d\u2019Italia in Giappone \u2013 che quest\u2019anno l\u2019evento principale del \u201c<em>Mimosa Day<\/em>\u201d si svolga in Ambasciata.<\/p>\n<p>Si tratta di una tavola rotonda che vedr\u00e0 la partecipazione di donne dalle grandi capacit\u00e0 di leadership, con straordinarie esperienze di vita e professionali. Dall\u2019Ambasciata partir\u00e0 inoltre la cosiddetta \u201c<em>Yellow Walk<\/em>\u201d, una passeggiata al femminile, una camminata simbolica che raggiunger\u00e0 la <em>Tokyo Tower<\/em> e alla quale vi invito ad aderire. Sar\u00e0 un bellissimo momento di aggregazione sociale per riaffermare e riconoscere pubblicamente il valore delle donne.<\/p>\n<p>Voglio infine ricordare che tante altre sono le iniziative che, nell\u2019ambito del \u201cMimosa Day\u201d 2023, la ICCJ ha organizzato quest\u2019anno, alcune delle quali anche all\u2019insegna del connubio tra la valorizzazione della donna e le eccellenze del <em>Made in Italy<\/em>.<\/p>\n<p>Concludo dunque ringraziando la Camera per questa bella iniziativa e voglio sottolineare il pieno sostegno dell\u2019Ambasciata e di tutto il Sistema Italia in Giappone a questo importante appuntamento.<\/p>\n<p>Con l\u2019auspicio che giunga presto il giorno in cui, come detto dalla pioniera del femminismo giapponese HIRATSUKA Raich\u014d, \u201c<em>la donna torni a essere quello che era in origine, e cio\u00e8 il sole, non una luna destinata a brillare solo di luce riflessa<\/em>\u201d, lascio la parola al Dott. Davide Fantoni.<\/p>\n<p>Grazie, viva le donne e arrivederci all\u20198 marzo!<\/p>\n","protected":false},"excerpt":{"rendered":"Buongiorno e benvenuti a tutti all\u2019Ambasciata d\u2019Italia! Sono molto lieto di ospitare oggi, qui in Ambasciata, questa conferenza stampa di presentazione della terza edizione del \u201cMimosa Day\u201d che, in Italia come in Giappone, celebreremo insieme per omaggiare e onorare tutte le donne italiane e giapponesi, ma direi di tutto il mondo. Il gesto di donare [&hellip;]","protected":false},"author":8,"featured_media":0,"parent":272,"menu_order":0,"comment_status":"closed","ping_status":"closed","template":"","meta":{"footnotes":""},"class_list":["post-2762","page","type-page","status-publish","hentry"],"_links":{"self":[{"href":"https:\/\/ambtokyo.esteri.it\/it\/wp-json\/wp\/v2\/pages\/2762","targetHints":{"allow":["GET"]}}],"collection":[{"href":"https:\/\/ambtokyo.esteri.it\/it\/wp-json\/wp\/v2\/pages"}],"about":[{"href":"https:\/\/ambtokyo.esteri.it\/it\/wp-json\/wp\/v2\/types\/page"}],"author":[{"embeddable":true,"href":"https:\/\/ambtokyo.esteri.it\/it\/wp-json\/wp\/v2\/users\/8"}],"replies":[{"embeddable":true,"href":"https:\/\/ambtokyo.esteri.it\/it\/wp-json\/wp\/v2\/comments?post=2762"}],"version-history":[{"count":1,"href":"https:\/\/ambtokyo.esteri.it\/it\/wp-json\/wp\/v2\/pages\/2762\/revisions"}],"predecessor-version":[{"id":3383,"href":"https:\/\/ambtokyo.esteri.it\/it\/wp-json\/wp\/v2\/pages\/2762\/revisions\/3383"}],"up":[{"embeddable":true,"href":"https:\/\/ambtokyo.esteri.it\/it\/wp-json\/wp\/v2\/pages\/272"}],"wp:attachment":[{"href":"https:\/\/ambtokyo.esteri.it\/it\/wp-json\/wp\/v2\/media?parent=2762"}],"curies":[{"name":"wp","href":"https:\/\/api.w.org\/{rel}","templated":true}]}}