{"id":2823,"date":"2023-02-24T02:29:18","date_gmt":"2023-02-24T01:29:18","guid":{"rendered":"https:\/\/ambtokyo.esteri.it\/?page_id=2823"},"modified":"2023-11-13T01:18:20","modified_gmt":"2023-11-13T00:18:20","slug":"15mo-anniversario-di-danieli-japan-tokyo-22-febbraio-2023","status":"publish","type":"page","link":"https:\/\/ambtokyo.esteri.it\/it\/chi-siamo\/ambasciatore\/discorsi-dellambasciatore__trashed\/15mo-anniversario-di-danieli-japan-tokyo-22-febbraio-2023\/","title":{"rendered":"15mo anniversario di Danieli Japan (Tokyo, 22 febbraio 2023)"},"content":{"rendered":"<p>Gentile Dott. Antonello MORDEGLIA, membro del Consiglio di Amministrazione Danieli, Gentile Dott. Naoki IZUMI, Amministratore Delegato Danieli <em>Engineering Japan<\/em>, Signore e signori,<\/p>\n<p>buonasera e benvenuti nella splendida e storica cornice della Residenza dell\u2019Ambasciatore d\u2019Italia a Tokyo! Mia moglie Sabina ed io siamo molto lieti di ospitare questo evento celebrativo dei primi 15 anni della <em>Danieli Japan<\/em>.<\/p>\n<p>15 anni potrebbero sembrare un tempo relativamente breve per una azienda nata oltre un secolo fa, ma in realt\u00e0 rappresentano un traguardo molto importante in Giappone, un Paese geograficamente molto distante dal territorio della provincia di Udine.<\/p>\n<p>Sono anni che testimoniano una presenza stabile e di successo grazie alla quale Danieli ha instaurato e consolidato rapporti di collaborazione commerciale strategici con numerose aziende e gruppi industriali giapponesi.<\/p>\n<p>Ad essere premiata, a livello globale, \u00e8 la capacit\u00e0 di continua innovazione di Danieli. Attraverso <em>partnership<\/em> in tutto il mondo, dall\u2019Europa all\u2019America e al Nord Africa, fino all\u2019Asia e al Giappone, il colosso friulano si \u00e8 dimostrato sempre pi\u00f9 capace di fornire prodotti tecnologicamente avanzati e di rispondere con grande qualit\u00e0 e abilit\u00e0 creativa alle richieste dei diversi mercati nei quali opera.<\/p>\n<p>Lo stesso motto dell\u2019azienda &#8211; <em>Innov-Action to be a step ahead in CapEx and OpEx \u2013<\/em> mette in evidenza come l\u2019innovazione \u00e8 ed \u00e8 sempre stata una colonna portante della <em>vision<\/em> del gruppo siderurgico italiano, sin dal principio della straordinaria avventura industriale dei fondatori Mario e Luigi Danieli. Questo approccio acquista oggi ancora pi\u00f9 importanza, alla luce degli obiettivi di decarbonizzazione e di sviluppo sostenibile per il nostro Pianeta, da raggiungere entro il 2030.<\/p>\n<p>Sapete meglio di me che l\u2019intera piattaforma energetica mondiale vive un momento di profonda trasformazione, una \u201crivoluzione epocale\u201d, per usare le stesse parole di Antonello Mordeglia, che ringrazio per aver contribuito a realizzare questo evento.<\/p>\n<p>Il settore siderurgico in particolare, di cui Danieli \u00e8 un leader mondiale e attore globale, \u00e8 uno di quelli che pi\u00f9 impattano in termini di emissioni globali di CO2 (circa l\u20198%, secondo i dati della <em>Word Steel Association<\/em>) e per questo c\u2019\u00e8 bisogno di un grande slancio industriale a livello globale per la ricerca e lo sviluppo di nuove tecnologie innovative nel settore dell\u2019acciaio.<\/p>\n<p>Credo fortemente che questo nuovo stimolo, o se preferite questo nuovo percorso internazionale all\u2019insegna delle tecnologie del futuro, possa partire dalle collaborazioni industriali di ricerca e scientifiche tra Italia e Giappone, due Paesi fortemente proiettati verso l\u2019innovazione e straordinariamente attenti ai temi della sostenibilit\u00e0 e della salvaguardia del pianeta.<\/p>\n<p>Tengo in particolare a sottolineare come Danieli, che ha gi\u00e0 dimostrato di saper stare al passo con le nuove sfide e abbracciato in pieno quella che \u00e8 stata definita la \u201cquarta rivoluzione industriale\u201d, rappresenti per le aziende giapponesi un partner privilegiato, sul quale continuare ad investire nel prossimo futuro.<\/p>\n<p>Concludo dunque con un duplice auspicio: quello di rafforzare le occasioni di cooperazione tra le aziende italiane e quelle giapponesi anzitutto in Giappone e da qui verso nuovi mercati; e di lavorare insieme per cogliere le nuove opportunit\u00e0 commerciali, industriali e scientifiche in un momento particolarmente propizio per le relazioni tra i nostri due Paesi.<\/p>\n<p>Ringrazio ancora molto ciascuno di voi per la vostra presenza in questa occasione e esprimo i miei migliori auguri a Danieli e a tutta l\u2019industria italiana per un continuo successo in Giappone e nel mondo.<\/p>\n","protected":false},"excerpt":{"rendered":"Gentile Dott. Antonello MORDEGLIA, membro del Consiglio di Amministrazione Danieli, Gentile Dott. Naoki IZUMI, Amministratore Delegato Danieli Engineering Japan, Signore e signori, buonasera e benvenuti nella splendida e storica cornice della Residenza dell\u2019Ambasciatore d\u2019Italia a Tokyo! Mia moglie Sabina ed io siamo molto lieti di ospitare questo evento celebrativo dei primi 15 anni della Danieli [&hellip;]","protected":false},"author":8,"featured_media":0,"parent":272,"menu_order":0,"comment_status":"closed","ping_status":"closed","template":"","meta":{"footnotes":""},"class_list":["post-2823","page","type-page","status-publish","hentry"],"_links":{"self":[{"href":"https:\/\/ambtokyo.esteri.it\/it\/wp-json\/wp\/v2\/pages\/2823","targetHints":{"allow":["GET"]}}],"collection":[{"href":"https:\/\/ambtokyo.esteri.it\/it\/wp-json\/wp\/v2\/pages"}],"about":[{"href":"https:\/\/ambtokyo.esteri.it\/it\/wp-json\/wp\/v2\/types\/page"}],"author":[{"embeddable":true,"href":"https:\/\/ambtokyo.esteri.it\/it\/wp-json\/wp\/v2\/users\/8"}],"replies":[{"embeddable":true,"href":"https:\/\/ambtokyo.esteri.it\/it\/wp-json\/wp\/v2\/comments?post=2823"}],"version-history":[{"count":1,"href":"https:\/\/ambtokyo.esteri.it\/it\/wp-json\/wp\/v2\/pages\/2823\/revisions"}],"predecessor-version":[{"id":3388,"href":"https:\/\/ambtokyo.esteri.it\/it\/wp-json\/wp\/v2\/pages\/2823\/revisions\/3388"}],"up":[{"embeddable":true,"href":"https:\/\/ambtokyo.esteri.it\/it\/wp-json\/wp\/v2\/pages\/272"}],"wp:attachment":[{"href":"https:\/\/ambtokyo.esteri.it\/it\/wp-json\/wp\/v2\/media?parent=2823"}],"curies":[{"name":"wp","href":"https:\/\/api.w.org\/{rel}","templated":true}]}}