{"id":2902,"date":"2023-03-07T02:29:21","date_gmt":"2023-03-07T01:29:21","guid":{"rendered":"https:\/\/ambtokyo.esteri.it\/?page_id=2902"},"modified":"2023-11-13T01:19:08","modified_gmt":"2023-11-13T00:19:08","slug":"intervento-dellambasciatore-ditalia-gianluigi-benedetti-in-occasione-dellevento-zegna-friends-reception-tokyo-6-marzo-2023","status":"publish","type":"page","link":"https:\/\/ambtokyo.esteri.it\/it\/chi-siamo\/ambasciatore\/discorsi-dellambasciatore__trashed\/intervento-dellambasciatore-ditalia-gianluigi-benedetti-in-occasione-dellevento-zegna-friends-reception-tokyo-6-marzo-2023\/","title":{"rendered":"Intervento dell\u2019Ambasciatore d\u2019Italia, Gianluigi Benedetti in occasione dell\u2019evento Zegna Friends Reception   Tokyo, 6 marzo 2023"},"content":{"rendered":"<p>Benvenuto a Vittorio Proietti, <em>Zegna Brand Ambassador<\/em>, e a tutti gli illustri ospiti ed amici del brand Ermenegildo Zegna.<\/p>\n<p>Mia moglie Sabina e io siamo lieti di ospitarvi questa sera per celebrare un <em>brand<\/em> che, grazie ad una straordinaria artigianalit\u00e0 e a una costante capacit\u00e0 di rinnovamento, \u00e8 massima espressione del <em>Made in Italy<\/em>.<\/p>\n<p>Oggi, a 123 anni dalla fondazione del \u201cLanificio\u201d ad opera di Ermenegildo Zegna nell\u2019Oasi naturale di Trivero, possiamo affermare che il Gruppo ha conquistato il mondo con il suo stile, la sua originalit\u00e0 e la capacit\u00e0 di coniugare gusto e innovazione.<\/p>\n<p>Zegna \u00e8 anche un marchio all\u2019avanguardia nel settore della sostenibilit\u00e0 ecologica e questa sera sono orgoglioso di poter dire che la Residenza rende nuovamente omaggio alla natura, sia grazie a questi bellissimi fiori color vigogna (l\u2019iconica tinta di Zegna), sia grazie al suo giardino storico a tutela del quale abbiamo avviato, insieme al FAI e anche con il sostegno di Zegna, un progetto di riqualificazione per riportarlo alla sua bellezza paesaggistica delle origini.<\/p>\n<p>Il nostro progetto si inserisce nel solco dell\u2019evoluzione dell\u2019\u201cOasi Zegna\u201d che prevede la piantumazione di 10 mila alberi in ogni citt\u00e0 dove il marchio aprir\u00e0 una nuova boutique, un nuovo progetto che, all\u2019insegna del motto #UseTheExisting, proietta il brand verso un futuro orientato al rispetto dell\u2019ambiente e delle giovani generazioni.<\/p>\n<p>Concludo esprimendo un grande augurio di successo per i vostri prossimi traguardi, nell\u2019auspicio che il vostro esempio virtuoso possa affermarsi come modello globale per preservare l\u2019armonia e la bellezza della nostra amata Terra.<\/p>\n","protected":false},"excerpt":{"rendered":"Benvenuto a Vittorio Proietti, Zegna Brand Ambassador, e a tutti gli illustri ospiti ed amici del brand Ermenegildo Zegna. Mia moglie Sabina e io siamo lieti di ospitarvi questa sera per celebrare un brand che, grazie ad una straordinaria artigianalit\u00e0 e a una costante capacit\u00e0 di rinnovamento, \u00e8 massima espressione del Made in Italy. Oggi, [&hellip;]","protected":false},"author":8,"featured_media":0,"parent":272,"menu_order":0,"comment_status":"closed","ping_status":"closed","template":"","meta":{"footnotes":""},"class_list":["post-2902","page","type-page","status-publish","hentry"],"_links":{"self":[{"href":"https:\/\/ambtokyo.esteri.it\/it\/wp-json\/wp\/v2\/pages\/2902","targetHints":{"allow":["GET"]}}],"collection":[{"href":"https:\/\/ambtokyo.esteri.it\/it\/wp-json\/wp\/v2\/pages"}],"about":[{"href":"https:\/\/ambtokyo.esteri.it\/it\/wp-json\/wp\/v2\/types\/page"}],"author":[{"embeddable":true,"href":"https:\/\/ambtokyo.esteri.it\/it\/wp-json\/wp\/v2\/users\/8"}],"replies":[{"embeddable":true,"href":"https:\/\/ambtokyo.esteri.it\/it\/wp-json\/wp\/v2\/comments?post=2902"}],"version-history":[{"count":1,"href":"https:\/\/ambtokyo.esteri.it\/it\/wp-json\/wp\/v2\/pages\/2902\/revisions"}],"predecessor-version":[{"id":3393,"href":"https:\/\/ambtokyo.esteri.it\/it\/wp-json\/wp\/v2\/pages\/2902\/revisions\/3393"}],"up":[{"embeddable":true,"href":"https:\/\/ambtokyo.esteri.it\/it\/wp-json\/wp\/v2\/pages\/272"}],"wp:attachment":[{"href":"https:\/\/ambtokyo.esteri.it\/it\/wp-json\/wp\/v2\/media?parent=2902"}],"curies":[{"name":"wp","href":"https:\/\/api.w.org\/{rel}","templated":true}]}}