{"id":2919,"date":"2023-03-09T00:48:14","date_gmt":"2023-03-08T23:48:14","guid":{"rendered":"https:\/\/ambtokyo.esteri.it\/?page_id=2919"},"modified":"2023-03-09T00:48:14","modified_gmt":"2023-03-08T23:48:14","slug":"intervento-dellambasciatore-ditalia-gianluigi-benedetti-in-occasione-dellevento-mimosa-day-tokyo-8-marzo-2023","status":"publish","type":"page","link":"https:\/\/ambtokyo.esteri.it\/it\/chi-siamo\/ambasciatore\/discorsi-dellambasciatore__trashed\/intervento-dellambasciatore-ditalia-gianluigi-benedetti-in-occasione-dellevento-mimosa-day-tokyo-8-marzo-2023\/","title":{"rendered":"Intervento dell\u2019Ambasciatore d\u2019Italia, Gianluigi Benedetti, in occasione dell\u2019evento \u201cMimosa Day\u201d (Tokyo, 8 marzo 2023)"},"content":{"rendered":"<p>Gentile Dott. Rosario Pedicini, Presidente della Camera di Commercio Italiana in Giappone, Gentile Dott. Davide FANTONI, Segretario Generale della Camera di Commercio, Gentile Dott. Hiromitsu MIYAMOTO, Country Manager of Enel X Japan, Gentile Dott.ssa Mina MASAYA, Senior Director della Fuji Television, Gentile Dott.ssa Marta MARMIROLI, General Manager della Mitsubishi Electric, Gentile Dott. Toshimi KASAI, Head of People and Organisation APAC di ENEL X, Signore e Signori,<\/p>\n<p>&nbsp;<\/p>\n<p>Buon pomeriggio e buon 8 marzo a tutte le donne presenti! Mia moglie Sabina ed io siamo molto lieti di accogliere oggi, in questa splendida giornata di marzo ormai prossima all\u2019arrivo della primavera, la terza edizione del \u201c<em>Mimosa Day<\/em>\u201d organizzato dalla Camera di Commercio Italiana in Giappone.<\/p>\n<p>&nbsp;<\/p>\n<p>Questa iniziativa della ICCJ, realizzata in collaborazione con l\u2019Ambasciata d\u2019Italia e numerosi partner italiani e giapponesi, intende omaggiare e onorare le nostre donne, nella ricorrenza dell\u2019<em>International Women\u2019s Day<\/em>.<\/p>\n<p>&nbsp;<\/p>\n<p>Dal 1977, anno in cui l\u2019Organizzazione delle Nazioni Unite istitu\u00ec ufficialmente la Giornata Internazionale della Donna, ci ritroviamo insieme nella convinzione che le donne sono e saranno sempre di pi\u00f9 il fulcro della societ\u00e0 presente e di quelle future.<\/p>\n<p>&nbsp;<\/p>\n<p>In Italia, il gesto di donare una mimosa alle donne nel giorno dell\u20198 marzo, diventato vero e proprio rito nel nostro Paese, risale addirittura al 1946 e negli anni, questo bellissimo fiore lucente e rigoglioso \u00e8 diventato un simbolo di amore e rispetto verso le donne.<\/p>\n<p>&nbsp;<\/p>\n<p>Come gi\u00e0 dicevo nel corso della conferenza stampa di presentazione del \u201c<em>Mimosa Da<\/em>y\u201d, lo scorso 14 febbraio, \u00e8 assolutamente necessario uno sforzo in pi\u00f9 per assicurare una maggiore eguaglianza sociale e una pi\u00f9 decisa rappresentativit\u00e0 dell\u2019universo femminile in particolare nel mondo del lavoro.<\/p>\n<p>Secondo le Nazioni Unite, le disparit\u00e0 di genere costituiscono uno dei maggiori ostacoli allo sviluppo sostenibile, alla crescita economica e alla lotta contro la povert\u00e0 e non \u00e8 quindi un caso che l\u2019uguaglianza di genere sia uno degli Obiettivi di Sviluppo Sostenibili che 193 Paesi, tra cui l\u2019Italia e il Giappone, si sono impegnati a raggiungere entro il 2030.<\/p>\n<p>&nbsp;<\/p>\n<p>La sfida per l\u2019uguaglianza di genere vale anche per l\u2019Italia nonostante nel corso degli ultimi anni, il nostro Paese abbia avviato un percorso per ridurre, attraverso leggi e provvedimenti normativi <em>ad hoc<\/em>, il divario di genere ed assicurare la piena partecipazione femminile al mondo del lavoro, alla vita politica e pi\u00f9 in generale alla societ\u00e0.<\/p>\n<p>&nbsp;<\/p>\n<p>L\u2019attenzione a garantire che il ruolo della donna si affermi sempre pi\u00f9 come una risorsa imprescindibile per l\u2019evoluzione delle nostre societ\u00e0 deve dunque diventare il faro che ci guida a livello internazionale per una pi\u00f9 completa affermazione dei diritti civili.<\/p>\n<p>&nbsp;<\/p>\n<p>Ringrazio, dunque, la Camera e gli sponsor, tra cui il Consorzio del Prosecco DOC, per le iniziative di oggi a cui l\u2019Ambasciata e tutto il Sistema Italia in Giappone si sono associate in maniera convinta ed invito tutti voi ad unirvi alla <em>Yellow Walk<\/em> che partir\u00e0 proprio dall\u2019Ambasciata dopo il rinfresco che abbiamo preparato, anche con una grande torta Mimosa.<\/p>\n<p>&nbsp;<\/p>\n<p>Concludo citando ITO Noe, una delle pi\u00f9 influenti scrittrici ed attiviste giapponesi del secolo scorso, che diceva rivolgendosi alle donne: \u201csoffiate come il vento e scompigliate come la tempesta\u201d.<\/p>\n<p>&nbsp;<\/p>\n<p>Buona giornata internazionale della donna!<\/p>\n","protected":false},"excerpt":{"rendered":"Gentile Dott. Rosario Pedicini, Presidente della Camera di Commercio Italiana in Giappone, Gentile Dott. Davide FANTONI, Segretario Generale della Camera di Commercio, Gentile Dott. Hiromitsu MIYAMOTO, Country Manager of Enel X Japan, Gentile Dott.ssa Mina MASAYA, Senior Director della Fuji Television, Gentile Dott.ssa Marta MARMIROLI, General Manager della Mitsubishi Electric, Gentile Dott. Toshimi KASAI, Head [&hellip;]","protected":false},"author":6,"featured_media":0,"parent":272,"menu_order":0,"comment_status":"closed","ping_status":"closed","template":"","meta":{"footnotes":""},"class_list":["post-2919","page","type-page","status-publish","hentry"],"_links":{"self":[{"href":"https:\/\/ambtokyo.esteri.it\/it\/wp-json\/wp\/v2\/pages\/2919","targetHints":{"allow":["GET"]}}],"collection":[{"href":"https:\/\/ambtokyo.esteri.it\/it\/wp-json\/wp\/v2\/pages"}],"about":[{"href":"https:\/\/ambtokyo.esteri.it\/it\/wp-json\/wp\/v2\/types\/page"}],"author":[{"embeddable":true,"href":"https:\/\/ambtokyo.esteri.it\/it\/wp-json\/wp\/v2\/users\/6"}],"replies":[{"embeddable":true,"href":"https:\/\/ambtokyo.esteri.it\/it\/wp-json\/wp\/v2\/comments?post=2919"}],"version-history":[{"count":0,"href":"https:\/\/ambtokyo.esteri.it\/it\/wp-json\/wp\/v2\/pages\/2919\/revisions"}],"up":[{"embeddable":true,"href":"https:\/\/ambtokyo.esteri.it\/it\/wp-json\/wp\/v2\/pages\/272"}],"wp:attachment":[{"href":"https:\/\/ambtokyo.esteri.it\/it\/wp-json\/wp\/v2\/media?parent=2919"}],"curies":[{"name":"wp","href":"https:\/\/api.w.org\/{rel}","templated":true}]}}