{"id":3015,"date":"2023-03-28T02:11:47","date_gmt":"2023-03-28T00:11:47","guid":{"rendered":"https:\/\/ambtokyo.esteri.it\/?page_id=3015"},"modified":"2023-03-28T02:11:47","modified_gmt":"2023-03-28T00:11:47","slug":"intervento-dellambasciatore-ditalia-gianluigi-benedetti-in-occasione-dellevento-deka-tokyo-27-marzo-2023","status":"publish","type":"page","link":"https:\/\/ambtokyo.esteri.it\/it\/chi-siamo\/ambasciatore\/discorsi-dellambasciatore__trashed\/intervento-dellambasciatore-ditalia-gianluigi-benedetti-in-occasione-dellevento-deka-tokyo-27-marzo-2023\/","title":{"rendered":"Intervento dell\u2019Ambasciatore d\u2019Italia, Gianluigi Benedetti, in occasione dell\u2019evento DEKA (Tokyo, 27 marzo 2023)"},"content":{"rendered":"<p>Dott. Giustino GALLO, Direttore Scientifico di \u201cDEKA M.e.l.a.\u201d,<\/p>\n<p>Dott.ssa Mariko YUKI, Presidente di \u201cDEKA JAPAN Co.\u201d,<\/p>\n<p>Onorevole Satoshi OIE, Membro della Camera dei Consiglieri,<\/p>\n<p>Dott. Masaaki Miyakawa, Direttore esecutivo della \u201cJapan Medical Association\u201d,<\/p>\n<p>Dott. Yasuo HAYASHI, Presidente di \u201cDKSH Market Expansion Services Japan\u201d,<\/p>\n<p>Signore e signori,<\/p>\n<p>&nbsp;<\/p>\n<p>&nbsp;<\/p>\n<p>Sono molto lieto di darvi il benvenuto nella splendida cornice della Residenza dell\u2019Ambasciatore d\u2019Italia a Tokyo per celebrare <em>DEKA<\/em> <em>Japan<\/em> e il suo successo in questo Paese.<\/p>\n<p>&nbsp;<\/p>\n<p>L\u2019azienda, fondata nel 2009, ha gradualmente consolidato la propria posizione su questo mercato, guadagnandosi la fiducia di molti tra i migliori medici e chirurghi del Paese, come dimostra la presenza, qui stasera, di oltre 150 insigni professionisti e rappresentanti del settore.<\/p>\n<p>&nbsp;<\/p>\n<p>Qualit\u00e0, innovazione ed eccellenza tecnologica collocano <em>DEKA<\/em> e i suoi sistemi laser in una posizione unica e distinta nel panorama mondiale. Attraverso un portafoglio di clienti internazionali e una rete di distribuzione globale, il marchio contribuisce a portare l\u2019altissima qualit\u00e0, la modernit\u00e0 e l\u2019affidabilit\u00e0 del <em>Made Italy<\/em> in oltre 80 Paesi, compreso il Giappone, il cui eccellente settore medico sa apprezzare e sfruttare a pieno le avanzate tecnologie offerte dall\u2019azienda fiorentina.<\/p>\n<p>&nbsp;<\/p>\n<p>Questa importante presenza globale dell\u2019azienda \u00e8 il frutto dell\u2019ineguagliabile know-how che <em>DEKA<\/em> ha l\u2019opportunit\u00e0 di sviluppare all\u2019interno dell\u2019ambiente multidisciplinare e innovativo del Gruppo \u201c<em>El.En<\/em>\u201d, attivo sin dal 1981 nei settori dei laser per la medicina, per l\u2019industria e per i restauri conservativi.<\/p>\n<p>&nbsp;<\/p>\n<p>Dalla condivisione delle conoscenze provenienti da questi tre diversi settori, nascono idee e grandi progetti che alimentano costantemente la ricerca e lo sviluppo di nuove tecnologie, capaci di migliorare il lavoro dei medici, il benessere dei pazienti, ma anche restaurare opere d\u2019arte. E permettetemi, stasera, di spostare la vostra attenzione proprio verso l\u2019arte e quanto anch\u2019essa necessiti di essere curata e preservata.<\/p>\n<p>&nbsp;<\/p>\n<p>Se vi guardate intorno, i locali in cui ci troviamo ospitano capolavori unici dell\u2019Arte Contemporanea italiana, alcuni provenienti direttamente da Roma, dalla \u201cCollezione Farnesina\u201d: quadri e tele che riassumono in s\u00e9 stesse ci\u00f2 che il Novecento \u00e8 stato per l\u2019Italia. Uscendo poi dai confini dell\u2019ambasciata, Tokyo e tutte le altre splendide citt\u00e0 del Giappone custodiscono inestimabili tesori artistici. Per proteggere queste e molte altre opere d\u2019arte, \u00e8 necessario un continuo sforzo di conservazione, possibile solo grazie ad un saldo rapporto tra il restauro e la scienza.<\/p>\n<p>&nbsp;<\/p>\n<p>I due fondatori di \u201c<em>El.En<\/em>\u201d, il Professor Masotti e il suo allievo, l\u2019Ing. Clementi, hanno fatto di questa idea una strategia vincente, che ha rivoluzionato le tecniche di conservazione, a partire dal recupero straordinario della Porta del Paradiso del Battistero di Firenze. Ringrazio, dunque, \u201c<em>El.En<\/em>\u201d per il prezioso contributo che, da oltre trent\u2019anni, offre allo sforzo di curare non solo essere umani, ma anche il patrimonio artistico mondiale.<\/p>\n<p>&nbsp;<\/p>\n<p>Concludo con l\u2019auspicio che il \u201craggio di luce\u201d di <em>DEKA<\/em> possa sempre di pi\u00f9 brillare in Giappone dove non solo il settore medico \u00e8 all\u2019avanguardia, ma inestimabili capolavori, antichi e moderni, arricchiscono citt\u00e0 e templi.<\/p>\n<p>&nbsp;<\/p>\n","protected":false},"excerpt":{"rendered":"Dott. Giustino GALLO, Direttore Scientifico di \u201cDEKA M.e.l.a.\u201d, Dott.ssa Mariko YUKI, Presidente di \u201cDEKA JAPAN Co.\u201d, Onorevole Satoshi OIE, Membro della Camera dei Consiglieri, Dott. Masaaki Miyakawa, Direttore esecutivo della \u201cJapan Medical Association\u201d, Dott. Yasuo HAYASHI, Presidente di \u201cDKSH Market Expansion Services Japan\u201d, Signore e signori, &nbsp; &nbsp; Sono molto lieto di darvi il benvenuto [&hellip;]","protected":false},"author":6,"featured_media":0,"parent":272,"menu_order":0,"comment_status":"closed","ping_status":"closed","template":"","meta":{"footnotes":""},"class_list":["post-3015","page","type-page","status-publish","hentry"],"_links":{"self":[{"href":"https:\/\/ambtokyo.esteri.it\/it\/wp-json\/wp\/v2\/pages\/3015","targetHints":{"allow":["GET"]}}],"collection":[{"href":"https:\/\/ambtokyo.esteri.it\/it\/wp-json\/wp\/v2\/pages"}],"about":[{"href":"https:\/\/ambtokyo.esteri.it\/it\/wp-json\/wp\/v2\/types\/page"}],"author":[{"embeddable":true,"href":"https:\/\/ambtokyo.esteri.it\/it\/wp-json\/wp\/v2\/users\/6"}],"replies":[{"embeddable":true,"href":"https:\/\/ambtokyo.esteri.it\/it\/wp-json\/wp\/v2\/comments?post=3015"}],"version-history":[{"count":0,"href":"https:\/\/ambtokyo.esteri.it\/it\/wp-json\/wp\/v2\/pages\/3015\/revisions"}],"up":[{"embeddable":true,"href":"https:\/\/ambtokyo.esteri.it\/it\/wp-json\/wp\/v2\/pages\/272"}],"wp:attachment":[{"href":"https:\/\/ambtokyo.esteri.it\/it\/wp-json\/wp\/v2\/media?parent=3015"}],"curies":[{"name":"wp","href":"https:\/\/api.w.org\/{rel}","templated":true}]}}