{"id":3034,"date":"2023-03-31T02:05:18","date_gmt":"2023-03-31T00:05:18","guid":{"rendered":"https:\/\/ambtokyo.esteri.it\/?page_id=3034"},"modified":"2023-03-31T02:05:18","modified_gmt":"2023-03-31T00:05:18","slug":"intervento-dellambasciatore-ditalia-gianluigi-benedetti-in-occasione-dellevento-alcantara-tokyo-29-marzo-2023","status":"publish","type":"page","link":"https:\/\/ambtokyo.esteri.it\/it\/chi-siamo\/ambasciatore\/discorsi-dellambasciatore__trashed\/intervento-dellambasciatore-ditalia-gianluigi-benedetti-in-occasione-dellevento-alcantara-tokyo-29-marzo-2023\/","title":{"rendered":"Intervento dell\u2019Ambasciatore d\u2019Italia, Gianluigi Benedetti, in occasione dell\u2019evento Alcantara (Tokyo, 29 marzo 2023)"},"content":{"rendered":"<p>Dott. Andrea BORAGNO, CEO e Chairman di Alcantara,<\/p>\n<p>Amb. Umberto VATTANI, Presidente della Fondazione Italia-Giappone,<\/p>\n<p>Dott. Hiromichi OCHIAI, Designer di \u201cFACETASM\u201d,<\/p>\n<p>Dott.ssa Fumie TANAKA, Designer di \u201cFUMIE=TANAKA\u201d,<\/p>\n<p>Gentili ospiti,<\/p>\n<p>&nbsp;<\/p>\n<p>Mia moglie Sabina e io siamo lieti di darvi il benvenuto nella splendida cornice della Residenza dell\u2019Ambasciatore d\u2019Italia a Tokyo per celebrare la Speciale Collaborazione dell\u2019azienda italiana \u201c<em>Alcantara<\/em>\u201d con due marchi <em>leader<\/em> della moda giapponese: \u201c<em>Facetasm<\/em>\u201d e \u201c<em>Fumie<\/em>=<em>Tanaka<\/em>\u201d.<\/p>\n<p>&nbsp;<\/p>\n<p>Questa sera, i materiali Alcantara\u00ae rinascono sotto forma di sofisticati pezzi sartoriali, interpretando gli abiti avanguardistici della moda giapponese e dialogando con i capolavori artistici contemporanei della Residenza e della \u201cCollezione Farnesina\u201d che sono eccezionalmente in mostra qui e all\u2019Istituto Italiano di Cultura a Tokyo grazie all\u2019iniziativa dell\u2019Ambasciatore Umberto Vattani che ringrazio per essere qui con noi. In mezzo a queste opere meravigliose prende vita una sintesi unica ed esclusiva delle sfilate delle \u201c<em>Fashion Week\u201d<\/em> 2023 di Parigi e Tokyo, dove Alcantara ha reso possibile una combinazione impareggiabile di prestazioni tecniche, sensoriali ed estetiche.<\/p>\n<p>&nbsp;<\/p>\n<p>Ma la moda \u00e8 solo una delle\u00a0innumerevoli variabili creative e applicative di questo brand multiforme, capace di tramutarsi a seconda delle esigenze, offendo un prodotto \u201c<em>Tailor-made<\/em>\u201d esclusivo. Da oltre quattro decenni infatti, dallo stabilimento produttivo di Nera Montoro, sulle colline umbre, \u201c<em>Alcantara<\/em>\u201d scrive una storia di continua creativit\u00e0 e innovazione, capace di portare il \u201c<em>Made in Italy<\/em>\u201d in tutto il mondo, fino in Giappone con cui l\u2019azienda ha un fortissimo legame.<\/p>\n<p>&nbsp;<\/p>\n<p>Il successo di Alcantara \u00e8 certamente legato alla passione e alla creativit\u00e0 italiana, ma \u00e8 anche il risultato di tecnologia e innovazione. Attraverso il proprio Centro di Ricerca e Sviluppo, infatti, l\u2019azienda esplora continuamente nuovi processi produttivi e campi di applicazione dei materiali, all\u2019insegna della sostenibilit\u00e0, un obiettivo per il quale \u201c<em>Alcantara<\/em>\u201d \u00e8 stata premiata nel 2009, come prima azienda italiana certificata per <em>Carbon Neutrality<\/em>.<\/p>\n<p>&nbsp;<\/p>\n<p>Grazie a questa capacit\u00e0 di proiettarsi verso il futuro e grazie alla sua estrema versatilit\u00e0, il marchio \u00e8 oggi partner dei principali brand del lusso. Dagli interni di auto e yacht, fino alle passerelle delle pi\u00f9 importanti case di moda, coniuga il fascino intramontabile del gusto italiano e la funzionalit\u00e0 contemporanea, conquistando i mercati esteri, con una quota di export che oggi rappresenta il 90% del fatturato. Sono convinto che una parte sempre maggiore di questo export possa trovare spazio in Giappone, dove la qualit\u00e0 e lo stile del \u201c<em>Made in Italy<\/em>\u201d sono in particolar modo ricercati e apprezzati.<\/p>\n<p>&nbsp;<\/p>\n<p>Concludo augurando il miglior successo ad \u201c<em>Alcantara<\/em>\u201d, \u201c<em>Facetasm<\/em>\u201d e \u201c<em>Fumie<\/em>=<em>Tanaka<\/em>\u201d, nella speranza che questa collaborazione possa ispirare nuove partnership tra Italia e Giappone, capaci anch\u2019esse di essere, come Alcantara, \u201c<em>Extraordinary<\/em> <em>Every<\/em> <em>Day<\/em>\u201d.<\/p>\n","protected":false},"excerpt":{"rendered":"Dott. Andrea BORAGNO, CEO e Chairman di Alcantara, Amb. Umberto VATTANI, Presidente della Fondazione Italia-Giappone, Dott. Hiromichi OCHIAI, Designer di \u201cFACETASM\u201d, Dott.ssa Fumie TANAKA, Designer di \u201cFUMIE=TANAKA\u201d, Gentili ospiti, &nbsp; Mia moglie Sabina e io siamo lieti di darvi il benvenuto nella splendida cornice della Residenza dell\u2019Ambasciatore d\u2019Italia a Tokyo per celebrare la Speciale Collaborazione [&hellip;]","protected":false},"author":6,"featured_media":0,"parent":272,"menu_order":0,"comment_status":"closed","ping_status":"closed","template":"","meta":{"footnotes":""},"class_list":["post-3034","page","type-page","status-publish","hentry"],"_links":{"self":[{"href":"https:\/\/ambtokyo.esteri.it\/it\/wp-json\/wp\/v2\/pages\/3034","targetHints":{"allow":["GET"]}}],"collection":[{"href":"https:\/\/ambtokyo.esteri.it\/it\/wp-json\/wp\/v2\/pages"}],"about":[{"href":"https:\/\/ambtokyo.esteri.it\/it\/wp-json\/wp\/v2\/types\/page"}],"author":[{"embeddable":true,"href":"https:\/\/ambtokyo.esteri.it\/it\/wp-json\/wp\/v2\/users\/6"}],"replies":[{"embeddable":true,"href":"https:\/\/ambtokyo.esteri.it\/it\/wp-json\/wp\/v2\/comments?post=3034"}],"version-history":[{"count":0,"href":"https:\/\/ambtokyo.esteri.it\/it\/wp-json\/wp\/v2\/pages\/3034\/revisions"}],"up":[{"embeddable":true,"href":"https:\/\/ambtokyo.esteri.it\/it\/wp-json\/wp\/v2\/pages\/272"}],"wp:attachment":[{"href":"https:\/\/ambtokyo.esteri.it\/it\/wp-json\/wp\/v2\/media?parent=3034"}],"curies":[{"name":"wp","href":"https:\/\/api.w.org\/{rel}","templated":true}]}}