{"id":3164,"date":"2023-07-12T01:02:52","date_gmt":"2023-07-11T23:02:52","guid":{"rendered":"https:\/\/ambtokyo.esteri.it\/?page_id=3164"},"modified":"2023-07-12T01:02:52","modified_gmt":"2023-07-11T23:02:52","slug":"intervento-dellambasciatore-ditalia-gianluigi-benedetti-in-occasione-dellevento-moda-italia-tokyo-11-luglio2023","status":"publish","type":"page","link":"https:\/\/ambtokyo.esteri.it\/it\/chi-siamo\/ambasciatore\/discorsi-dellambasciatore__trashed\/intervento-dellambasciatore-ditalia-gianluigi-benedetti-in-occasione-dellevento-moda-italia-tokyo-11-luglio2023\/","title":{"rendered":"Intervento dell\u2019Ambasciatore d\u2019Italia, Gianluigi Benedetti, in occasione dell&#8217;evento Moda Italia (Tokyo, 11 luglio2023)"},"content":{"rendered":"<p>Buon pomeriggio a tutti e benvenuti,<\/p>\n<p>&nbsp;<\/p>\n<p>sono molto lieto di inaugurare la 62esima edizione di <em>Moda Italia<\/em> e la 72esima edizione di <em>Shoes from Italy<\/em>, due iniziative divenute nel tempo un vero punto di riferimento per gli operatori italiani e giapponesi del settore della moda e delle calzature.<\/p>\n<p>&nbsp;<\/p>\n<p>Rivolgo, anzitutto, un sentito ringraziamento al Presidente dell\u2019Agenzia ICE, Matteo Zoppas, che \u00e8 venuto in Giappone proprio in occasione di questa Fiera. La visita del Presidente Zoppas, la seconda qui a Tokyo a distanza di pochi mesi, ci conferma che il Giappone rappresenta per l\u2019Italia un mercato strategico, con importanti potenzialit\u00e0 di crescita e di collaborazione per le imprese italiane sia nei settori tradizionali come moda, agroalimentare e arredo che hanno gi\u00e0 raggiunto importanti quote di mercato sia nei settori di altri comparti industriali dove il Made in Italy e la tecnologia italiana oggi eccelle a livello mondiale, ma i nostri prodotti sono ancora poco presenti in Giappone.<\/p>\n<p>&nbsp;<\/p>\n<p>Questa importanza del Giappone come mercato, ma soprattutto come partner scientifico e industriale \u00e8 un punto fermo della nostra strategia economica internazionale che coincide anche con gli interessi giapponesi di rafforzare i legami con l\u2019Europa in un quadro geopolitico e geoeconomico nuovo e pi\u00f9 incerto. In questa prospettiva, i due Primi Ministri hanno definito il rapporto tra Italia e Giappone un partenariato strategico dando chiare indicazioni di rafforzare il dialogo politico, le relazioni economiche e le cooperazioni scientifiche e industriali.<\/p>\n<p><em>\u00a0<\/em><\/p>\n<p>Tornando al nostro appuntamento di oggi, sono almeno tre le ragioni che rendono<em> Moda Italia<\/em> e <em>Shoes from Italy<\/em> una cornice espositiva cos\u00ec attesa.<\/p>\n<p>&nbsp;<\/p>\n<p>La prima riguarda la partecipazione per parte italiana. Sono davvero numerose le aziende che hanno preso parte al progetto anche quest\u2019anno. Le 110 realt\u00e0 italiane in esposizione guardano al pubblico giapponese con grande entusiasmo, consapevoli del forte apprezzamento che la moda italiana ha da sempre in Giappone.<\/p>\n<p>&nbsp;<\/p>\n<p>La seconda ragione sono gli straordinari risultati conseguiti dalla Moda italiana in Giappone.\u00a0 Il comparto, che oltre al tessile include i prodotti in pelle, le calzature e gli accessori, risulta anche per l\u2019anno in corso il settore trainante delle esportazioni italiane in Giappone, arrivando a coprire il 26% del nostro export. Le esportazioni hanno registrato una crescita importante negli ultimi due anni, con un aumento del 69% rispetto al 2021 e del 39% nel solo primo quadrimestre di quest\u2019anno. Un traguardo di cui siamo orgogliosi.<\/p>\n<p>La terza ragione \u00e8 che la Moda italiana, una delle componenti pi\u00f9 rappresentative del <em>Made in Italy <\/em>all\u2019estero, non \u00e8 pi\u00f9 solo una storia di successo per stile e creativit\u00e0, ma anche per ricerca e innovazione che si esprimono nei tessuti di qualit\u00e0 e caratteristiche sempre maggiori. Questo risultato \u00e8 espressione della tradizione artigiana e sartoriale radicata nei territori e preservata nel tempo, ma anche di una nuova capacit\u00e0 di sviluppo dei materiali e dei processi produttivi, oggi accompagnata anche da una sempre maggiore attenzione ai temi della sostenibilit\u00e0 e del riutilizzo.<\/p>\n<p>&nbsp;<\/p>\n<p>Concludo augurando grande successo a tutte le aziende in esposizione. Sono certo che questo appuntamento dar\u00e0 a tutti voi l\u2019occasione per cogliere nuove opportunit\u00e0 di proficue collaborazioni e di rafforzare quelle gi\u00e0 esistenti.<\/p>\n<p>&nbsp;<\/p>\n<p>Ringrazio la Dott.ssa Erica Di Giovancarlo, Direttrice dell\u2019Ufficio ICE di Tokyo e tutto il suo team, per aver riservato anche a questa edizione la massima dedizione e attenzione, a testimonianza ulteriore della preziosa attivit\u00e0 di supporto e valorizzazione delle imprese italiane che l\u2019Ufficio ICE svolge nel paese.<\/p>\n<p>&nbsp;<\/p>\n<p>Auguro infine a tutti gli amici giapponesi ed a tutti i visitatori una buona visione delle nuove splendide collezioni e vi ringrazio per l\u2019amore riservato alla Moda italiana.<\/p>\n<p>&nbsp;<\/p>\n<p>Grazie a tutti<\/p>\n","protected":false},"excerpt":{"rendered":"Buon pomeriggio a tutti e benvenuti, &nbsp; sono molto lieto di inaugurare la 62esima edizione di Moda Italia e la 72esima edizione di Shoes from Italy, due iniziative divenute nel tempo un vero punto di riferimento per gli operatori italiani e giapponesi del settore della moda e delle calzature. &nbsp; Rivolgo, anzitutto, un sentito ringraziamento [&hellip;]","protected":false},"author":6,"featured_media":0,"parent":272,"menu_order":0,"comment_status":"closed","ping_status":"closed","template":"","meta":{"footnotes":""},"class_list":["post-3164","page","type-page","status-publish","hentry"],"_links":{"self":[{"href":"https:\/\/ambtokyo.esteri.it\/it\/wp-json\/wp\/v2\/pages\/3164","targetHints":{"allow":["GET"]}}],"collection":[{"href":"https:\/\/ambtokyo.esteri.it\/it\/wp-json\/wp\/v2\/pages"}],"about":[{"href":"https:\/\/ambtokyo.esteri.it\/it\/wp-json\/wp\/v2\/types\/page"}],"author":[{"embeddable":true,"href":"https:\/\/ambtokyo.esteri.it\/it\/wp-json\/wp\/v2\/users\/6"}],"replies":[{"embeddable":true,"href":"https:\/\/ambtokyo.esteri.it\/it\/wp-json\/wp\/v2\/comments?post=3164"}],"version-history":[{"count":0,"href":"https:\/\/ambtokyo.esteri.it\/it\/wp-json\/wp\/v2\/pages\/3164\/revisions"}],"up":[{"embeddable":true,"href":"https:\/\/ambtokyo.esteri.it\/it\/wp-json\/wp\/v2\/pages\/272"}],"wp:attachment":[{"href":"https:\/\/ambtokyo.esteri.it\/it\/wp-json\/wp\/v2\/media?parent=3164"}],"curies":[{"name":"wp","href":"https:\/\/api.w.org\/{rel}","templated":true}]}}