{"id":3245,"date":"2023-09-19T05:24:33","date_gmt":"2023-09-19T03:24:33","guid":{"rendered":"https:\/\/ambtokyo.esteri.it\/?page_id=3245"},"modified":"2023-09-19T05:24:33","modified_gmt":"2023-09-19T03:24:33","slug":"intervento-dellambasciatore-ditalia-gianluigi-benedetti-in-occasione-del-ricevimento-per-il-teatro-di-roma-tokyo-16-settembre-2023","status":"publish","type":"page","link":"https:\/\/ambtokyo.esteri.it\/it\/chi-siamo\/ambasciatore\/discorsi-dellambasciatore__trashed\/intervento-dellambasciatore-ditalia-gianluigi-benedetti-in-occasione-del-ricevimento-per-il-teatro-di-roma-tokyo-16-settembre-2023\/","title":{"rendered":"Intervento dell\u2019Ambasciatore d\u2019Italia, Gianluigi Benedetti, in occasione del ricevimento per il Teatro di Roma (Tokyo, 16 settembre 2023)"},"content":{"rendered":"<p>Assessore Zevi, Sovrintendente Giambrone, Sovrintendente Parisi Presicce, Gentili ospiti,<\/p>\n<p>&nbsp;<\/p>\n<p>sono onorato di accogliervi in questa magnifica residenza insieme a mia moglie Sabina.<\/p>\n<p>&nbsp;<\/p>\n<p>La vostra visita ci offre l\u2019opportunit\u00e0 di presentare al Giappone la maestosit\u00e0 della storia e della cultura di Roma. A 150 anni dalla missione Iwakura che port\u00f2 diplomatici giapponesi alla scoperta dell\u2019Occidente e che da Roma riportarono documentazione sulla cultura classica, questa missione di Roma Capitale porta con s\u00e9 altrettanti tesori.<\/p>\n<p>&nbsp;<\/p>\n<p>Abbiamo assistito ieri all\u2019inaugurazione della mostra dei Musei Capitolini \u201c<em>Rome, the Eternal City<\/em>\u201d presso il <em>Tokyo Metropolitan Art Museum<\/em>, in collaborazione con storici partner dell\u2019Italia, il Mainichi Shimbun e NHK.<\/p>\n<p>&nbsp;<\/p>\n<p>E oggi, abbiamo assistito a una magnifica rappresentazione de \u201cLa Traviata\u201d eseguita dal teatro dell\u2019Opera di Roma che sar\u00e0 in tourn\u00e9e a Tokyo e a Yokohama fino a fine settembre, in collaborazione con NBS e Nikkei.<\/p>\n<p>&nbsp;<\/p>\n<p>Il ritorno di una missione di Roma Capitale fa da preludio a un\u2019altra importante sfida globale per la citt\u00e0 e per l\u2019Italia: la candidatura a ospitare l\u2019Esposizione Universale nel 2030.<\/p>\n<p>&nbsp;<\/p>\n<p>Crediamo fortemente che Roma sia la migliore candidata per dare continuit\u00e0 al tema al centro della prossima Esposizione Universale che si terr\u00e0 a Osaka nel 2025, quello della rigenerazione urbana. Ad Osaka, rappresenteremo il meglio del design, dell\u2019arte e della tecnologia italiana con un padiglione il cui progetto sar\u00e0 presto presentato e che sapr\u00e0 stupire il pubblico giapponese ed internazionale.<\/p>\n<p>&nbsp;<\/p>\n<p>Contiamo dunque moltissimo sul sostegno del Giappone alla candidatura di Roma 2030.<\/p>\n<p>&nbsp;<\/p>\n<p>Desidero ringraziare tutti voi per essere qui oggi e per dimostrare la vostra amicizia per l\u2019Italia e per il Giappone un\u2019amicizia che risale a oltre 150 anni e che rafforziamo ogni giorno, in particolare quest\u2019anno che si \u00e8 aperto con l\u2019intesa tra i nostri Capi di Governo, Meloni e Kishida di innalzare a partenariato strategico il nostro rapporto bilaterale.<\/p>\n<p>&nbsp;<\/p>\n<p>Grazie a tutti.<\/p>\n","protected":false},"excerpt":{"rendered":"Assessore Zevi, Sovrintendente Giambrone, Sovrintendente Parisi Presicce, Gentili ospiti, &nbsp; sono onorato di accogliervi in questa magnifica residenza insieme a mia moglie Sabina. &nbsp; La vostra visita ci offre l\u2019opportunit\u00e0 di presentare al Giappone la maestosit\u00e0 della storia e della cultura di Roma. A 150 anni dalla missione Iwakura che port\u00f2 diplomatici giapponesi alla scoperta [&hellip;]","protected":false},"author":6,"featured_media":0,"parent":272,"menu_order":0,"comment_status":"closed","ping_status":"closed","template":"","meta":{"footnotes":""},"class_list":["post-3245","page","type-page","status-publish","hentry"],"_links":{"self":[{"href":"https:\/\/ambtokyo.esteri.it\/it\/wp-json\/wp\/v2\/pages\/3245","targetHints":{"allow":["GET"]}}],"collection":[{"href":"https:\/\/ambtokyo.esteri.it\/it\/wp-json\/wp\/v2\/pages"}],"about":[{"href":"https:\/\/ambtokyo.esteri.it\/it\/wp-json\/wp\/v2\/types\/page"}],"author":[{"embeddable":true,"href":"https:\/\/ambtokyo.esteri.it\/it\/wp-json\/wp\/v2\/users\/6"}],"replies":[{"embeddable":true,"href":"https:\/\/ambtokyo.esteri.it\/it\/wp-json\/wp\/v2\/comments?post=3245"}],"version-history":[{"count":1,"href":"https:\/\/ambtokyo.esteri.it\/it\/wp-json\/wp\/v2\/pages\/3245\/revisions"}],"predecessor-version":[{"id":3246,"href":"https:\/\/ambtokyo.esteri.it\/it\/wp-json\/wp\/v2\/pages\/3245\/revisions\/3246"}],"up":[{"embeddable":true,"href":"https:\/\/ambtokyo.esteri.it\/it\/wp-json\/wp\/v2\/pages\/272"}],"wp:attachment":[{"href":"https:\/\/ambtokyo.esteri.it\/it\/wp-json\/wp\/v2\/media?parent=3245"}],"curies":[{"name":"wp","href":"https:\/\/api.w.org\/{rel}","templated":true}]}}