{"id":3248,"date":"2023-09-19T05:28:55","date_gmt":"2023-09-19T03:28:55","guid":{"rendered":"https:\/\/ambtokyo.esteri.it\/?page_id=3248"},"modified":"2023-09-19T05:28:55","modified_gmt":"2023-09-19T03:28:55","slug":"intervento-dellambasciatore-ditalia-gianluigi-benedetti-in-occasione-del-ricevimento-per-la-festa-mille-miglia-tokyo-18-settembre-2023","status":"publish","type":"page","link":"https:\/\/ambtokyo.esteri.it\/it\/chi-siamo\/ambasciatore\/discorsi-dellambasciatore__trashed\/intervento-dellambasciatore-ditalia-gianluigi-benedetti-in-occasione-del-ricevimento-per-la-festa-mille-miglia-tokyo-18-settembre-2023\/","title":{"rendered":"Intervento dell\u2019Ambasciatore d\u2019Italia, Gianluigi Benedetti, in occasione del ricevimento per la Festa Mille Miglia (Tokyo, 18 settembre 2023)"},"content":{"rendered":"<p>Carissimo Masuda san, Presidente di \u201cForza SpA\u201d, illustri ospiti e appassionati della \u201c1000 Miglia\u201d, buonasera e benvenuti nella meravigliosa cornice della Residenza dell\u2019Ambasciatore d\u2019Italia a Tokyo.<\/p>\n<p>&nbsp;<\/p>\n<p>Mia moglie Sabina ed io siamo lieti di ospitarvi anche quest\u2019anno per celebrare una delle pi\u00f9 grandi e iconiche manifestazioni automobilistiche del mondo che \u00e8 ormai da tutti considerata come \u201cla Corsa pi\u00f9 bella del mondo\u201d.<\/p>\n<p>&nbsp;<\/p>\n<p>La \u201c1000 Miglia\u201d \u00e8 da sempre sinonimo di audacia e competenza, di italianit\u00e0 e di bellezza. Fin dal 1927, quando nacque a Brescia, questa gara leggendaria attraversa luoghi unici del nostro Paese, richiamando lungo il suo percorso folle entusiaste di spettatori attirati dal rombo dei motori e dallo spettacolo delle auto storiche, vere e proprie opere d\u2019arte di design e meccanica.<\/p>\n<p>&nbsp;<\/p>\n<p>Parlando di motori, permettetemi una breve digressione. Non posso infatti non ricordare, proprio in questa occasione, i prossimi appuntamenti della Formula 1 a Suzuka e della Moto GP a Motegi dove siamo tutti chiamati a fare il tifo per l\u2019eccellenza delle auto e moto sportive italiane, la Ferrari e l\u2019Alfa Romeo, la Ducati, campione del mondo in carica, e l\u2019Aprilia. Realt\u00e0 leggendarie, emblemi del <em>Made in Italy<\/em>, amati in tutto il mondo.<\/p>\n<p>&nbsp;<\/p>\n<p>Dicevo che la \u201c1000 Miglia\u201d \u00e8 molto pi\u00f9 di una semplice corsa automobilistica. In effetti, \u00e8 una celebrazione dell\u2019arte dell\u2019automobilismo e un tributo alla passione per le auto che attraversa intere generazioni e supera i confini geografici.<\/p>\n<p>&nbsp;<\/p>\n<p>Sono molto lieto che l\u2019amicizia tra Italia e Giappone passi anche attraverso questa manifestazione. La stessa passione che anima le strade italiane contraddistingue la \u201cFesta Mille Miglia\u201d in Giappone: oltre cento di auto d\u2019epoca percorrono un itinerario che attraversa alcuni dei luoghi pi\u00f9 pittoreschi del Paese.<\/p>\n<p>&nbsp;<\/p>\n<p>L\u2019esperienza \u00e8 completa: celebrando la bellezza delle auto storiche e l\u2019amore per la cultura automobilistica, i partecipanti godono di splendidi paesaggi e condividono la loro passione per le auto d\u2019epoca con altri appassionati. Un\u2019esperienza a tutto tondo, entusiasmante, in un\u2019atmosfera di festa unica che ho avuto il piacere di provare personalmente l\u2019anno scorso guidando una Ferrari di Kensuke Hagino san e che prover\u00f2 di nuovo quest\u2019anno a bordo di una Giulietta di Hiroyuki Takigawa san.<\/p>\n<p>&nbsp;<\/p>\n<p>Voglio concludere ricordando i tre principi ispiratori che guidano la \u201cFesta Milla Miglia\u201d in Giappone sin dalla sua prima edizione nel 1997: \u201cRispetto per l\u2019antico\u201d, \u201cNon importa quanti anni hai, resti un ragazzo\u201d e \u201cStringere amicizia con tutti coloro che partecipano alla manifestazione\u201d.<\/p>\n<p>&nbsp;<\/p>\n<p>Con questo spirito di amicizia, auguro a tutti voi buona serata e buona \u201cFesta Mille Miglia\u201d.<\/p>\n","protected":false},"excerpt":{"rendered":"Carissimo Masuda san, Presidente di \u201cForza SpA\u201d, illustri ospiti e appassionati della \u201c1000 Miglia\u201d, buonasera e benvenuti nella meravigliosa cornice della Residenza dell\u2019Ambasciatore d\u2019Italia a Tokyo. &nbsp; Mia moglie Sabina ed io siamo lieti di ospitarvi anche quest\u2019anno per celebrare una delle pi\u00f9 grandi e iconiche manifestazioni automobilistiche del mondo che \u00e8 ormai da tutti [&hellip;]","protected":false},"author":6,"featured_media":0,"parent":272,"menu_order":0,"comment_status":"closed","ping_status":"closed","template":"","meta":{"footnotes":""},"class_list":["post-3248","page","type-page","status-publish","hentry"],"_links":{"self":[{"href":"https:\/\/ambtokyo.esteri.it\/it\/wp-json\/wp\/v2\/pages\/3248","targetHints":{"allow":["GET"]}}],"collection":[{"href":"https:\/\/ambtokyo.esteri.it\/it\/wp-json\/wp\/v2\/pages"}],"about":[{"href":"https:\/\/ambtokyo.esteri.it\/it\/wp-json\/wp\/v2\/types\/page"}],"author":[{"embeddable":true,"href":"https:\/\/ambtokyo.esteri.it\/it\/wp-json\/wp\/v2\/users\/6"}],"replies":[{"embeddable":true,"href":"https:\/\/ambtokyo.esteri.it\/it\/wp-json\/wp\/v2\/comments?post=3248"}],"version-history":[{"count":1,"href":"https:\/\/ambtokyo.esteri.it\/it\/wp-json\/wp\/v2\/pages\/3248\/revisions"}],"predecessor-version":[{"id":3249,"href":"https:\/\/ambtokyo.esteri.it\/it\/wp-json\/wp\/v2\/pages\/3248\/revisions\/3249"}],"up":[{"embeddable":true,"href":"https:\/\/ambtokyo.esteri.it\/it\/wp-json\/wp\/v2\/pages\/272"}],"wp:attachment":[{"href":"https:\/\/ambtokyo.esteri.it\/it\/wp-json\/wp\/v2\/media?parent=3248"}],"curies":[{"name":"wp","href":"https:\/\/api.w.org\/{rel}","templated":true}]}}