{"id":3317,"date":"2023-10-19T02:30:06","date_gmt":"2023-10-19T00:30:06","guid":{"rendered":"https:\/\/ambtokyo.esteri.it\/?page_id=3317"},"modified":"2023-10-19T02:30:06","modified_gmt":"2023-10-19T00:30:06","slug":"intervento-dellambasciatore-ditalia-gianluigi-benedetti-in-occasione-dellevento-birdlife-tokyo-17-ottobre-2023","status":"publish","type":"page","link":"https:\/\/ambtokyo.esteri.it\/it\/chi-siamo\/ambasciatore\/discorsi-dellambasciatore__trashed\/intervento-dellambasciatore-ditalia-gianluigi-benedetti-in-occasione-dellevento-birdlife-tokyo-17-ottobre-2023\/","title":{"rendered":"Intervento dell&#8217;Ambasciatore d&#8217;Italia, Gianluigi Benedetti, in occasione dell&#8217;evento &#8220;Birdlife&#8221; (Tokyo, 17 ottobre 2023)"},"content":{"rendered":"<p>Sua Altezza Imperiale, Principessa Takamado, care amiche e cari amici di Birdlife, per mia moglie Sabina e per me \u00e8 un piacere festeggiare insieme il premio assegnato al Dott. Masakazu Otsuka per la sua generosit\u00e0 nei confronti di Birdlife in questa magnifica Residenza e in questo storico giardino!<\/p>\n<p>&nbsp;<\/p>\n<p>Questo luogo \u00e8 stato testimone silenzioso di secoli di cambiamenti: la citt\u00e0 tutt\u2019intorno \u00e8 cresciuta, ma questo giardino rappresenta ancora oggi un\u2019oasi di pace e tranquillit\u00e0 dove molte creature vivono nel laghetto, tra i sentieri e sugli alberi. Vi confesso che spesso mi capita di osservare meravigliosi uccelli migratori fermarsi qui per qualche giorno durante i loro spostamenti.<\/p>\n<p>&nbsp;<\/p>\n<p>Dal nostro arrivo a Tokyo ci siamo dedicati con grande impegno a recuperare la bellezza di questo giardino e ho approfondito la conoscenza storica e ambientalistica grazie agli studi e alle ricerche di un team di professori guidati dell\u2019amico Professor Jinnai con l\u2019obiettivo di restituire il parco al suo antico splendore e aprirlo al pubblico insieme al Fondo per l\u2019Ambiente Italiano.<\/p>\n<p>&nbsp;<\/p>\n<p>Ringrazio tutti voi per la vostra generosit\u00e0 nei confronti di Birdlife e per la vostra presenza qui questa sera e ringrazio in particolare Sua Altezza Imperiale la Principessa Takamando per onorarci della Sua presenza e per il suo impegno per la tutela della fauna animale. Insieme, possiamo fare la differenza e lasciare un&#8217;eredit\u00e0 di bellezza e prosperit\u00e0 per le generazioni future.<\/p>\n","protected":false},"excerpt":{"rendered":"Sua Altezza Imperiale, Principessa Takamado, care amiche e cari amici di Birdlife, per mia moglie Sabina e per me \u00e8 un piacere festeggiare insieme il premio assegnato al Dott. Masakazu Otsuka per la sua generosit\u00e0 nei confronti di Birdlife in questa magnifica Residenza e in questo storico giardino! &nbsp; Questo luogo \u00e8 stato testimone silenzioso [&hellip;]","protected":false},"author":6,"featured_media":0,"parent":272,"menu_order":0,"comment_status":"closed","ping_status":"closed","template":"","meta":{"footnotes":""},"class_list":["post-3317","page","type-page","status-publish","hentry"],"_links":{"self":[{"href":"https:\/\/ambtokyo.esteri.it\/it\/wp-json\/wp\/v2\/pages\/3317","targetHints":{"allow":["GET"]}}],"collection":[{"href":"https:\/\/ambtokyo.esteri.it\/it\/wp-json\/wp\/v2\/pages"}],"about":[{"href":"https:\/\/ambtokyo.esteri.it\/it\/wp-json\/wp\/v2\/types\/page"}],"author":[{"embeddable":true,"href":"https:\/\/ambtokyo.esteri.it\/it\/wp-json\/wp\/v2\/users\/6"}],"replies":[{"embeddable":true,"href":"https:\/\/ambtokyo.esteri.it\/it\/wp-json\/wp\/v2\/comments?post=3317"}],"version-history":[{"count":1,"href":"https:\/\/ambtokyo.esteri.it\/it\/wp-json\/wp\/v2\/pages\/3317\/revisions"}],"predecessor-version":[{"id":3318,"href":"https:\/\/ambtokyo.esteri.it\/it\/wp-json\/wp\/v2\/pages\/3317\/revisions\/3318"}],"up":[{"embeddable":true,"href":"https:\/\/ambtokyo.esteri.it\/it\/wp-json\/wp\/v2\/pages\/272"}],"wp:attachment":[{"href":"https:\/\/ambtokyo.esteri.it\/it\/wp-json\/wp\/v2\/media?parent=3317"}],"curies":[{"name":"wp","href":"https:\/\/api.w.org\/{rel}","templated":true}]}}