{"id":3349,"date":"2023-11-02T01:23:19","date_gmt":"2023-11-02T00:23:19","guid":{"rendered":"https:\/\/ambtokyo.esteri.it\/?page_id=3349"},"modified":"2023-11-02T01:23:19","modified_gmt":"2023-11-02T00:23:19","slug":"intervento-dellambasciatore-ditalia-gianluigi-benedetti-in-occasione-dellevento-masi-costasera-contemporary-art-tokyo-1-novembre-2023","status":"publish","type":"page","link":"https:\/\/ambtokyo.esteri.it\/it\/chi-siamo\/ambasciatore\/discorsi-dellambasciatore__trashed\/intervento-dellambasciatore-ditalia-gianluigi-benedetti-in-occasione-dellevento-masi-costasera-contemporary-art-tokyo-1-novembre-2023\/","title":{"rendered":"Intervento dell&#8217;Ambasciatore d&#8217;Italia, Gianluigi Benedetti, in occasione dell&#8217;evento &#8220;Masi Costasera Contemporary Art&#8221; (Tokyo, 1 novembre 2023)"},"content":{"rendered":"<p>Cara Alessandra BOSCAINI, Direttrice Vendite di MASI Agricola, Caro Thierry COHEN, Presidente della <em>Japan-Europe Trading Corporation<\/em> (JET), Maestro Yasuhiro ASAI, gentili Signore e Signori, Buonasera.<\/p>\n<p>&nbsp;<\/p>\n<p>Mia moglie Sabina ed io siamo felici di accogliervi nuovamente qui in questa bellissima Residenza per celebrare la serata \u201c<em>Masi Costasera Contemporary Art<\/em>\u201d, evento di presentazione della sesta edizione di questo eccezionale progetto nato per unire l\u2019arte contemporanea giapponese e una delle grandi eccellenze enologiche italiane, l\u2019Amarone Costasera.<\/p>\n<p>&nbsp;<\/p>\n<p>Tutti voi conoscete la storia di questo vino straordinario che, come lo ha definito il Presidente Sandro Boscaini, \u201cpi\u00f9 di una tecnica, pi\u00f9 di un vino, \u00e8 una filosofia, \u00e8 un\u2019arte\u201d.<\/p>\n<p>&nbsp;<\/p>\n<p>E proprio seguendo il concetto di arte, questa sera abbiamo il piacere di avere qui con noi il maestro Yasuhiro ASAI, che ha realizzato un iconico bruciatore di incenso che Masi ha voluto riprodurre sulla sua etichetta dell\u2019edizione limitata di Amarone Costasera.<\/p>\n<p>&nbsp;<\/p>\n<p>Questa etichetta, realizzata per il mercato giapponese e per altri importanti mercati esteri di riferimento della Masi Agricola, mette in evidenza un legame forte tra il Giappone e la storica cantina veneta. Un\u2019unione suggellata della presenza ormai quarantennale di Masi in Giappone, secondo mercato in Asia per consumo di vino e sesto importatore al mondo, con importanti prospettive di crescita.<\/p>\n<p>&nbsp;<\/p>\n<p>Lascio subito la parola ad Alessandra BOSCAINI che insieme al Maestro ASAI e alla <em>sommelier<\/em> Kumiko YAMADA e l\u2019accompagnamento musicale diretto dal Maestro Kisaburo KATADA ci racconteranno la storia di questo connubio tra arte e vino, anzi tra due \u201carti\u201d che sono alla base delle tradizioni giapponesi e italiane.<\/p>\n<p>&nbsp;<\/p>\n<p>Consentitemi per\u00f2 di concludere sottolineando che questa sera, grazie alla collaborazione con la Regione Puglia, abbiamo il piacere di avere con noi lo chef Antonio Scalera, del Ristorante \u201cLa Bul\u201d di Bari, che ci far\u00e0 degustare piatti che andranno ancor pi\u00f9 ad esaltare l\u2019Amarone Costasera e gli altri importanti vini della Masi Agricola.<\/p>\n","protected":false},"excerpt":{"rendered":"Cara Alessandra BOSCAINI, Direttrice Vendite di MASI Agricola, Caro Thierry COHEN, Presidente della Japan-Europe Trading Corporation (JET), Maestro Yasuhiro ASAI, gentili Signore e Signori, Buonasera. &nbsp; Mia moglie Sabina ed io siamo felici di accogliervi nuovamente qui in questa bellissima Residenza per celebrare la serata \u201cMasi Costasera Contemporary Art\u201d, evento di presentazione della sesta edizione [&hellip;]","protected":false},"author":6,"featured_media":0,"parent":272,"menu_order":0,"comment_status":"closed","ping_status":"closed","template":"","meta":{"footnotes":""},"class_list":["post-3349","page","type-page","status-publish","hentry"],"_links":{"self":[{"href":"https:\/\/ambtokyo.esteri.it\/it\/wp-json\/wp\/v2\/pages\/3349","targetHints":{"allow":["GET"]}}],"collection":[{"href":"https:\/\/ambtokyo.esteri.it\/it\/wp-json\/wp\/v2\/pages"}],"about":[{"href":"https:\/\/ambtokyo.esteri.it\/it\/wp-json\/wp\/v2\/types\/page"}],"author":[{"embeddable":true,"href":"https:\/\/ambtokyo.esteri.it\/it\/wp-json\/wp\/v2\/users\/6"}],"replies":[{"embeddable":true,"href":"https:\/\/ambtokyo.esteri.it\/it\/wp-json\/wp\/v2\/comments?post=3349"}],"version-history":[{"count":1,"href":"https:\/\/ambtokyo.esteri.it\/it\/wp-json\/wp\/v2\/pages\/3349\/revisions"}],"predecessor-version":[{"id":3350,"href":"https:\/\/ambtokyo.esteri.it\/it\/wp-json\/wp\/v2\/pages\/3349\/revisions\/3350"}],"up":[{"embeddable":true,"href":"https:\/\/ambtokyo.esteri.it\/it\/wp-json\/wp\/v2\/pages\/272"}],"wp:attachment":[{"href":"https:\/\/ambtokyo.esteri.it\/it\/wp-json\/wp\/v2\/media?parent=3349"}],"curies":[{"name":"wp","href":"https:\/\/api.w.org\/{rel}","templated":true}]}}