{"id":3352,"date":"2023-11-02T01:50:56","date_gmt":"2023-11-02T00:50:56","guid":{"rendered":"https:\/\/ambtokyo.esteri.it\/?page_id=3352"},"modified":"2025-11-20T05:40:39","modified_gmt":"2025-11-20T04:40:39","slug":"certificati-anagrafici","status":"publish","type":"page","link":"https:\/\/ambtokyo.esteri.it\/it\/servizi-consolari-e-visti\/servizi-per-il-cittadino-italiano\/certificati-anagrafici\/","title":{"rendered":"Certificati anagrafici"},"content":{"rendered":"<p>I certificati anagrafici personali possono essere scaricati online gratuitamente mediante<strong><a href=\"https:\/\/www.anagrafenazionale.interno.it\/\"> il nuovo servizio dell\u2019Anagrafe nazionale della popolazione residente\u00a0 (ANPR)<\/a> <\/strong><strong>alla voce \u201cCertificati\u201d<\/strong>.<\/p>\n<p>Possono essere scaricati 15 certificati per proprio conto o per un componente della propria famiglia, direttamente dal proprio domicilio e senza necessit\u00e0 di recarsi presso un ufficio pubblico. I certificati possono essere rilasciati anche in forma contestuale (ad esempio cittadinanza, esistenza in vita e residenza possono essere richiesti in un unico certificato).<\/p>\n<p>I certificati attualmente ottenibili sono:<\/p>\n<ul>\n<li>anagrafico di nascita;<\/li>\n<li>anagrafico di matrimonio;<\/li>\n<li>di cittadinanza;<\/li>\n<li>di esistenza in vita;<\/li>\n<li>di residenza;<\/li>\n<li>di residenza AIRE;<\/li>\n<li>di stato civile;<\/li>\n<li>di stato di famiglia;<\/li>\n<li>di stato di famiglia e di stato civile;<\/li>\n<li>di residenza in convivenza;<\/li>\n<li>di stato di famiglia AIRE;<\/li>\n<li>di stato di famiglia con rapporti di parentela;<\/li>\n<li>di stato libero;<\/li>\n<li>anagrafico di unione civile;<\/li>\n<li>di contratto di convivenza.<\/li>\n<\/ul>\n<p>Al portale si accede con la propria identit\u00e0 digitale (SPID, Carta d\u2019Identit\u00e0 Elettronica, Carta Nazionale dei Servizi). Se la richiesta \u00e8 per un familiare, verr\u00e0 mostrato l\u2019elenco dei componenti della famiglia per cui \u00e8 possibile richiedere un certificato. Il servizio consente di scaricare i certificati in formato PDF o di riceverli via e-mail all\u2019indirizzo collegato al profilo utente.<\/p>\n<p>\u00c8 possibile inoltre creare modelli di autocertificazione personalizzati e, in alcuni casi, richiedere la rettifica dei propri dati direttamente al proprio Comune, allegando idonea documentazione a supporto.<\/p>\n","protected":false},"excerpt":{"rendered":"I certificati anagrafici personali possono essere scaricati online gratuitamente mediante il nuovo servizio dell\u2019Anagrafe nazionale della popolazione residente\u00a0 (ANPR) alla voce \u201cCertificati\u201d. Possono essere scaricati 15 certificati per proprio conto o per un componente della propria famiglia, direttamente dal proprio domicilio e senza necessit\u00e0 di recarsi presso un ufficio pubblico. I certificati possono essere rilasciati [&hellip;]","protected":false},"author":8,"featured_media":0,"parent":824,"menu_order":1,"comment_status":"closed","ping_status":"closed","template":"","meta":{"footnotes":""},"class_list":["post-3352","page","type-page","status-publish","hentry"],"_links":{"self":[{"href":"https:\/\/ambtokyo.esteri.it\/it\/wp-json\/wp\/v2\/pages\/3352","targetHints":{"allow":["GET"]}}],"collection":[{"href":"https:\/\/ambtokyo.esteri.it\/it\/wp-json\/wp\/v2\/pages"}],"about":[{"href":"https:\/\/ambtokyo.esteri.it\/it\/wp-json\/wp\/v2\/types\/page"}],"author":[{"embeddable":true,"href":"https:\/\/ambtokyo.esteri.it\/it\/wp-json\/wp\/v2\/users\/8"}],"replies":[{"embeddable":true,"href":"https:\/\/ambtokyo.esteri.it\/it\/wp-json\/wp\/v2\/comments?post=3352"}],"version-history":[{"count":1,"href":"https:\/\/ambtokyo.esteri.it\/it\/wp-json\/wp\/v2\/pages\/3352\/revisions"}],"predecessor-version":[{"id":3353,"href":"https:\/\/ambtokyo.esteri.it\/it\/wp-json\/wp\/v2\/pages\/3352\/revisions\/3353"}],"up":[{"embeddable":true,"href":"https:\/\/ambtokyo.esteri.it\/it\/wp-json\/wp\/v2\/pages\/824"}],"wp:attachment":[{"href":"https:\/\/ambtokyo.esteri.it\/it\/wp-json\/wp\/v2\/media?parent=3352"}],"curies":[{"name":"wp","href":"https:\/\/api.w.org\/{rel}","templated":true}]}}