{"id":3364,"date":"2023-11-13T01:10:53","date_gmt":"2023-11-13T00:10:53","guid":{"rendered":"https:\/\/ambtokyo.esteri.it\/?page_id=3364"},"modified":"2023-11-13T01:10:53","modified_gmt":"2023-11-13T00:10:53","slug":"intervento-dellambasciatore-ditalia-gianluigi-benedetti-in-occasione-dellevento-mermec-tokyo-10-novembre-2023","status":"publish","type":"page","link":"https:\/\/ambtokyo.esteri.it\/it\/chi-siamo\/ambasciatore\/discorsi-dellambasciatore__trashed\/intervento-dellambasciatore-ditalia-gianluigi-benedetti-in-occasione-dellevento-mermec-tokyo-10-novembre-2023\/","title":{"rendered":"Intervento dell&#8217;Ambasciatore d&#8217;Italia, Gianluigi Benedetti, in occasione dell&#8217;evento Mermec (Tokyo, 10 novembre 2023)"},"content":{"rendered":"<p>Onorevole Shintaro ITO, Ministro per l\u2019Ambiente del Giappone, Dott. Alessandro Delli Noci, Assessore per le attivit\u00e0 produttive della Regione Puglia, Dott. Angelo PETROSILLO, Vice Presidente della <em>Angel Investement<\/em>, Dott. Luca NECCHI GHIRI, Amministratore delegato del Gruppo MERMEC, Dott. Giuseppe AURISICCHIO, Amministratore Delegato di MERMEC Japan, Dott. Antonio BARILE, Presidente della Camera di Commercio Italo-Orientale, Rappresentanti di Istituzioni e aziende italiane e giapponesi, Signore e Signori,<\/p>\n<p>&nbsp;<\/p>\n<p>Sono ancora una volta molto lieto di ospitare questa sera, qui in Residenza, gli amici di MERMEC insieme a importanti autorit\u00e0 giapponesi e italiane.<\/p>\n<p>&nbsp;<\/p>\n<p>MERMEC ormai non ha bisogno di presentazioni: \u00e8 un gruppo noto a livello globale e in Giappone per la sua straordinaria tecnologia e capacit\u00e0 innovativa che l\u2019hanno resa un leader mondiale nel settore delle infrastrutture ferroviarie.<\/p>\n<p>&nbsp;<\/p>\n<p>\u00c8 la testimonianza concreta delle capacit\u00e0 imprenditoriali Italiane. Partita con 15 operai dalla Puglia, il tacco d\u2019Italia, ha saputo internazionalizzarsi e proporsi con grande efficacia e qualit\u00e0 sui mercati internazionali impiegando oggi 2 mila dipendenti, di cui 1.400 ingegneri provenienti da 71 Paesi.<\/p>\n<p>&nbsp;<\/p>\n<p>Insieme alla SITAEL che produce microsatelliti spaziali e alla Blackshape, che si occupa di aerei in fibra di carbonio, costituisce la costellazione della Angel Investment, alla cui guida c\u2019\u00e8 il fondatore, il Cavaliere Vito Pertosa.<\/p>\n<p>&nbsp;<\/p>\n<p>Negli anni, MERMEC si \u00e8 fatta apprezzare ad ogni latitudine del globo e per questo successo il Governo Italiano l\u2019ha scelta per rappresentare il nostro Paese nella sessione aperta al settore privato in occasione della riunione ministeriale G7 dedicata ai Trasporti svoltasi ad Ise Shima nel giugno scorso.<\/p>\n<p>&nbsp;<\/p>\n<p>Stasera saremo testimoni della firma di un nuovo accordo tra MERMEC e la Sumitomo per la metropolitana di Osaka. \u00c8 una conferma dell\u2019apprezzamento in Giappone della nostra azienda, ma anche delle potenzialit\u00e0 che esistono tra Italia e Giappone in termini di collaborazioni industriali.<\/p>\n<p>&nbsp;<\/p>\n<p>Proprio su questo tema, i due Governi hanno voluto rilanciare l\u2019Italy-Japan Business Group che si \u00e8 riunito il 7 novembre scorso con la partecipazione del Ministro Nishimura del METI e del Vice Presidente del Consiglio e Ministro degli Affari Esteri e della Cooperazione Internazionale Antonio Tajani con la presenza di oltre 50 aziende giapponesi e italiane.<\/p>\n<p>&nbsp;<\/p>\n<p>Si \u00e8 trattato di un importante successo nell\u2019ottica del partenariato strategico tra Italia e Giappone e siamo certi che MERMEC e tante altre aziende gi\u00e0 presenti in Giappone potranno fornire un contributo fondamentale per promuovere, in un momento particolarmente propizio per le relazioni bilaterali, anche la presenza su questo mercato di altre aziende italiane. E ugualmente siamo certi che le aziende giapponesi faranno altrettanto.<\/p>\n<p>&nbsp;<\/p>\n<p>Questa prospettiva di crescita delle collaborazioni tra Italia e Giappone dovr\u00e0 adesso essere attentamente accompagnata, facilitando da un lato il dialogo tra i settori industriali gi\u00e0 individuati e dall\u2019atro realizzando presentazioni dei nostri territori, come stiamo facendo in questi giorni con la Regione Puglia e la Regione Emilia Romagna.<\/p>\n<p>&nbsp;<\/p>\n<p>In conclusione, e tornando a MERMEC, voglio rivolgere un auspicio ed al contempo un invito alle numerose aziende giapponesi qui presenti: puntate ancor pi\u00f9 su MERMEC. Non solo perch\u00e9 \u00e8 un campione dell\u2019innovazione tecnologica e indiscussa eccellenza globale nel settore delle infrastrutture ferroviarie. Ma perch\u00e9, come recita il motto del Cavalier Pertosa, sa e vuole \u201c<em>Fare quello che gli altri non fanno<\/em>\u201d.<\/p>\n<p>&nbsp;<\/p>\n<p>Grazie.<\/p>\n","protected":false},"excerpt":{"rendered":"Onorevole Shintaro ITO, Ministro per l\u2019Ambiente del Giappone, Dott. Alessandro Delli Noci, Assessore per le attivit\u00e0 produttive della Regione Puglia, Dott. Angelo PETROSILLO, Vice Presidente della Angel Investement, Dott. Luca NECCHI GHIRI, Amministratore delegato del Gruppo MERMEC, Dott. Giuseppe AURISICCHIO, Amministratore Delegato di MERMEC Japan, Dott. Antonio BARILE, Presidente della Camera di Commercio Italo-Orientale, Rappresentanti [&hellip;]","protected":false},"author":6,"featured_media":0,"parent":272,"menu_order":0,"comment_status":"closed","ping_status":"closed","template":"","meta":{"footnotes":""},"class_list":["post-3364","page","type-page","status-publish","hentry"],"_links":{"self":[{"href":"https:\/\/ambtokyo.esteri.it\/it\/wp-json\/wp\/v2\/pages\/3364","targetHints":{"allow":["GET"]}}],"collection":[{"href":"https:\/\/ambtokyo.esteri.it\/it\/wp-json\/wp\/v2\/pages"}],"about":[{"href":"https:\/\/ambtokyo.esteri.it\/it\/wp-json\/wp\/v2\/types\/page"}],"author":[{"embeddable":true,"href":"https:\/\/ambtokyo.esteri.it\/it\/wp-json\/wp\/v2\/users\/6"}],"replies":[{"embeddable":true,"href":"https:\/\/ambtokyo.esteri.it\/it\/wp-json\/wp\/v2\/comments?post=3364"}],"version-history":[{"count":1,"href":"https:\/\/ambtokyo.esteri.it\/it\/wp-json\/wp\/v2\/pages\/3364\/revisions"}],"predecessor-version":[{"id":3366,"href":"https:\/\/ambtokyo.esteri.it\/it\/wp-json\/wp\/v2\/pages\/3364\/revisions\/3366"}],"up":[{"embeddable":true,"href":"https:\/\/ambtokyo.esteri.it\/it\/wp-json\/wp\/v2\/pages\/272"}],"wp:attachment":[{"href":"https:\/\/ambtokyo.esteri.it\/it\/wp-json\/wp\/v2\/media?parent=3364"}],"curies":[{"name":"wp","href":"https:\/\/api.w.org\/{rel}","templated":true}]}}