{"id":3412,"date":"2023-11-14T01:54:56","date_gmt":"2023-11-14T00:54:56","guid":{"rendered":"https:\/\/ambtokyo.esteri.it\/?page_id=3412"},"modified":"2023-11-14T02:07:06","modified_gmt":"2023-11-14T01:07:06","slug":"intervento-dellambasciatore-ditalia-gianluigi-benedetti-in-occasione-del-ricevimento-emilia-romagna-tokyo-13-novembre-2023","status":"publish","type":"page","link":"https:\/\/ambtokyo.esteri.it\/it\/chi-siamo\/ambasciatore\/discorsi-dellambasciatore__trashed\/intervento-dellambasciatore-ditalia-gianluigi-benedetti-in-occasione-del-ricevimento-emilia-romagna-tokyo-13-novembre-2023\/","title":{"rendered":"Intervento dell&#8217;Ambasciatore d&#8217;Italia, Gianluigi Benedetti, in occasione del ricevimento per la Regione Emilia-Romagna (Tokyo, 13 novembre 2023)"},"content":{"rendered":"<p>Presidente Bonaccini, Assessore Colla e Assessore Mammi, Rappresentanti dei comparti produttivi dell\u2019Emilia Romagna, Gentili ospiti,<\/p>\n<p>&nbsp;<\/p>\n<p>Buonasera e benvenuti da parte mia e di mia moglie Sabina nella storica Residenza dell\u2019Ambasciatore d\u2019Italia a Tokyo. Era il 1929 quando l\u2019Ambasciata fu trasferita qui nell\u2019allora residenza di Masayoshi Matsukata che nell\u2019epoca Meiji aveva preso il posto dei Daimyo Matsudaira come proprietario di questo storico giardino. Successivamente, nel 1964-1965 due architetti, uno italiano e uno giapponese, realizzarono l\u2019attuale Residenza, un bellissimo esempio di architettura contemporanea ispirata a Frank Lloyd Wright e arredata con \u201ctesori\u201d di artigiani e artisti italiani.<\/p>\n<p>&nbsp;<\/p>\n<p>Siamo veramente molto lieti di accogliere questa sera la delegazione della Regione Emilia Romagna nel primo giorno di visita ufficiale qui in Giappone per presentare un ecosistema regionale tra i pi\u00f9 dinamici e internazionali in Italia, in particolare nel settore della meccanica, dell\u2019automotive e in quello alimentare, veri punti di forza riconosciuti a livello mondiale.<\/p>\n<p>&nbsp;<\/p>\n<p>Solo pochi giorni fa, con la partecipazione dei Ministri Tajani e Nishimura abbiamo rilanciato l\u2019Italy Japan Business Group, una piattaforma di networking tra aziende con l\u2019obiettivo di rafforzare le collaborazioni economiche e industriali nel lungo periodo. Alcune aziende dell\u2019Emilia Romagna erano presenti, ma tante altre potranno aggiungersi e la vostra missione qui \u00e8 un perfetto seguito del Business Group perch\u00e9 consentir\u00e0 di fare meglio conoscere in Giappone la vostra Regione e le sue numerose eccellenze.<\/p>\n<p>&nbsp;<\/p>\n<p>Nei prossimi giorni, parteciperete a un ricco e impegnativo programma di incontri dedicati a un amplissimo ventaglio di settori: dall\u2019industria meccanica al biomedicale, dall\u2019energia al calcolo dei grandi dati e all\u2019intelligenza artificiale, dall\u2019agroalimentare alla ricerca scientifica e tecnologica e allo spazio. \u00c8 un\u2019occasione straordinaria di promozione e sono certo che i risultati non mancheranno.<\/p>\n<p>&nbsp;<\/p>\n<p>La presenza delle imprese, delle Universit\u00e0, dei cluster tecnologici, delle cooperative, dei consorzi e delle associazioni di categoria della vostra Regione testimonia la capacit\u00e0 di fare rete in maniera efficace. Ma soprattutto mette in evidenza la vostra convinzione che si possa e si debba fare di pi\u00f9 in Giappone, un Paese che offre grandi opportunit\u00e0 per il Sistema Italia anche in vista di ExpoOsaka 2025 e che guarda oggi all\u2019Italia con rinnovato interesse grazie alla decisione presa a gennaio dai due Capi di Governo, Giorgia Meloni e Fumio Kishida, di elevare a \u201cPartenariato strategico\u201d il rapporto bilaterale.<\/p>\n<p>&nbsp;<\/p>\n<p>Questa sera, che coincide con il primo giorno della \u201cSettimana della Cucina Italiana nel Mondo\u201d, d\u00e0 l\u2019avvio alla promozione del comparto agroalimentare dell\u2019Emilia Romagna, caratterizzato da una una chiara e ben definita identit\u00e0 fondata sulla qualit\u00e0, sulla tutela delle eccellenze, sui prodotti DOP e IGP ormai conosciuti in tutto il mondo, anche grazie all\u2019opera straordinaria di chef di eccezione come quelli di Casa Artusi che hanno ideato e realizzato il men\u00f9 di questa sera.<\/p>\n<p>&nbsp;<\/p>\n<p>Ed \u00e8 proprio grazie a un\u2019offerta enogastronomica di eccellenza come quella emiliano-romagnola che lo scorso marzo il Ministero dell\u2019Agricoltura, della Sovranit\u00e0 Alimentare e delle Foreste e il Ministero della Cultura hanno annunciato la candidatura della Cucina italiana come Patrimonio Culturale Immateriale dell\u2019Umanit\u00e0 dell\u2019UNESCO.<\/p>\n<p>&nbsp;<\/p>\n<p>Ringraziando ancora tutti per la vostra presenza questa sera, condivido con voi il breve video di presentazione della nostra candidatura che parla della Cucina italiana, tra sostenibilit\u00e0 e diversit\u00e0 bioculturale.<\/p>\n<p>&nbsp;<\/p>\n<p>Buona serata!<\/p>\n","protected":false},"excerpt":{"rendered":"Presidente Bonaccini, Assessore Colla e Assessore Mammi, Rappresentanti dei comparti produttivi dell\u2019Emilia Romagna, Gentili ospiti, &nbsp; Buonasera e benvenuti da parte mia e di mia moglie Sabina nella storica Residenza dell\u2019Ambasciatore d\u2019Italia a Tokyo. Era il 1929 quando l\u2019Ambasciata fu trasferita qui nell\u2019allora residenza di Masayoshi Matsukata che nell\u2019epoca Meiji aveva preso il posto dei [&hellip;]","protected":false},"author":6,"featured_media":0,"parent":272,"menu_order":0,"comment_status":"closed","ping_status":"closed","template":"","meta":{"footnotes":""},"class_list":["post-3412","page","type-page","status-publish","hentry"],"_links":{"self":[{"href":"https:\/\/ambtokyo.esteri.it\/it\/wp-json\/wp\/v2\/pages\/3412","targetHints":{"allow":["GET"]}}],"collection":[{"href":"https:\/\/ambtokyo.esteri.it\/it\/wp-json\/wp\/v2\/pages"}],"about":[{"href":"https:\/\/ambtokyo.esteri.it\/it\/wp-json\/wp\/v2\/types\/page"}],"author":[{"embeddable":true,"href":"https:\/\/ambtokyo.esteri.it\/it\/wp-json\/wp\/v2\/users\/6"}],"replies":[{"embeddable":true,"href":"https:\/\/ambtokyo.esteri.it\/it\/wp-json\/wp\/v2\/comments?post=3412"}],"version-history":[{"count":2,"href":"https:\/\/ambtokyo.esteri.it\/it\/wp-json\/wp\/v2\/pages\/3412\/revisions"}],"predecessor-version":[{"id":3417,"href":"https:\/\/ambtokyo.esteri.it\/it\/wp-json\/wp\/v2\/pages\/3412\/revisions\/3417"}],"up":[{"embeddable":true,"href":"https:\/\/ambtokyo.esteri.it\/it\/wp-json\/wp\/v2\/pages\/272"}],"wp:attachment":[{"href":"https:\/\/ambtokyo.esteri.it\/it\/wp-json\/wp\/v2\/media?parent=3412"}],"curies":[{"name":"wp","href":"https:\/\/api.w.org\/{rel}","templated":true}]}}