{"id":343,"date":"2022-08-29T05:58:58","date_gmt":"2022-08-29T03:58:58","guid":{"rendered":"https:\/\/ambtokyo.esteri.it\/?page_id=343"},"modified":"2022-08-29T05:58:58","modified_gmt":"2022-08-29T03:58:58","slug":"riacquisto-della-cittadinanza-italiana-a-seguito-di-perdita","status":"publish","type":"page","link":"https:\/\/ambtokyo.esteri.it\/it\/servizi-consolari-e-visti\/servizi-per-il-cittadino-straniero\/cittadinanza\/acquisto-della-cittadinanza-italiana-per-matrimonio-o-unione-civile-con-cittadina-o-cittadino-italiani\/riacquisto-della-cittadinanza-italiana-a-seguito-di-perdita\/","title":{"rendered":"Riacquisto della cittadinanza italiana a seguito di perdita"},"content":{"rendered":"<div>\n<p>La possibilit\u00e0 di riacquistare la cittadinanza italiana da parte di coloro che l&#8217;hanno perduta \u00e8 subordinata alla sussistenza di un legame con l&#8217;Italia che pu\u00f2 concretizzarsi nel trasferimento della residenza nel nostro Paese o nell&#8217;instaurazione di un rapporto di servizio (civile o militare). La materia \u00e8 regolata dalla legge n. 91 del 5 febbraio 1992.<\/p>\n<p>In particolare, l\u2019art. 13 della legge, al comma 1, lettera c) prevede che chi risiede all\u2019estero pu\u00f2 effettuare una dichiarazione di riacquisto della cittadinanza al competente Ufficio consolare. Tuttavia, il riacquisto decorrer\u00e0 solo dal giorno successivo alla data del trasferimento di residenza in Italia. Se il trasferimento in Italia non avviene entro il termine di un anno dalla dichiarazione diventer\u00e0 inefficace.<\/p>\n<p>La dichiarazione deve essere corredata dalla seguente documentazione:<\/p>\n<ul>\n<li>atto di nascita rilasciato dal Comune italiano;<\/li>\n<li>documentazione da cui risulti il trascorso possesso della cittadinanza italiana;<\/li>\n<li>documentazione relativa all\u2019acquisto della cittadinanza straniera;<\/li>\n<li>stato di famiglia;<\/li>\n<li>passaporto;<\/li>\n<li>ricevuta del pagamento di Euro 250,00 effettuato con bonifico bancario con le seguenti modalit\u00e0:\n<ul>\n<li>Banca ricevente: Poste Italiane S.p.A.<\/li>\n<li>Nome beneficiario: Ministero dell\u2019Interno D.L.C.I. \u2013 Cittadinanza<\/li>\n<li>Causale: Legge n. 94\/2009 contributo Euro 250,00<\/li>\n<li>IBAN: IT54D0760103200000000809020<\/li>\n<\/ul>\n<\/li>\n<\/ul>\n<p>Lo stesso articolo 13 prevede anche il riacquisto automatico della cittadinanza (comma 1, lettera d) che interviene dopo che sia trascorso un anno di residenza legale in un Comune italiano. In questo caso non \u00e8 necessaria alcuna dichiarazione da parte dell&#8217;interessato.<\/p>\n<p>In entrambi i casi l\u2019autorit\u00e0 italiana competente a finalizzare la procedura di riacquisto della cittadinanza \u00e8 il Comune di residenza.<\/p>\n<\/div>\n","protected":false},"excerpt":{"rendered":"La possibilit\u00e0 di riacquistare la cittadinanza italiana da parte di coloro che l&#8217;hanno perduta \u00e8 subordinata alla sussistenza di un legame con l&#8217;Italia che pu\u00f2 concretizzarsi nel trasferimento della residenza nel nostro Paese o nell&#8217;instaurazione di un rapporto di servizio (civile o militare). La materia \u00e8 regolata dalla legge n. 91 del 5 febbraio 1992. [&hellip;]","protected":false},"author":6,"featured_media":0,"parent":323,"menu_order":0,"comment_status":"closed","ping_status":"closed","template":"","meta":{"footnotes":""},"class_list":["post-343","page","type-page","status-publish","hentry"],"_links":{"self":[{"href":"https:\/\/ambtokyo.esteri.it\/it\/wp-json\/wp\/v2\/pages\/343","targetHints":{"allow":["GET"]}}],"collection":[{"href":"https:\/\/ambtokyo.esteri.it\/it\/wp-json\/wp\/v2\/pages"}],"about":[{"href":"https:\/\/ambtokyo.esteri.it\/it\/wp-json\/wp\/v2\/types\/page"}],"author":[{"embeddable":true,"href":"https:\/\/ambtokyo.esteri.it\/it\/wp-json\/wp\/v2\/users\/6"}],"replies":[{"embeddable":true,"href":"https:\/\/ambtokyo.esteri.it\/it\/wp-json\/wp\/v2\/comments?post=343"}],"version-history":[{"count":0,"href":"https:\/\/ambtokyo.esteri.it\/it\/wp-json\/wp\/v2\/pages\/343\/revisions"}],"up":[{"embeddable":true,"href":"https:\/\/ambtokyo.esteri.it\/it\/wp-json\/wp\/v2\/pages\/323"}],"wp:attachment":[{"href":"https:\/\/ambtokyo.esteri.it\/it\/wp-json\/wp\/v2\/media?parent=343"}],"curies":[{"name":"wp","href":"https:\/\/api.w.org\/{rel}","templated":true}]}}