{"id":3494,"date":"2023-11-15T01:47:20","date_gmt":"2023-11-15T00:47:20","guid":{"rendered":"https:\/\/ambtokyo.esteri.it\/?page_id=3494"},"modified":"2023-11-15T01:47:20","modified_gmt":"2023-11-15T00:47:20","slug":"intervento-dellambasciatore-ditalia-gianluigi-benedetti-alla-conferenza-stampa-di-presentazione-del-demo-tour-in-giappone-del-aw169-di-leonardo-helicopters-tokyo-30-ottobre-2023","status":"publish","type":"page","link":"https:\/\/ambtokyo.esteri.it\/it\/chi-siamo\/ambasciatore\/discorsi-dellambasciatore__trashed\/intervento-dellambasciatore-ditalia-gianluigi-benedetti-alla-conferenza-stampa-di-presentazione-del-demo-tour-in-giappone-del-aw169-di-leonardo-helicopters-tokyo-30-ottobre-2023\/","title":{"rendered":"Intervento dell\u2019Ambasciatore d\u2019Italia, Gianluigi Benedetti alla Conferenza stampa di presentazione del Demo Tour in Giappone del AW169 di Leonardo Helicopters (Tokyo, 30 ottobre 2023)"},"content":{"rendered":"<p>Buon pomeriggio a tutti e benvenuti, sono particolarmente lieto di aprire questa Conferenza Stampa e di ospitare presso l\u2019Ambasciata d\u2019Italia la presentazione di un nuovo ed importante progetto di Leonardo in Giappone nel settore degli elicotteri, che si aggiunge alla collaborazione con Mitsubishi Heavy Industries per la realizzazione insieme a BAE Systems di un velivolo militare di sesta generazione che tutti voi gia\u2019 conoscete.<\/p>\n<p>&nbsp;<\/p>\n<p>Leonardo \u00e8 in Giappone da oltre 40 anni e negli ultimi decenni il numero di elicotteri di Leonardo Helicopters \u00e8 cresciuto rapidamente fino ad arrivare a contare pi\u00f9 di 160 velivoli attualmente in servizio.<\/p>\n<p>&nbsp;<\/p>\n<p>Circa l\u201980% degli elicotteri sono stati scelti e sono regolarmente impiegati dalla Marina, dalla Guardia Costiera e dalla Polizia giapponese in operazioni di ricerca e salvataggio, di soccorso in caso di incendio e calamit\u00e0 naturali e \u2013 non da ultimo &#8211; nella fornitura di servizi medici di emergenza.<\/p>\n<p>&nbsp;<\/p>\n<p>Ma gli elicotteri Leonardo sono oggi anche scelti per il trasporto VIP\/Corporate e il trasporto aereo di persone, attrezzature e materiali di lavoro in modo sicuro, rapido ed efficiente, al fine di garantire la massima produttivit\u00e0 e flessibilit\u00e0 anche in contesti non semplici.<\/p>\n<p>&nbsp;<\/p>\n<p>L\u2019approdo in Giappone del velivolo che presentiamo oggi &#8211; un modello AW169, configurato per l\u2019impiego nella fornitura di servizi medici di emergenza (<em>Emergency Medical Services)<\/em> &#8211; e l\u2019avvio di un tour dimostrativo testimonia il continuo impegno dell\u2019azienda italiana nei confronti dei clienti giapponesi e, in particolare, il sostegno che Leonardo Helicopters intende assicurare al mercato del servizio pubblico.<\/p>\n<p>&nbsp;<\/p>\n<p>Il <em>Demo Tour<\/em>, che avr\u00e0 inizio a breve, durer\u00e0 un intero mese ed attraverser\u00e0 il Giappone dall\u2019Hokkaido ad Okinawa. \u00c8 specificamente pensato per consentire agli operatori dei servizi di emergenza sanitaria, alle organizzazioni di ricerca e soccorso e alle forze dell&#8217;ordine di \u201ctoccare con mano\u201d le potenzialit\u00e0 dell\u2019elicottero AW169, la performance sul campo, i requisiti di sicurezza e di efficacia che sono indispensabili a garantire un soccorso tempestivo e di successo.<\/p>\n<p>Prima di passare la parola a Daniele Alzetta di Leonardo Helicopters che illustrer\u00e0 le specifiche tecniche e innovative del AW169 e le sue molteplici aree di impiego vi ringrazio per la vostra presenza oggi faccio mille auguri di successo al team di Leonardo Helicopters, una realt\u00e0 globale presente in 150 paesi, capace di raccontare un\u2019Italia innovativa, all\u2019avanguardia, fortemente tecnologica, di cui come italiani siamo fortemente orgogliosi.<\/p>\n<p>Grazie.<\/p>\n","protected":false},"excerpt":{"rendered":"Buon pomeriggio a tutti e benvenuti, sono particolarmente lieto di aprire questa Conferenza Stampa e di ospitare presso l\u2019Ambasciata d\u2019Italia la presentazione di un nuovo ed importante progetto di Leonardo in Giappone nel settore degli elicotteri, che si aggiunge alla collaborazione con Mitsubishi Heavy Industries per la realizzazione insieme a BAE Systems di un velivolo [&hellip;]","protected":false},"author":6,"featured_media":0,"parent":272,"menu_order":0,"comment_status":"closed","ping_status":"closed","template":"","meta":{"footnotes":""},"class_list":["post-3494","page","type-page","status-publish","hentry"],"_links":{"self":[{"href":"https:\/\/ambtokyo.esteri.it\/it\/wp-json\/wp\/v2\/pages\/3494","targetHints":{"allow":["GET"]}}],"collection":[{"href":"https:\/\/ambtokyo.esteri.it\/it\/wp-json\/wp\/v2\/pages"}],"about":[{"href":"https:\/\/ambtokyo.esteri.it\/it\/wp-json\/wp\/v2\/types\/page"}],"author":[{"embeddable":true,"href":"https:\/\/ambtokyo.esteri.it\/it\/wp-json\/wp\/v2\/users\/6"}],"replies":[{"embeddable":true,"href":"https:\/\/ambtokyo.esteri.it\/it\/wp-json\/wp\/v2\/comments?post=3494"}],"version-history":[{"count":1,"href":"https:\/\/ambtokyo.esteri.it\/it\/wp-json\/wp\/v2\/pages\/3494\/revisions"}],"predecessor-version":[{"id":3495,"href":"https:\/\/ambtokyo.esteri.it\/it\/wp-json\/wp\/v2\/pages\/3494\/revisions\/3495"}],"up":[{"embeddable":true,"href":"https:\/\/ambtokyo.esteri.it\/it\/wp-json\/wp\/v2\/pages\/272"}],"wp:attachment":[{"href":"https:\/\/ambtokyo.esteri.it\/it\/wp-json\/wp\/v2\/media?parent=3494"}],"curies":[{"name":"wp","href":"https:\/\/api.w.org\/{rel}","templated":true}]}}