{"id":3698,"date":"2023-11-20T02:09:30","date_gmt":"2023-11-20T01:09:30","guid":{"rendered":"https:\/\/ambtokyo.esteri.it\/?page_id=3698"},"modified":"2023-11-20T02:10:47","modified_gmt":"2023-11-20T01:10:47","slug":"intervento-dellambasciatore-ditalia-gianluigi-benedetti-in-occasione-della-serata-puglia-petruzzelli-istituto-italiano-di-cultura-di-tokyo-13-novembre-2023","status":"publish","type":"page","link":"https:\/\/ambtokyo.esteri.it\/it\/chi-siamo\/ambasciatore\/discorsi-dellambasciatore__trashed\/intervento-dellambasciatore-ditalia-gianluigi-benedetti-in-occasione-della-serata-puglia-petruzzelli-istituto-italiano-di-cultura-di-tokyo-13-novembre-2023\/","title":{"rendered":"Intervento dell&#8217;Ambasciatore d&#8217;Italia, Gianluigi Benedetti, in occasione della serata Puglia-Teatro Petruzzelli (Istituto Italiano di Cultura di Tokyo, 13 novembre 2023)"},"content":{"rendered":"<p>Gentili signore e signori, \u00e8 un piacere accogliervi qui, in quella che a Tokyo \u00e8 la casa della cultura italiana ed \u00e8 ancora pi\u00f9 bello farlo celebrando la Puglia, una Regione che nei giorni scorsi e in questa settimana presenta in Giappone il proprio sistema territoriale, ricco di eccellenze che spaziano dall\u2019industria alla cultura, dal turismo alle produzioni alimentari.<\/p>\n<p>&nbsp;<\/p>\n<p>Nella Settimana della cucina italiana nel mondo che si apre oggi, oltre ai molti eventi legati alla cucina e ai prodotti pugliesi che si terranno nei prossimi giorni, stasera vogliamo presentare la Puglia legando poesia e musica, grazie all\u2019autrice Tiziana Di Molfetta e a uno dei principali teatri d\u2019Italia, il Petruzzelli di Bari con il suo prestigioso quartetto d\u2019archi.<\/p>\n<p>&nbsp;<\/p>\n<p>Quattro giovani promesse \u2013 Gabriele Ceci, Saveria Mastromatteo, Federico Regesta e Giuseppe Caraballese \u2013 ci propongono un programma ricco di contrasti e sfumature, che ci riporteranno immediatamente con l\u2019immaginazione in Italia.<\/p>\n<p>&nbsp;<\/p>\n<p>Le poesie di Tiziana Di Molfetta, tradotte anche in giapponese, saranno come un ponte linguistico e culturale, completando il nostro viaggio sensoriale. La delicatezza e la potenza espressiva delle sue parole aggiungeranno un ulteriore strato di significato e profondit\u00e0 all&#8217;esperienza che stiamo per vivere.<\/p>\n<p>&nbsp;<\/p>\n<p>Questa serata \u00e8 un&#8217;occasione per celebrare la bellezza della diversit\u00e0 culturale, per condividere emozioni e per creare connessioni durature tra le nostre comunit\u00e0. Siamo grati per la partecipazione di ciascuno di voi e speriamo che questa serata sia un ricordo prezioso e duraturo della cultura italiana e pugliese qui a Tokyo.<\/p>\n<p>&nbsp;<\/p>\n<p>Vi invito quindi a immergervi completamente in questa esperienza unica, tra poesia, musica e il calore della Puglia. Buon viaggio!<\/p>\n","protected":false},"excerpt":{"rendered":"Gentili signore e signori, \u00e8 un piacere accogliervi qui, in quella che a Tokyo \u00e8 la casa della cultura italiana ed \u00e8 ancora pi\u00f9 bello farlo celebrando la Puglia, una Regione che nei giorni scorsi e in questa settimana presenta in Giappone il proprio sistema territoriale, ricco di eccellenze che spaziano dall\u2019industria alla cultura, dal [&hellip;]","protected":false},"author":6,"featured_media":0,"parent":272,"menu_order":0,"comment_status":"closed","ping_status":"closed","template":"","meta":{"footnotes":""},"class_list":["post-3698","page","type-page","status-publish","hentry"],"_links":{"self":[{"href":"https:\/\/ambtokyo.esteri.it\/it\/wp-json\/wp\/v2\/pages\/3698","targetHints":{"allow":["GET"]}}],"collection":[{"href":"https:\/\/ambtokyo.esteri.it\/it\/wp-json\/wp\/v2\/pages"}],"about":[{"href":"https:\/\/ambtokyo.esteri.it\/it\/wp-json\/wp\/v2\/types\/page"}],"author":[{"embeddable":true,"href":"https:\/\/ambtokyo.esteri.it\/it\/wp-json\/wp\/v2\/users\/6"}],"replies":[{"embeddable":true,"href":"https:\/\/ambtokyo.esteri.it\/it\/wp-json\/wp\/v2\/comments?post=3698"}],"version-history":[{"count":2,"href":"https:\/\/ambtokyo.esteri.it\/it\/wp-json\/wp\/v2\/pages\/3698\/revisions"}],"predecessor-version":[{"id":3702,"href":"https:\/\/ambtokyo.esteri.it\/it\/wp-json\/wp\/v2\/pages\/3698\/revisions\/3702"}],"up":[{"embeddable":true,"href":"https:\/\/ambtokyo.esteri.it\/it\/wp-json\/wp\/v2\/pages\/272"}],"wp:attachment":[{"href":"https:\/\/ambtokyo.esteri.it\/it\/wp-json\/wp\/v2\/media?parent=3698"}],"curies":[{"name":"wp","href":"https:\/\/api.w.org\/{rel}","templated":true}]}}