{"id":3946,"date":"2024-01-03T03:23:43","date_gmt":"2024-01-03T02:23:43","guid":{"rendered":"https:\/\/ambtokyo.esteri.it\/?page_id=3946"},"modified":"2025-11-20T05:39:39","modified_gmt":"2025-11-20T04:39:39","slug":"carta-didentita-elettronica","status":"publish","type":"page","link":"https:\/\/ambtokyo.esteri.it\/it\/servizi-consolari-e-visti\/servizi-per-il-cittadino-italiano\/carta-didentita-elettronica\/","title":{"rendered":"Carta d\u2019identit\u00e0 elettronica"},"content":{"rendered":"<p><strong>I connazionali iscritti all\u2019AIRE nella circoscrizione consolare di Tokyo possono richiedere il rilascio della Carta d\u2019identit\u00e0 elettronica<\/strong>. Dopo l\u2019acquisizione dei dati biometrici presso l\u2019ufficio consolare, la tessera viene spedita per posta a casa del richiedente entro due\/tre settimane dall\u2019appuntamento.<\/p>\n<ol>\n<li><strong>Che cos\u2019\u00e8 la carta d\u2019identit\u00e0 elettronica?<\/strong><br \/>\nLa carta d\u2019identit\u00e0 elettronica (CIE) \u00e8 un documento personale di riconoscimento valido per identificarsi e circolare nell\u2019Unione Europea, negli Stati aderenti all\u2019accordo di Schengen e in altri Stati con cui sono stati raggiunti accordi bilaterali (vedasi le singole \u201cschede Paese\u201d sul sito <a href=\"http:\/\/www.viaggiaresicuri.it\/\">www.viaggiaresicuri.it<\/a>).<br \/>\nRispetto alla versione cartacea, la CIE riporta anche il codice fiscale e attraverso un microchip e un codice PIN permette l\u2019accesso ai servizi digitali della Pubblica Amministrazione e ai servizi privati che aderiscono al servizio, proprio come lo SPID. Attraverso l\u2019app CieSign, \u00e8 possibile firmare elettronicamente documenti.<\/li>\n<li><strong>A chi pu\u00f2 essere rilasciata la carta d\u2019identit\u00e0 elettronica?<\/strong><br \/>\n<strong>Ai cittadini italiani regolarmente residenti in questa circoscrizione consolare con iscrizione AIRE completa.<\/strong><br \/>\n<strong>Nel caso si sia cambiato l\u2019indirizzo di residenza<\/strong> (rispetto a quello comunicato in precedenza all\u2019Ufficio consolare), \u00e8 necessario chiedere la variazione di indirizzo tramite il portale Fast It prima di procedere alla prenotazione dell\u2019appuntamento.<\/li>\n<li><strong>Quando si pu\u00f2 richiedere?<\/strong><br \/>\n\u2022 In assenza o in sostituzione di una carta di identit\u00e0 cartacea valida;<br \/>\n\u2022 in caso di furto, smarrimento o deterioramento della carta precedente<br \/>\n\u2022 in caso di scadenza di precedente CIE.<\/li>\n<li><strong>Come si richiede la carta d\u2019identit\u00e0 elettronica?<\/strong><br \/>\nLa richiesta della carta d\u2019identit\u00e0 elettronica deve essere presso la Cancelleria consolare, previa prenotazione dell\u2019appuntamento sul sito <a href=\"https:\/\/prenotami.esteri.it\/\">Prenot@mi<\/a>, dove il richiedente inserisce le informazioni e allega i documenti richiesti. Per consentire la verifica delle informazioni inserite e la rettifica dei dati registrati presso il Comune di residenza, <strong>il primo appuntamento \u00e8 reso disponibile a distanza di 15 giorni<\/strong> dal momento della ricerca.<br \/>\n<strong>ATTENZIONE: nel caso in cui, a seguito di verifiche, emergessero elementi che impedissero la lavorazione della richiesta di rilascio della CIE, il connazionale sar\u00e0 informato sulle motivazioni del rigetto.<\/strong><\/li>\n<li><strong>\u00c8 possibile chiedere l\u2019appuntamento per i miei figli minori?<\/strong><br \/>\nS\u00ec. In fase di prenotazione dell\u2019appuntamento bisogner\u00e0 <strong>compilare una scheda per ciascun richiedente<\/strong>.<\/li>\n<li><strong>Qual \u00e8 la documentazione necessaria da portare con s\u00e9 al momento dell\u2019appuntamento per richiedere la carta d\u2019identit\u00e0 elettronica?<\/strong><br \/>\n1. Una fotografia formato tessera recente conforme agli <a href=\"https:\/\/ambtokyo.esteri.it\/wp-content\/uploads\/2024\/01\/Standard-foto-ICAO.jpg\">standard internazionali ICAO<\/a>;<br \/>\n2. Carta di identit\u00e0 precedente. In mancanza di questa, un documento di riconoscimento (anche se scaduto);<br \/>\n3. Dichiarazione di smarrimento\/furto della carta precedente, se del caso;<br \/>\n4. Atto di assenso di entrambi genitori nel caso in cui il richiedente sia un minore di 18 anni (v. punto 10).<\/li>\n<li><strong>Quali operazioni sono effettuate il giorno dell\u2019appuntamento?<\/strong><br \/>\nIl giorno dell\u2019appuntamento, l\u2019operatore consolare acquisisce la documentazione indicata al punto precedente, effettua il riconoscimento e la verifica della foto e acquisisce le impronte digitali e la firma (salvo per i minori di anni 12 e in caso di impedimento fisico).<\/li>\n<li><strong>Come si riceve la carta d\u2019identit\u00e0 elettronica?<\/strong><br \/>\nLa CIE \u00e8 emessa dal Ministero dell\u2019Interno e prodotta dall\u2019Istituto Poligrafico e Zecca dello Stato, che la spedisce, a mezzo posta raccomandata, all\u2019indirizzo di residenza dichiarato dal richiedente. Il connazionale potr\u00e0 seguire la spedizione autonomamente online, attraverso il codice di tracciamento.<\/li>\n<li><strong>Quanto tempo vale la carta d\u2019identit\u00e0 elettronica?<\/strong><br \/>\nLa validit\u00e0 della carta d\u2019identit\u00e0 elettronica varia a seconda dell\u2019et\u00e0 del titolare ed \u00e8 di:<br \/>\n\u2013 3 anni di validit\u00e0 per i minori di et\u00e0 compresa tra 0 e 3 anni;<br \/>\n\u2013 5 anni di validit\u00e0 per i minori di et\u00e0 compresa tra 4 e 17 anni;<br \/>\n\u2013 10 anni di validit\u00e0 per maggiorenni.<\/li>\n<li><strong>Quanto costa la carta d\u2019identit\u00e0 elettronica?<\/strong><br \/>\n<strong>I costi di emissione e di spedizione della CIE ammontano a: <\/strong><br \/>\n<strong>\u2022 euro 21,95 per il rilascio di una nuova tessera (prima emissione);<\/strong><br \/>\n<strong>\u2022 euro 27,11 per il rilascio di un duplicato.<\/strong><br \/>\n<strong>Consulta le <a href=\"https:\/\/ambtokyo.esteri.it\/it\/servizi-consolari-e-visti\/servizi-per-il-cittadino-italiano\/altri-servizi\/tariffe-consolari\/\">tariffe consolari<\/a> per il pagamento in yen, in contanti.<\/strong><\/li>\n<li><strong>Cos\u2019\u00e8 l\u2019atto di assenso?<\/strong><br \/>\nL\u2019assenso per il rilascio della carta di identit\u00e0 per minorenni \u00e8 necessario anche in caso di genitori non sposati, separati o divorziati. <strong>Se l\u2019altro genitore \u00e8 un cittadino dell\u2019UE<\/strong>, non \u00e8 necessaria la presenza in Consolato dello stesso. Sar\u00e0 sufficiente il <a href=\"https:\/\/ambtokyo.esteri.it\/wp-content\/uploads\/2024\/01\/Modulo-assenso-per-passaporti-CIE.pdf\">modulo di assenso<\/a> compilato e firmato insieme a una fotocopia del passaporto o carta d\u2019identit\u00e0 di chi concede l\u2019assenso, per il confronto delle firme.<br \/>\nSe il genitore che concede l\u2019assenso non un cittadino dell\u2019UE, deve firmare la dichiarazione di assenso in una delle seguenti modalit\u00e0:<br \/>\n\u2022 presso la Cancelleria consolare il giorno dell\u2019appuntamento, munito di documento di identit\u00e0;<br \/>\n\u2022 presso un <strong>qualsiasi notaio giapponese<\/strong>. La dichiarazione autenticata dal notaio dovr\u00e0 poi essere legalizzata mediante apostille e successivamente tradotta;<br \/>\n\u2022 presso un funzionario della Pubblica Amministrazione in Italia;<br \/>\n\u2022 presso un funzionario di una qualsiasi Ambasciata o Consolato italiano nel mondo.<br \/>\n<strong>In caso di decesso di uno dei genitori<\/strong> occorre presentare una copia del certificato di morte.<br \/>\nNel caso in cui non fosse possibile ottenere l\u2019assenso dell\u2019altro genitore, sar\u00e0 necessario chiedere l\u2019emissione di un Decreto del Giudice Tutelare.<\/li>\n<li><strong>Devo chiedere una nuova carta se cambio indirizzo?<\/strong><br \/>\nNo. La carta d\u2019identit\u00e0 \u00e8 un documento di identit\u00e0 e non di residenza.<\/li>\n<li><strong>\u00c8 possibile per le donne sposate inserire il cognome del marito?<\/strong><br \/>\nNo. La carta d\u2019identit\u00e0 \u00e8 un documento di identit\u00e0 e non di stato civile.<\/li>\n<li><strong>Posso richiedere la carta di identit\u00e0 presso il mio Comune in Italia, anche se residente all\u2019estero?<\/strong><br \/>\nIl connazionale dovr\u00e0 verificare con il Comune in Italia.<\/li>\n<\/ol>\n","protected":false},"excerpt":{"rendered":"I connazionali iscritti all\u2019AIRE nella circoscrizione consolare di Tokyo possono richiedere il rilascio della Carta d\u2019identit\u00e0 elettronica. Dopo l\u2019acquisizione dei dati biometrici presso l\u2019ufficio consolare, la tessera viene spedita per posta a casa del richiedente entro due\/tre settimane dall\u2019appuntamento. Che cos\u2019\u00e8 la carta d\u2019identit\u00e0 elettronica? La carta d\u2019identit\u00e0 elettronica (CIE) \u00e8 un documento personale di [&hellip;]","protected":false},"author":6,"featured_media":3935,"parent":824,"menu_order":0,"comment_status":"closed","ping_status":"closed","template":"","meta":{"footnotes":""},"class_list":["post-3946","page","type-page","status-publish","has-post-thumbnail","hentry"],"_links":{"self":[{"href":"https:\/\/ambtokyo.esteri.it\/it\/wp-json\/wp\/v2\/pages\/3946","targetHints":{"allow":["GET"]}}],"collection":[{"href":"https:\/\/ambtokyo.esteri.it\/it\/wp-json\/wp\/v2\/pages"}],"about":[{"href":"https:\/\/ambtokyo.esteri.it\/it\/wp-json\/wp\/v2\/types\/page"}],"author":[{"embeddable":true,"href":"https:\/\/ambtokyo.esteri.it\/it\/wp-json\/wp\/v2\/users\/6"}],"replies":[{"embeddable":true,"href":"https:\/\/ambtokyo.esteri.it\/it\/wp-json\/wp\/v2\/comments?post=3946"}],"version-history":[{"count":4,"href":"https:\/\/ambtokyo.esteri.it\/it\/wp-json\/wp\/v2\/pages\/3946\/revisions"}],"predecessor-version":[{"id":3955,"href":"https:\/\/ambtokyo.esteri.it\/it\/wp-json\/wp\/v2\/pages\/3946\/revisions\/3955"}],"up":[{"embeddable":true,"href":"https:\/\/ambtokyo.esteri.it\/it\/wp-json\/wp\/v2\/pages\/824"}],"wp:featuredmedia":[{"embeddable":true,"href":"https:\/\/ambtokyo.esteri.it\/it\/wp-json\/wp\/v2\/media\/3935"}],"wp:attachment":[{"href":"https:\/\/ambtokyo.esteri.it\/it\/wp-json\/wp\/v2\/media?parent=3946"}],"curies":[{"name":"wp","href":"https:\/\/api.w.org\/{rel}","templated":true}]}}