{"id":4042,"date":"2024-01-30T05:19:19","date_gmt":"2024-01-30T04:19:19","guid":{"rendered":"https:\/\/ambtokyo.esteri.it\/?page_id=4042"},"modified":"2024-01-30T05:19:19","modified_gmt":"2024-01-30T04:19:19","slug":"intervento-dellambasciatore-ditalia-gianluigi-benedetti-in-occasione-del-giorno-della-memoria-e-della-presentazione-del-libro-il-diario-di-guido-levi-istituto-italiano-di-cul","status":"publish","type":"page","link":"https:\/\/ambtokyo.esteri.it\/it\/chi-siamo\/ambasciatore\/discorsi-dellambasciatore__trashed\/intervento-dellambasciatore-ditalia-gianluigi-benedetti-in-occasione-del-giorno-della-memoria-e-della-presentazione-del-libro-il-diario-di-guido-levi-istituto-italiano-di-cul\/","title":{"rendered":"Intervento dell&#8217;Ambasciatore d&#8217;Italia, Gianluigi Benedetti, in occasione del Giorno della Memoria  e della presentazione del libro \u201cIl diario di Guido Levi\u201d (Istituto Italiano di Cultura di Tokyo, 26 gennaio 2024)"},"content":{"rendered":"<p>Gentili signore e signori,<\/p>\n<p>&nbsp;<\/p>\n<p>anche qui a Tokyo, come in tutta Italia e nelle sedi diplomatiche nel mondo, ci ritroviamo oggi per onorare il Giorno della Memoria.<\/p>\n<p>&nbsp;<\/p>\n<p>A 79 anni dalla liberazione del campo di concentramento di Auschwitz, \u00e8 ancora importante conoscere e ricordare la tragedia della Shoah, una pagina oscura della Storia che non possiamo permettere che cada nell\u2019oblio.<\/p>\n<p>&nbsp;<\/p>\n<p>Ricordiamo la Shoah come la pi\u00f9 grande violazione dei diritti umani di sempre, una ferita cos\u00ec da grave da far coniare un nuovo termine, quello di \u201cgenocidio\u201d.<\/p>\n<p>&nbsp;<\/p>\n<p>Conoscere i fatti storici di quegli anni, anche attraverso le vicende personali dei protagonisti &#8211; spesso involontari, come il piccolo Guido Levi &#8211; serve a capire davvero la portata di quell\u2019avvenimento e a motivare tutti noi affinch\u00e9 ci\u00f2 non si ripeta pi\u00f9. Pensare, invece, che il tema non ci riguardi, \u00e8 il primo passo verso un abisso di indifferenza e dolore che pu\u00f2 sempre ripresentarsi.<\/p>\n<p>&nbsp;<\/p>\n<p>Negli anni in cui ho rappresentato l\u2019Italia presso l\u2019International Holocaust Remembrance Alliance e poi come Ambasciatore in Israele, \u00e8 stata elaborata una definizione di antisemitismo che \u00e8 stata poi alla base di leggi nazionali e risoluzioni internazionali.<\/p>\n<p>&nbsp;<\/p>\n<p>Questi strumenti, oltre a una importante azione di istruzione e sensibilizzazione sul tema, sono fondamentali per prevenire e reprimere i crimini d\u2019odio.<\/p>\n<p>&nbsp;<\/p>\n<p>Credo che non ci sia modo migliore di imparare questa lezione che attraverso l\u2019esperienza diretta di Guido Levi che ci viene presentata oggi da sua figlia Francesca.<\/p>\n<p>&nbsp;<\/p>\n<p>Il prezioso lavoro di testimonianza di tanti sopravvissuti alla Shoah, come anche la Senatrice Liliana Segre, \u00e8 la pi\u00f9 viva rappresentazione della resilienza umana di fronte alle atrocit\u00e0 e alla brutalit\u00e0 dell&#8217;Olocausto. Attraverso le storie personali emergono infatti non solo gli orrori del passato, ma anche la straordinaria forza e determinazione di coloro che hanno resistito e superato tali tragedie.<\/p>\n<p>&nbsp;<\/p>\n<p>In un mondo in cui la memoria storica pu\u00f2 svanire nel tempo, le testimonianze dei sopravvissuti alla Shoah assumono un ruolo fondamentale nell&#8217;educare le persone sulle conseguenze dell&#8217;indifferenza e dell&#8217;odio. Queste storie ci chiamano all&#8217;azione, spingendoci a promuovere la tolleranza, il rispetto e la comprensione reciproca.<\/p>\n<p>&nbsp;<\/p>\n<p>Questo evento, quindi, non \u00e8 solo un&#8217;occasione per ricordare e onorare coloro che hanno sofferto, ma anche per celebrare la forza dello spirito umano nel perseguire la giustizia e nell&#8217;opporsi al male.<\/p>\n<p>&nbsp;<\/p>\n<p>Ringrazio Manuela De Leonardis per la cura editoriale di questo progetto, Giusy Lauriola per le straordinarie illustrazioni, Ermanno Tedeschi per essere venuto apposta a Tokyo per questa occasione e Silvana De Maio e l&#8217;Istituto Italiano di Cultura Tokyo per aver reso possibile questo incontro.<\/p>\n","protected":false},"excerpt":{"rendered":"Gentili signore e signori, &nbsp; anche qui a Tokyo, come in tutta Italia e nelle sedi diplomatiche nel mondo, ci ritroviamo oggi per onorare il Giorno della Memoria. &nbsp; A 79 anni dalla liberazione del campo di concentramento di Auschwitz, \u00e8 ancora importante conoscere e ricordare la tragedia della Shoah, una pagina oscura della Storia [&hellip;]","protected":false},"author":6,"featured_media":0,"parent":272,"menu_order":0,"comment_status":"closed","ping_status":"closed","template":"","meta":{"footnotes":""},"class_list":["post-4042","page","type-page","status-publish","hentry"],"_links":{"self":[{"href":"https:\/\/ambtokyo.esteri.it\/it\/wp-json\/wp\/v2\/pages\/4042","targetHints":{"allow":["GET"]}}],"collection":[{"href":"https:\/\/ambtokyo.esteri.it\/it\/wp-json\/wp\/v2\/pages"}],"about":[{"href":"https:\/\/ambtokyo.esteri.it\/it\/wp-json\/wp\/v2\/types\/page"}],"author":[{"embeddable":true,"href":"https:\/\/ambtokyo.esteri.it\/it\/wp-json\/wp\/v2\/users\/6"}],"replies":[{"embeddable":true,"href":"https:\/\/ambtokyo.esteri.it\/it\/wp-json\/wp\/v2\/comments?post=4042"}],"version-history":[{"count":1,"href":"https:\/\/ambtokyo.esteri.it\/it\/wp-json\/wp\/v2\/pages\/4042\/revisions"}],"predecessor-version":[{"id":4044,"href":"https:\/\/ambtokyo.esteri.it\/it\/wp-json\/wp\/v2\/pages\/4042\/revisions\/4044"}],"up":[{"embeddable":true,"href":"https:\/\/ambtokyo.esteri.it\/it\/wp-json\/wp\/v2\/pages\/272"}],"wp:attachment":[{"href":"https:\/\/ambtokyo.esteri.it\/it\/wp-json\/wp\/v2\/media?parent=4042"}],"curies":[{"name":"wp","href":"https:\/\/api.w.org\/{rel}","templated":true}]}}