{"id":41,"date":"2022-08-02T09:12:54","date_gmt":"2022-08-02T07:12:54","guid":{"rendered":"https:\/\/ambtokyo.esteri.it\/?page_id=41"},"modified":"2026-03-10T03:24:16","modified_gmt":"2026-03-10T02:24:16","slug":"ambasciatore","status":"publish","type":"page","link":"https:\/\/ambtokyo.esteri.it\/it\/chi-siamo\/ambasciatore\/","title":{"rendered":"L&#8217;Ambasciatore"},"content":{"rendered":"<p><img loading=\"lazy\" decoding=\"async\" class=\"img-fluid wp-image-7673 size-medium alignright\" src=\"https:\/\/ambtokyo.esteri.it\/wp-content\/uploads\/2026\/02\/Amb_Vattani_profilo-300x200.jpeg\" alt=\"\" width=\"300\" height=\"200\" srcset=\"https:\/\/ambtokyo.esteri.it\/wp-content\/uploads\/2026\/02\/Amb_Vattani_profilo-300x200.jpeg 300w, https:\/\/ambtokyo.esteri.it\/wp-content\/uploads\/2026\/02\/Amb_Vattani_profilo-1024x682.jpeg 1024w, https:\/\/ambtokyo.esteri.it\/wp-content\/uploads\/2026\/02\/Amb_Vattani_profilo-768x512.jpeg 768w, https:\/\/ambtokyo.esteri.it\/wp-content\/uploads\/2026\/02\/Amb_Vattani_profilo.jpeg 1600w\" sizes=\"auto, (max-width: 300px) 100vw, 300px\" \/><\/p>\n<p>Cari connazionali e cari amici giapponesi,<\/p>\n<p>dopo l\u2019importante esperienza di Expo 2025 Osaka, dove con il Padiglione Italia si \u00e8 rafforzata la presenza e la visibilit\u00e0 dell\u2019Italia in questo straordinario Paese,\u00a0ho adesso l\u2019onore e la gioia di iniziare la mia missione come Ambasciatore d\u2019Italia in Giappone.<\/p>\n<p>Le relazioni tra Italia e Giappone attraversano oggi una fase particolarmente positiva. La recente visita del Presidente del Consiglio Giorgia Meloni, accolta con grande calore dal Primo Ministro Sanae Takaichi e dalle autorit\u00e0 giapponesi, ha confermato la profondit\u00e0 e la qualit\u00e0 del nostro rapporto bilaterale. In quell\u2019occasione i nostri Capi di Governo hanno ribadito la volont\u00e0 di rafforzare ulteriormente una relazione che \u00e8 stata oggi elevata a Partenariato Strategico Speciale, riconoscendo il ruolo che Italia e Giappone possono svolgere insieme in un contesto internazionale complesso e in continua evoluzione.<\/p>\n<p>La bussola che orienta adesso la nostra azione comune \u00e8 il <a href=\"https:\/\/www.governo.it\/sites\/governo.it\/files\/Japan-Italy_Action_Plan_2024-2027_0.pdf\">Piano d\u2019Azione Italia-Giappone<\/a>, che guida la cooperazione tra i nostri due Paesi in numerosi ambiti: dal dialogo politico e strategico alla sicurezza, dall\u2019economia all\u2019innovazione tecnologica, dalla ricerca scientifica alla cultura. Proprio nella capacit\u00e0 di mettere in relazione questi diversi campi \u2013 cultura, scienza, tecnologia, industria \u2013 risiede uno dei tratti pi\u00f9 originali e promettenti della collaborazione tra Italia e Giappone.<\/p>\n<p>L\u2019immagine della bussola richiama anche una pagina fondamentale della nostra storia comune. Proprio 160 anni fa, nel 1866, a bordo della nave italiana Magenta fu firmato il primo Trattato di Amicizia e Commercio tra Italia e Giappone. Da allora il rapporto tra le nostre Nazioni si \u00e8 sviluppato con continuit\u00e0, fondato sul rispetto reciproco, sulla curiosit\u00e0 culturale e su una crescente collaborazione economica e scientifica.<\/p>\n<p>Questo anniversario, inaugurato dalla visita del Presidente del Consiglio a Tokyo, rappresenta non soltanto un momento di celebrazione, ma anche un\u2019occasione per rinnovare e ampliare le nostre iniziative. Le attivit\u00e0 di quest\u2019anno in Giappone sono iniziate con la splendida mostra al Museo di Belle Arti di Osaka che ha riunito capolavori straordinari come l\u2019Atlante Farnese, i fogli del Codice Atlantico di Leonardo da Vinci e il Gonfalone della Giustizia del Perugino. Un evento che testimonia la forza della nostra tradizione artistica, ma anche il dialogo profondo tra le nostre culture.<\/p>\n<p>Nel corso dei prossimi mesi le nostre iniziative culturali si moltiplicheranno, sempre affiancandosi a numerose attivit\u00e0 nei campi della ricerca, dell\u2019innovazione, dell\u2019industria e della formazione. Italia e Giappone condividono oggi molte sfide: lo sviluppo delle tecnologie avanzate, la transizione energetica, la sicurezza economica, la sostenibilit\u00e0, l\u2019esplorazione spaziale, le scienze della vita. In tutti questi ambiti la collaborazione tra i nostri due Paesi offre opportunit\u00e0 straordinarie.<\/p>\n<p>In questo quadro assume un ruolo particolarmente importante l\u2019Italy\u2013Japan Business Group, che rappresenta uno strumento prezioso di dialogo industriale tra le nostre imprese e le istituzioni dei due Paesi. Attraverso questo prezioso forum possiamo rafforzare il confronto strategico tra i nostri sistemi produttivi e promuovere nuove partnership industriali, tecnologiche e scientifiche.<\/p>\n<p>Il rapporto economico tra Italia e Giappone, infatti, non si basa soltanto sull\u2019export \u2013 che naturalmente vogliamo continuare a far crescere, portando e presentando in Giappone i nostri prodotti, la qualit\u00e0 delle nostre imprese e le eccellenze del Made in Italy. Sempre di pi\u00f9 la nostra relazione economica dovr\u00e0 fondarsi su collaborazioni industriali e tecnologiche nei settori di punta, dallo spazio all\u2019aerospazio, dalla robotica alle tecnologie digitali, dall\u2019energia alle scienze della vita, dalla ricerca avanzata alla manifattura di nuova generazione.<\/p>\n<p>Le imprese italiane operano in Giappone con crescente successo grazie alla qualit\u00e0 delle nostre competenze, alla capacit\u00e0 di innovare e alla credibilit\u00e0 del Sistema Italia. Accanto al prestigio delle nostre eccellenze tradizionali \u2013 dalla moda al design, dall\u2019agroalimentare alla cultura \u2013 emerge con sempre maggiore forza in Giappone l\u2019immagine di un\u2019Italia tecnologica, scientifica e industriale di avanguardia.<\/p>\n<p>In questo contesto, il ruolo dell\u2019Ambasciata e dell\u2019intero Sistema Italia in Giappone sar\u00e0 quello di favorire nuove collaborazioni, sostenere le imprese italiane e rafforzare ulteriormente i legami tra universit\u00e0, centri di ricerca, istituzioni culturali e comunit\u00e0 creative dei due Paesi.<\/p>\n<p>Desidero rivolgere un saluto riconoscente ai miei predecessori e un ringraziamento sincero alla comunit\u00e0 italiana in Giappone, che con il suo impegno quotidiano contribuisce a dare prestigio al nostro Paese. So anche di poter contare sull\u2019amicizia e sulla stima di tanti partner giapponesi che, nel corso degli anni, hanno costruito con l\u2019Italia rapporti solidi e duraturi.<\/p>\n<p>Guardando al futuro, il mio impegno sar\u00e0 quello di rafforzare ulteriormente questo straordinario rapporto tra Italia e Giappone, promuovendo nuove iniziative e collaborazioni, nel segno della fiducia, dell\u2019innovazione e dell\u2019amicizia tra le nostre due Nazioni.<\/p>\n<p>Mario Andrea Vattani<br \/>\nAmbasciatore d\u2019Italia in Giappone<\/p>\n<p>&nbsp;<\/p>\n<p>&gt; <a href=\"https:\/\/ambtokyo.esteri.it\/chi-siamo\/ambasciatore\/profilo-biografico\/\">Profilo Biografico<\/a><\/p>\n<p>&gt; <a href=\"https:\/\/youtu.be\/xsNvv4l7kxM\">Il video messaggio di saluto dell&#8217;Ambasciatore<\/a><\/p>\n","protected":false},"excerpt":{"rendered":"Cari connazionali e cari amici giapponesi, dopo l\u2019importante esperienza di Expo 2025 Osaka, dove con il Padiglione Italia si \u00e8 rafforzata la presenza e la visibilit\u00e0 dell\u2019Italia in questo straordinario Paese,\u00a0ho adesso l\u2019onore e la gioia di iniziare la mia missione come Ambasciatore d\u2019Italia in Giappone. Le relazioni tra Italia e Giappone attraversano oggi una [&hellip;]","protected":false},"author":1,"featured_media":0,"parent":18,"menu_order":0,"comment_status":"closed","ping_status":"closed","template":"","meta":{"footnotes":""},"class_list":["post-41","page","type-page","status-publish","hentry"],"_links":{"self":[{"href":"https:\/\/ambtokyo.esteri.it\/it\/wp-json\/wp\/v2\/pages\/41","targetHints":{"allow":["GET"]}}],"collection":[{"href":"https:\/\/ambtokyo.esteri.it\/it\/wp-json\/wp\/v2\/pages"}],"about":[{"href":"https:\/\/ambtokyo.esteri.it\/it\/wp-json\/wp\/v2\/types\/page"}],"author":[{"embeddable":true,"href":"https:\/\/ambtokyo.esteri.it\/it\/wp-json\/wp\/v2\/users\/1"}],"replies":[{"embeddable":true,"href":"https:\/\/ambtokyo.esteri.it\/it\/wp-json\/wp\/v2\/comments?post=41"}],"version-history":[{"count":5,"href":"https:\/\/ambtokyo.esteri.it\/it\/wp-json\/wp\/v2\/pages\/41\/revisions"}],"predecessor-version":[{"id":7738,"href":"https:\/\/ambtokyo.esteri.it\/it\/wp-json\/wp\/v2\/pages\/41\/revisions\/7738"}],"up":[{"embeddable":true,"href":"https:\/\/ambtokyo.esteri.it\/it\/wp-json\/wp\/v2\/pages\/18"}],"wp:attachment":[{"href":"https:\/\/ambtokyo.esteri.it\/it\/wp-json\/wp\/v2\/media?parent=41"}],"curies":[{"name":"wp","href":"https:\/\/api.w.org\/{rel}","templated":true}]}}