{"id":4167,"date":"2024-03-01T07:01:50","date_gmt":"2024-03-01T06:01:50","guid":{"rendered":"https:\/\/ambtokyo.esteri.it\/?page_id=4167"},"modified":"2024-03-01T07:01:50","modified_gmt":"2024-03-01T06:01:50","slug":"intervento-dellambasciatore-ditalia-gianluigi-benedetti-in-occasione-della-conferenza-stampa-per-il-mimosa-day-tokyo-28-febbraio-2024","status":"publish","type":"page","link":"https:\/\/ambtokyo.esteri.it\/it\/chi-siamo\/ambasciatore\/discorsi-dellambasciatore__trashed\/intervento-dellambasciatore-ditalia-gianluigi-benedetti-in-occasione-della-conferenza-stampa-per-il-mimosa-day-tokyo-28-febbraio-2024\/","title":{"rendered":"Intervento dell&#8217;Ambasciatore d&#8217;Italia, Gianluigi Benedetti, in occasione della conferenza stampa per il  &#8220;Mimosa Day&#8221; (Tokyo, 28 febbraio 2024)"},"content":{"rendered":"<p>Gentili signore, gentili signori,<\/p>\n<p>&nbsp;<\/p>\n<p>Sono davvero entusiasta di darvi il benvenuto nell\u2019Ambasciata d\u2019Italia per la presentazione delle iniziative previste quest\u2019anno per il Mimosa Day organizzato dalla Camera di commercio italiana in Giappone.<\/p>\n<p>&nbsp;<\/p>\n<p>Da alcuni anni, in occasione della Giornata Internazionale della Donna, la Camera rende omaggio alle donne a Tokyo insieme a molti partner di prestigio, realizzando eventi speciali per questa ricorrenza.<\/p>\n<p>&nbsp;<\/p>\n<p>Ma il Mimosa Day non \u00e8 solo una festa, \u00e8 un impegno tangibile per promuovere l\u2019uguaglianza di genere e l\u2019empowerment femminile, creando una rete che metta insieme le esperienze di Italia e Giappone.<\/p>\n<p>&nbsp;<\/p>\n<p>Ed \u00e8 per questo che il Mimosa Day \u00e8 cos\u00ec importante! \u00c8 un momento per riconoscere il valore delle donne e per impegnarsi a garantire che nella societ\u00e0, e soprattutto nel mondo del lavoro, abbiano ovunque gli stessi diritti degli uomini e accesso alle stesse opportunit\u00e0.<\/p>\n<p>&nbsp;<\/p>\n<p>Vi ringrazio per la vostra presenza che \u00e8 una conferma della vostra sensibilit\u00e0 per questo importante tema e del vostro impegno verso un futuro pi\u00f9 equo e inclusivo per tutti e lascio la parola a Davide per la presentazione delle attivit\u00e0 del Mimosa Day 2024!<\/p>\n<p>&nbsp;<\/p>\n<p>Grazie e buon Mimosa Day a tutti!<\/p>\n","protected":false},"excerpt":{"rendered":"Gentili signore, gentili signori, &nbsp; Sono davvero entusiasta di darvi il benvenuto nell\u2019Ambasciata d\u2019Italia per la presentazione delle iniziative previste quest\u2019anno per il Mimosa Day organizzato dalla Camera di commercio italiana in Giappone. &nbsp; Da alcuni anni, in occasione della Giornata Internazionale della Donna, la Camera rende omaggio alle donne a Tokyo insieme a molti [&hellip;]","protected":false},"author":6,"featured_media":0,"parent":272,"menu_order":0,"comment_status":"closed","ping_status":"closed","template":"","meta":{"footnotes":""},"class_list":["post-4167","page","type-page","status-publish","hentry"],"_links":{"self":[{"href":"https:\/\/ambtokyo.esteri.it\/it\/wp-json\/wp\/v2\/pages\/4167","targetHints":{"allow":["GET"]}}],"collection":[{"href":"https:\/\/ambtokyo.esteri.it\/it\/wp-json\/wp\/v2\/pages"}],"about":[{"href":"https:\/\/ambtokyo.esteri.it\/it\/wp-json\/wp\/v2\/types\/page"}],"author":[{"embeddable":true,"href":"https:\/\/ambtokyo.esteri.it\/it\/wp-json\/wp\/v2\/users\/6"}],"replies":[{"embeddable":true,"href":"https:\/\/ambtokyo.esteri.it\/it\/wp-json\/wp\/v2\/comments?post=4167"}],"version-history":[{"count":1,"href":"https:\/\/ambtokyo.esteri.it\/it\/wp-json\/wp\/v2\/pages\/4167\/revisions"}],"predecessor-version":[{"id":4169,"href":"https:\/\/ambtokyo.esteri.it\/it\/wp-json\/wp\/v2\/pages\/4167\/revisions\/4169"}],"up":[{"embeddable":true,"href":"https:\/\/ambtokyo.esteri.it\/it\/wp-json\/wp\/v2\/pages\/272"}],"wp:attachment":[{"href":"https:\/\/ambtokyo.esteri.it\/it\/wp-json\/wp\/v2\/media?parent=4167"}],"curies":[{"name":"wp","href":"https:\/\/api.w.org\/{rel}","templated":true}]}}