{"id":4188,"date":"2024-03-07T02:02:05","date_gmt":"2024-03-07T01:02:05","guid":{"rendered":"https:\/\/ambtokyo.esteri.it\/?page_id=4188"},"modified":"2024-03-07T02:02:05","modified_gmt":"2024-03-07T01:02:05","slug":"intervento-dellambasciatore-ditalia-gianluigi-benedetti-in-occasione-dellevento-i-love-italian-food-tokyo-6-marzo-2024","status":"publish","type":"page","link":"https:\/\/ambtokyo.esteri.it\/it\/chi-siamo\/ambasciatore\/discorsi-dellambasciatore__trashed\/intervento-dellambasciatore-ditalia-gianluigi-benedetti-in-occasione-dellevento-i-love-italian-food-tokyo-6-marzo-2024\/","title":{"rendered":"Intervento dell&#8217;Ambasciatore d&#8217;Italia, Gianluigi Benedetti, in occasione dell&#8217;evento \u201cI Love Italian Food\u201d  (Tokyo, 6 marzo 2024)"},"content":{"rendered":"<p>Signore e Signori, gentili ospiti, buonasera e bentornati nella bellissima Residenza dell\u2019Ambasciatore d\u2019Italia in Giappone!<\/p>\n<p>&nbsp;<\/p>\n<p>\u00c8 un grande piacere per me e per mia moglie Sabina ospitare nuovamente questo \u201c<em>Aftershow<\/em>&#8221; di Foodex 2024, la pi\u00f9 grande fiera dell\u2019Asia dedicata al <em>food<\/em>, inaugurata ieri alla presenza del Ministro dell\u2019Agricoltura, della Sovranit\u00e0 alimentare e delle Foreste, Francesco Lollobrigida.<\/p>\n<p>&nbsp;<\/p>\n<p>Quest\u2019anno la partecipazione italiana ha raggiunto la cifra record di oltre 200 espositori, un dato che conferma lo straordinario interesse delle nostre imprese per questo mercato e il posizionamento strategico dell\u2019Italia in Giappone.<\/p>\n<p>&nbsp;<\/p>\n<p>L\u2019evento di stasera \u00e8 realizzato in collaborazione con l\u2019Associazione \u201c<em>I Love Italian Food<\/em>\u201d che da molti anni promuove l\u2019enogastronomia italiana in sinergia con i propri partner, tutti produttori di eccellenza che promuovono l\u2019autentico <em>italian taste<\/em>. Desidero quindi salutare e ringraziare tutti i produttori presenti oggi: se i nostri prodotti sono conosciuti e amati nel mondo e in particolare qui in Giappone, Paese che pi\u00f9 di ogni altro \u00e8 in grado di apprezzare la qualit\u00e0, \u00e8 soprattutto merito vostro!<\/p>\n<p>&nbsp;<\/p>\n<p>Iniziative come quella di questa sera, che si affiancano al lavoro costante di tutto il Sistema Italia in Giappone nel quadro della cosiddetta diplomazia della crescita, apportano un ulteriore prezioso contributo al buon andamento della nostra bilancia commerciale: anche quest\u2019anno le nostre esportazioni agroalimentari in Giappone hanno superato un miliardo di euro e hanno consacrato la posizione dell\u2019Italia sul podio dei primi partner commerciali di questo Paese.<\/p>\n<p>&nbsp;<\/p>\n<p>Non posso non menzionare anche il ruolo degli oltre 20.000 ristoratori italiani presenti in Giappone, veri e propri Ambasciatori della nostra amata cucina, oggi candidata a far parte del Patrimonio immateriale dell\u2019UNESCO. Ciascuno di loro \u00e8 una piccola finestra affacciata sul nostro bellissimo Paese. A loro va il mio sentito ringraziamento.<\/p>\n<p>&nbsp;<\/p>\n<p>Concludo con l\u2019auspico che la presenza italiana in questo angolo di Oriente aumenti sempre pi\u00f9 e lascio la parola alla Dott.ssa Silvia Meloni, Vice Presidente di \u201c<em>I Love Italian Food<\/em>\u201d che ringrazio per la collaborazione a realizzare anche quest\u2019anno questa importante iniziativa.<\/p>\n<p>&nbsp;<\/p>\n<p>Grazie.<\/p>\n<p>&nbsp;<\/p>\n","protected":false},"excerpt":{"rendered":"Signore e Signori, gentili ospiti, buonasera e bentornati nella bellissima Residenza dell\u2019Ambasciatore d\u2019Italia in Giappone! &nbsp; \u00c8 un grande piacere per me e per mia moglie Sabina ospitare nuovamente questo \u201cAftershow&#8221; di Foodex 2024, la pi\u00f9 grande fiera dell\u2019Asia dedicata al food, inaugurata ieri alla presenza del Ministro dell\u2019Agricoltura, della Sovranit\u00e0 alimentare e delle Foreste, [&hellip;]","protected":false},"author":6,"featured_media":0,"parent":272,"menu_order":0,"comment_status":"closed","ping_status":"closed","template":"","meta":{"footnotes":""},"class_list":["post-4188","page","type-page","status-publish","hentry"],"_links":{"self":[{"href":"https:\/\/ambtokyo.esteri.it\/it\/wp-json\/wp\/v2\/pages\/4188","targetHints":{"allow":["GET"]}}],"collection":[{"href":"https:\/\/ambtokyo.esteri.it\/it\/wp-json\/wp\/v2\/pages"}],"about":[{"href":"https:\/\/ambtokyo.esteri.it\/it\/wp-json\/wp\/v2\/types\/page"}],"author":[{"embeddable":true,"href":"https:\/\/ambtokyo.esteri.it\/it\/wp-json\/wp\/v2\/users\/6"}],"replies":[{"embeddable":true,"href":"https:\/\/ambtokyo.esteri.it\/it\/wp-json\/wp\/v2\/comments?post=4188"}],"version-history":[{"count":1,"href":"https:\/\/ambtokyo.esteri.it\/it\/wp-json\/wp\/v2\/pages\/4188\/revisions"}],"predecessor-version":[{"id":4190,"href":"https:\/\/ambtokyo.esteri.it\/it\/wp-json\/wp\/v2\/pages\/4188\/revisions\/4190"}],"up":[{"embeddable":true,"href":"https:\/\/ambtokyo.esteri.it\/it\/wp-json\/wp\/v2\/pages\/272"}],"wp:attachment":[{"href":"https:\/\/ambtokyo.esteri.it\/it\/wp-json\/wp\/v2\/media?parent=4188"}],"curies":[{"name":"wp","href":"https:\/\/api.w.org\/{rel}","templated":true}]}}