{"id":424,"date":"2022-08-30T04:01:33","date_gmt":"2022-08-30T02:01:33","guid":{"rendered":"https:\/\/ambtokyo.esteri.it\/?page_id=424"},"modified":"2025-03-05T10:08:59","modified_gmt":"2025-03-05T09:08:59","slug":"dichiarazione-di-accompagnamento","status":"publish","type":"page","link":"https:\/\/ambtokyo.esteri.it\/it\/servizi-consolari-e-visti\/servizi-per-il-cittadino-italiano\/passaporti-e-etd\/dichiarazione-di-accompagnamento\/","title":{"rendered":"Dichiarazione di accompagnamento"},"content":{"rendered":"<div>\n<p>La dichiarazione di accompagnamento pu\u00f2 riguardare un solo viaggio (solo andata oppure andata e ritorno) dal Paese di residenza del minore con destinazione determinata.<\/p>\n<p>Il termine massimo di validit\u00e0 della dichiarazione &#8211; entro cui devono essere ricomprese la data di partenza e di rientro \u2013 \u00e8 di 6 mesi, salva la possibilit\u00e0 dell\u2019Ambasciata di accordare un periodo pi\u00f9 ampio in caso di motivata richiesta.<\/p>\n<p>La domanda per ottenere la dichiarazione di accompagnamento deve essere presentata dai genitori o da chi ne fa le veci (scarica <a href=\"https:\/\/ambtokyo.esteri.it\/wp-content\/uploads\/2022\/08\/modulo_dichiarazione_accompagnamento.pdf\">qui<\/a> il modulo di richiesta). La domanda deve essere sottoscritta dagli esercenti la responsabilit\u00e0 genitoriale.<\/p>\n<p>Se entrambi i genitori sono italiani la dichiarazione pu\u00f2 essere presentata gi\u00e0 sottoscritta, in questo caso \u00e8 necessario allegare la copia fotostatica del loro documento di identit\u00e0.<\/p>\n<p>Nel caso in cui uno dei due genitori NON sia cittadino italiano o UE e NON sia regolarmente residente in Italia la sua firma sulla domanda deve essere apposta alla presenza del funzionario consolare.<\/p>\n<p>L\u2019Ufficio Consolare, ai sensi dell\u2019art. 5 della Legge 1185\/1967, nel superiore interesse del minore, pu\u00f2 eventualmente richiedere la presenza degli esercenti la responsabilit\u00e0 genitoriale.<\/p>\n<p>Nella domanda vanno indicate:<\/p>\n<ul>\n<li>le generalit\u00e0 dell\u2019accompagnatore\/degli accompagnatori (se ne possono indicare massimo due che saranno tuttavia alternativi fra di loro), oppure il nome del vettore (compagnia aerea, di trasporti) se il minore viaggia da solo;<\/li>\n<li>tutti i paesi che il minore dovr\u00e0 attraversare durante il viaggio (compreso il paese di partenza);<\/li>\n<li>le date esatte di inizio e di fine del viaggio.<\/li>\n<\/ul>\n<p>Con la domanda vanno presentate:<\/p>\n<ul>\n<li>fotocopia del passaporto (in corso di validit\u00e0) del minore, di quello dei genitori e degli accompagnatori in cui sia visibile la pagina con la firma del titolare;<\/li>\n<li>copia del titolo di viaggio, se presente;<\/li>\n<li>passaporto del minore, se si chiede la stampa della dichiarazione sul passaporto.<\/li>\n<\/ul>\n<p>Per ulteriori informazioni puoi chiamare il numero: 03-3453-5291, int. 182 o inviare un email all\u2019indirizzo: <a href=\"mailto:tokyo.passaporti@esteri.it\">tokyo.passaporti@esteri.it<\/a>.<\/p>\n<p><strong>Attenzione!<\/strong> Prima di acquistare il biglietto aereo ti consigliamo di verificare con la compagnia aerea che il minore possa viaggiare da solo perch\u00e9 le procedure d\u2019imbarco sugli aerei per i minori senza accompagnamento non sono disciplinate in maniera uniforme e ogni compagnia segue proprie regole. Inoltre, c\u2019\u00e8 differenza tra le compagnie low cost e quelle di linea. Solo queste ultime, salvo eccezioni, prevedono un servizio di accompagnamento per i minori di et\u00e0 compresa tra i 5 e i 12\/ 14 anni.<\/p>\n<\/div>\n<p><strong>Il ministero degli Esteri consiglia, ove possibile, di optare per la menzione dell\u2019accompagnatore\/i sul passaporto del minore. L\u2019operazione \u00e8 rapida, gratuita e pi\u00f9 sicura rispetto alla Dichiarazione di accompagnamento cartacea.<\/strong><\/p>\n<p>In caso di dubbio si\u00a0prega di contattare direttamente l\u2019Ente\/Compagnia aerea per informazioni sulla documentazione da loro ritenuta necessaria.<\/p>\n","protected":false},"excerpt":{"rendered":"La dichiarazione di accompagnamento pu\u00f2 riguardare un solo viaggio (solo andata oppure andata e ritorno) dal Paese di residenza del minore con destinazione determinata. Il termine massimo di validit\u00e0 della dichiarazione &#8211; entro cui devono essere ricomprese la data di partenza e di rientro \u2013 \u00e8 di 6 mesi, salva la possibilit\u00e0 dell\u2019Ambasciata di accordare [&hellip;]","protected":false},"author":6,"featured_media":0,"parent":219,"menu_order":0,"comment_status":"closed","ping_status":"closed","template":"","meta":{"footnotes":""},"class_list":["post-424","page","type-page","status-publish","hentry"],"_links":{"self":[{"href":"https:\/\/ambtokyo.esteri.it\/it\/wp-json\/wp\/v2\/pages\/424","targetHints":{"allow":["GET"]}}],"collection":[{"href":"https:\/\/ambtokyo.esteri.it\/it\/wp-json\/wp\/v2\/pages"}],"about":[{"href":"https:\/\/ambtokyo.esteri.it\/it\/wp-json\/wp\/v2\/types\/page"}],"author":[{"embeddable":true,"href":"https:\/\/ambtokyo.esteri.it\/it\/wp-json\/wp\/v2\/users\/6"}],"replies":[{"embeddable":true,"href":"https:\/\/ambtokyo.esteri.it\/it\/wp-json\/wp\/v2\/comments?post=424"}],"version-history":[{"count":2,"href":"https:\/\/ambtokyo.esteri.it\/it\/wp-json\/wp\/v2\/pages\/424\/revisions"}],"predecessor-version":[{"id":5987,"href":"https:\/\/ambtokyo.esteri.it\/it\/wp-json\/wp\/v2\/pages\/424\/revisions\/5987"}],"up":[{"embeddable":true,"href":"https:\/\/ambtokyo.esteri.it\/it\/wp-json\/wp\/v2\/pages\/219"}],"wp:attachment":[{"href":"https:\/\/ambtokyo.esteri.it\/it\/wp-json\/wp\/v2\/media?parent=424"}],"curies":[{"name":"wp","href":"https:\/\/api.w.org\/{rel}","templated":true}]}}