{"id":4248,"date":"2024-03-13T04:06:03","date_gmt":"2024-03-13T03:06:03","guid":{"rendered":"https:\/\/ambtokyo.esteri.it\/?page_id=4248"},"modified":"2024-03-13T04:06:03","modified_gmt":"2024-03-13T03:06:03","slug":"intervento-dellambasciatore-ditalia-gianluigi-benedetti-in-occasione-dellinaugurazione-della-casa-del-design-tokyo-12-marzo-2024","status":"publish","type":"page","link":"https:\/\/ambtokyo.esteri.it\/it\/chi-siamo\/ambasciatore\/discorsi-dellambasciatore__trashed\/intervento-dellambasciatore-ditalia-gianluigi-benedetti-in-occasione-dellinaugurazione-della-casa-del-design-tokyo-12-marzo-2024\/","title":{"rendered":"Intervento dell&#8217;Ambasciatore d&#8217;Italia, Gianluigi Benedetti, in occasione dell&#8217;inaugurazione della Casa del Design (Tokyo, 12 marzo 2024)"},"content":{"rendered":"<p>Buon pomeriggio a tutti e benvenuti nella Casa del Design Italiano.<\/p>\n<p>&nbsp;<\/p>\n<p>Oggi festeggiamo insieme a tutte le Ambasciate italiane nel mondo la Giornata del design italiano, un\u2019occasione per riflettere sull\u2019importanza del saper fare italiano declinato in termini di funzionalit\u00e0, estetica, tecnologia e sostenibilit\u00e0.<\/p>\n<p>&nbsp;<\/p>\n<p>Il tema di quest\u2019anno \u00e8 \u201cFabbricare valore &#8211; inclusivit\u00e0, innovazione e sostenibilit\u00e0\u201d e abbiamo deciso di celebrarlo con l\u2019inaugurazione della Casa del Design Italiano nell\u2019Ambasciata a Tokyo, un progetto pensato nel 2021 che vede finalmente la luce.<\/p>\n<p>&nbsp;<\/p>\n<p>La Casa del Design italiano \u00e8 la prima esposizione permanente di design industriale in una sede italiana all\u2019estero, realizzata con il prezioso contributo di 21 aziende italiane che hanno aderito con entusiasmo al progetto e che colgo l\u2019occasione per ringraziare.<\/p>\n<p>&nbsp;<\/p>\n<p>L\u2019iniziativa ha il patrocinio dell\u2019Associazione per il Disegno Industriale (ADI) e l\u2019allestimento \u00e8 stato curato dagli architetti Matteo Belfiore e Valentina Cannava, che ringrazio molto per la loro disponibilit\u00e0. Come potete vedere, la mostra che sar\u00e0 ulteriormente arricchita nei prossimi mesi con la collaborazione dell\u2019ADI, raccoglie arredi di pregio e iconici, alcuni dei quali insigniti del prestigioso premio Compasso d\u2019Oro.<\/p>\n<p>&nbsp;<\/p>\n<p>Con la Casa del Design Italiano abbiamo voluto, nel nostro piccolo, \u201cfabbricare valore\u201d, trasformando i locali della Cancelleria aperti al pubblico in uno spazio polifunzionale che \u00e8 anche una mostra permanente, ridando al grande salone la funzione di spazio espositivo voluto dall\u2019Architetto Gai Aulenti. Leggerezza e multifunzionalit\u00e0 degli arredi consentono, difatti, di riconfigurare facilmente gli ambienti adattandoli alle necessit\u00e0 di eventi e attivit\u00e0 di natura molto diversa.<\/p>\n<p>&nbsp;<\/p>\n<p>Lascio adesso con grande piacere la parola all\u2019Architetto Sammicheli, curatore del settore design, moda e artigianato della Triennale di Milano e direttore del Museo del Design Italiano, oltre che Testimonial per questa edizione 2024 dell\u2019<em>Italian Design Day<\/em>, e all\u2019Architetto Matteo Belfiore, curatore del progetto che inauguriamo oggi, per una riflessione sul Design <em>Made in Italy<\/em> che fabbrica valore.<\/p>\n<p>&nbsp;<\/p>\n<p>Grazie a tutti per la vostra presenza.<\/p>\n","protected":false},"excerpt":{"rendered":"Buon pomeriggio a tutti e benvenuti nella Casa del Design Italiano. &nbsp; Oggi festeggiamo insieme a tutte le Ambasciate italiane nel mondo la Giornata del design italiano, un\u2019occasione per riflettere sull\u2019importanza del saper fare italiano declinato in termini di funzionalit\u00e0, estetica, tecnologia e sostenibilit\u00e0. &nbsp; Il tema di quest\u2019anno \u00e8 \u201cFabbricare valore &#8211; inclusivit\u00e0, innovazione [&hellip;]","protected":false},"author":6,"featured_media":0,"parent":272,"menu_order":0,"comment_status":"closed","ping_status":"closed","template":"","meta":{"footnotes":""},"class_list":["post-4248","page","type-page","status-publish","hentry"],"_links":{"self":[{"href":"https:\/\/ambtokyo.esteri.it\/it\/wp-json\/wp\/v2\/pages\/4248","targetHints":{"allow":["GET"]}}],"collection":[{"href":"https:\/\/ambtokyo.esteri.it\/it\/wp-json\/wp\/v2\/pages"}],"about":[{"href":"https:\/\/ambtokyo.esteri.it\/it\/wp-json\/wp\/v2\/types\/page"}],"author":[{"embeddable":true,"href":"https:\/\/ambtokyo.esteri.it\/it\/wp-json\/wp\/v2\/users\/6"}],"replies":[{"embeddable":true,"href":"https:\/\/ambtokyo.esteri.it\/it\/wp-json\/wp\/v2\/comments?post=4248"}],"version-history":[{"count":1,"href":"https:\/\/ambtokyo.esteri.it\/it\/wp-json\/wp\/v2\/pages\/4248\/revisions"}],"predecessor-version":[{"id":4251,"href":"https:\/\/ambtokyo.esteri.it\/it\/wp-json\/wp\/v2\/pages\/4248\/revisions\/4251"}],"up":[{"embeddable":true,"href":"https:\/\/ambtokyo.esteri.it\/it\/wp-json\/wp\/v2\/pages\/272"}],"wp:attachment":[{"href":"https:\/\/ambtokyo.esteri.it\/it\/wp-json\/wp\/v2\/media?parent=4248"}],"curies":[{"name":"wp","href":"https:\/\/api.w.org\/{rel}","templated":true}]}}