{"id":429,"date":"2022-08-30T04:15:00","date_gmt":"2022-08-30T02:15:00","guid":{"rendered":"https:\/\/ambtokyo.esteri.it\/?page_id=429"},"modified":"2025-08-29T04:26:43","modified_gmt":"2025-08-29T02:26:43","slug":"passaporto-per-maggiorenni","status":"publish","type":"page","link":"https:\/\/ambtokyo.esteri.it\/it\/servizi-consolari-e-visti\/servizi-per-il-cittadino-italiano\/passaporti-e-etd\/passaporto-per-maggiorenni\/","title":{"rendered":"Passaporto per maggiorenni"},"content":{"rendered":"<p><strong>Procedura per la richiesta del passaporto<\/strong><\/p>\n<p>Se sei iscritto all\u2019AIRE e il tuo stato civile \u00e8 aggiornato puoi prenotare un appuntamento sul sito <a href=\"https:\/\/prenotami.esteri.it\/\">https:\/\/prenotami.esteri.it\/<\/a>. \u00c8 possibile prenotare un unico appuntamento per pi\u00f9 persone dello stesso nucleo familiare, informando l\u2019ufficio all\u2019indirizzo email <a href=\"mailto:tokyo.passaporti@esteri.it\">tokyo.passaporti@esteri.it<\/a> dopo aver prenotato l\u2019appuntamento. Il calendario delle prenotazioni \u00e8 aperto per i 30 giorni successivi alla data in cui si accede al portale e si aggiorna quotidianamente. Oltre che di mattina, dal luned\u00ec al venerd\u00ec, l\u2019ufficio passaporti \u00e8 aperto anche il mercoled\u00ec pomeriggio, dalle 14.30 alle 17.00.<\/p>\n<p>Il giorno dell\u2019appuntamento dovrai presentarti in Consolato con la seguente documentazione:<\/p>\n<ul>\n<li>il\u00a0<a href=\"https:\/\/ambtokyo.esteri.it\/wp-content\/uploads\/2024\/11\/Modulo-richiesta-passaporto-maggiorenni.pdf\">modulo di richiesta<\/a>\u00a0di emissione del nuovo passaporto debitamente compilato;<\/li>\n<li>1 fotografia in formato tessera (3,5\u00d74,5 cm) identica e recente (acquisita da non oltre 6 mesi), conforme agli standard internazionali ICAO (<a href=\"https:\/\/ambtokyo.esteri.it\/wp-content\/uploads\/2022\/08\/icao.jpg\">vedi esempio<\/a>). Non saranno accettate foto fatte con lo smartphone.<\/li>\n<li>il passaporto in scadenza o scaduto;<\/li>\n<li>la\u00a0<em>Zairyu Card<\/em>\u00a0giapponese, se ne sei titolare;<\/li>\n<li>la somma in contanti\u00a0<strong>in Yen<\/strong>\u00a0corrispondente a 116 Euro (consulta le\u00a0<a href=\"https:\/\/ambtokyo.esteri.it\/servizi-consolari-e-visti\/tariffe-consolari\/\">tariffe consolari<\/a>). Se sussistono personali necessit\u00e0 dei richiedenti, l\u2019ufficio consolare pu\u00f2 valutare la possibilit\u00e0 di trattare la pratica applicando dei diritti di urgenza addizionali per il corrispettivo in yen di 50 Euro;<\/li>\n<li>nel caso di smarrimento\/furto del passaporto, occorre la copia della denuncia di smarrimento\/furto effettuata presso le autorit\u00e0 locali. Puoi presentare denuncia di smarrimento presso un qualsiasi posto di polizia giapponese (<em>koban<\/em>), riceverai un foglietto recante un numero riferimento. Custodisci con attenzione il foglietto per mostrarcelo quando ti recherai presso l\u2019Ambasciata al momento della richiesta del nuovo passaporto.<\/li>\n<\/ul>\n<p>Se NON sei residente in Giappone o NON sei iscritto all\u2019AIRE, prima di rilasciare il passaporto l\u2019Ambasciata dovr\u00e0 chiedere una specifica autorizzazione e delega all\u2019emissione del passaporto alla Questura italiana o all\u2019Ambasciata o Consolato del luogo in cui sei residente. In questo caso, prima di prendere appuntamento, ti chiediamo di inviarci la scansione del modulo compilato, del passaporto (solo la pagina con i dati anagrafici e quella dell\u2019autorit\u00e0 che lo ha rilasciato) e della\u00a0<em>Zairyu Card<\/em>, se ne sei titolare, o del visto giapponese, all\u2019indirizzo email\u00a0<a href=\"mailto:tokyo.passaporti@esteri.it\">tokyo.passaporti@esteri.it<\/a>.<\/p>\n<p>Per ulteriori informazioni puoi chiamare il numero: 03-3453-5291, int. 182 o inviare un email all\u2019indirizzo\u00a0<a href=\"mailto:tokyo.passaporti@esteri.it\">tokyo.passaporti@esteri.it<\/a>.<\/p>\n<p>&nbsp;<\/p>\n<p><strong>Informazioni utili<\/strong><\/p>\n<p>Se il tuo passaporto \u00e8 in scadenza o \u00e8 gi\u00e0 scaduto puoi chiedere all\u2019Ambasciata il rilascio di un nuovo libretto. Puoi farlo non prima di sei mesi dalla data di scadenza del passaporto di cui sei in possesso.<\/p>\n<p>Se il libretto risulta danneggiato, illeggibile oppure non dispone pi\u00f9 di pagine vuote, puoi contattare l\u2019Ambasciata per verificare come procedere per avere un nuovo passaporto prima della scadenza naturale di quello di cui sei titolare.<\/p>\n<p>Se stai pianificando un viaggio in un Paese che per l\u2019ingresso richiede che il tuo passaporto abbia una validit\u00e0 residua di almeno sei mesi, ti consigliamo, per evitare spiacevoli sorprese in aeroporto alle partenze o agli arrivi, di organizzarti in anticipo e di chiedere il rilascio di un nuovo passaporto.<\/p>\n<p>In generale, una volta che avrai ottenuto il nuovo passaporto, non dovrai notificarlo alle autorit\u00e0 giapponesi. Tuttavia, a solo titolo precauzionale, ti raccomandiamo di portare con te, al primo viaggio al di fuori del territorio giapponese, anche il vecchio passaporto annullato dove sono presenti i timbri di ingresso e di uscita dal Giappone.<\/p>\n<p>Per quanto riguarda la tua permanenza in Giappone ti ricordiamo che l\u2019Ambasciata non ha nessuna competenza in materia di rinnovo dei titoli di soggiorno rilasciati dal governo giapponese e che \u00e8 tua responsabilit\u00e0\u2019 essere in regola con le procedure per il rinnovo del permesso di soggiorno e della carta di identit\u00e0 dello straniero (<em>Zairyu Card<\/em>).<\/p>\n<p>Se hai acquistato la cittadinanza italiana in Italia o presso un\u2019altra rappresentanza diplomatico\/consolare e desideri richiedere il tuo primo passaporto \u00e8 necessario che ci presenti anche un documento che comprovi l\u2019avvenuto conferimento della cittadinanza (certificato di cittadinanza\/copia conforme del verbale di giuramento).<\/p>\n","protected":false},"excerpt":{"rendered":"Procedura per la richiesta del passaporto Se sei iscritto all\u2019AIRE e il tuo stato civile \u00e8 aggiornato puoi prenotare un appuntamento sul sito https:\/\/prenotami.esteri.it\/. \u00c8 possibile prenotare un unico appuntamento per pi\u00f9 persone dello stesso nucleo familiare, informando l\u2019ufficio all\u2019indirizzo email tokyo.passaporti@esteri.it dopo aver prenotato l\u2019appuntamento. Il calendario delle prenotazioni \u00e8 aperto per i 30 [&hellip;]","protected":false},"author":6,"featured_media":0,"parent":219,"menu_order":0,"comment_status":"closed","ping_status":"closed","template":"","meta":{"footnotes":""},"class_list":["post-429","page","type-page","status-publish","hentry"],"_links":{"self":[{"href":"https:\/\/ambtokyo.esteri.it\/it\/wp-json\/wp\/v2\/pages\/429","targetHints":{"allow":["GET"]}}],"collection":[{"href":"https:\/\/ambtokyo.esteri.it\/it\/wp-json\/wp\/v2\/pages"}],"about":[{"href":"https:\/\/ambtokyo.esteri.it\/it\/wp-json\/wp\/v2\/types\/page"}],"author":[{"embeddable":true,"href":"https:\/\/ambtokyo.esteri.it\/it\/wp-json\/wp\/v2\/users\/6"}],"replies":[{"embeddable":true,"href":"https:\/\/ambtokyo.esteri.it\/it\/wp-json\/wp\/v2\/comments?post=429"}],"version-history":[{"count":6,"href":"https:\/\/ambtokyo.esteri.it\/it\/wp-json\/wp\/v2\/pages\/429\/revisions"}],"predecessor-version":[{"id":6717,"href":"https:\/\/ambtokyo.esteri.it\/it\/wp-json\/wp\/v2\/pages\/429\/revisions\/6717"}],"up":[{"embeddable":true,"href":"https:\/\/ambtokyo.esteri.it\/it\/wp-json\/wp\/v2\/pages\/219"}],"wp:attachment":[{"href":"https:\/\/ambtokyo.esteri.it\/it\/wp-json\/wp\/v2\/media?parent=429"}],"curies":[{"name":"wp","href":"https:\/\/api.w.org\/{rel}","templated":true}]}}