{"id":437,"date":"2022-08-30T04:32:26","date_gmt":"2022-08-30T02:32:26","guid":{"rendered":"https:\/\/ambtokyo.esteri.it\/?page_id=437"},"modified":"2026-02-17T10:24:38","modified_gmt":"2026-02-17T09:24:38","slug":"passaporto-per-minorenni","status":"publish","type":"page","link":"https:\/\/ambtokyo.esteri.it\/it\/servizi-consolari-e-visti\/servizi-per-il-cittadino-italiano\/passaporti-e-etd\/passaporto-per-minorenni\/","title":{"rendered":"Passaporto per minorenni"},"content":{"rendered":"<h1>Passaporto per minorenni<\/h1>\n<p>I minori non possono essere pi\u00f9 iscritti sul passaporto dei genitori ma devono viaggiare con un proprio passaporto.<\/p>\n<p>Prima di richiedere il passaporto del minore, assicurati di aver provveduto a trascrivere il suo atto di nascita presso il Comune italiano.<br \/>\nSe non lo avessi fatto ti preghiamo di procedere al pi\u00f9 presto ad aggiornare lo stato civile del tuo nucleo familiare. Scrivi un\u2019email a:\u00a0<a href=\"mailto:tokyo.passaporti@esteri.it\">tokyo.passaporti@esteri.it<\/a>\u00a0per verificare cosa occorre fare.<\/p>\n<p>All\u2019appuntamento dovr\u00e0 essere presente anche il minore: prenota un appuntamento attraverso il sito <a href=\"https:\/\/prenotami.esteri.it\/\">https:\/\/prenotami.esteri.it\/<\/a>. \u00c8 possibile prenotare un unico appuntamento per pi\u00f9 persone dello stesso nucleo familiare, informando l\u2019ufficio all\u2019indirizzo email <a href=\"mailto:tokyo.passaporti@esteri.it\">tokyo.passaporti@esteri.it<\/a> \u00a0dopo aver prenotato l\u2019appuntamento. Il calendario delle prenotazioni \u00e8 aperto per i 30 giorni successivi alla data in cui si accede al portale e si aggiorna quotidianamente. Oltre che di mattina, dal luned\u00ec al venerd\u00ec, l\u2019ufficio passaporti \u00e8 aperto anche il mercoled\u00ec pomeriggio, dalle 14.30 alle 17.00.<\/p>\n<p>Il giorno dell\u2019appuntamento dovrete presentare la seguente documentazione:<\/p>\n<ul>\n<li>il\u00a0<a href=\"https:\/\/ambtokyo.esteri.it\/wp-content\/uploads\/2022\/08\/modulominori.pdf\">modulo di richiesta<\/a>\u00a0per l\u2019emissione del nuovo passaporto debitamente compilato e firmato da entrambi i genitori o da uno di essi con atto di assenso dell\u2019altro genitore.<\/li>\n<li>2 fotografie del minore formato tessera (3,5\u00d74,5 cm) identiche e recenti (acquisite da non oltre 6 mesi), conformi agli standard internazionali ICAO (<a href=\"https:\/\/ambtokyo.esteri.it\/wp-content\/uploads\/2022\/08\/icao.jpg\">vedi esempio<\/a>). Non saranno accettate foto fatte con lo smartphone;<\/li>\n<li>un documento di riconoscimento di entrambi i genitori con foto e firma (es. carta d\u2019identit\u00e0 o passaporto);<\/li>\n<li>un documento di riconoscimento del minore (se disponibile);<\/li>\n<li>il passaporto del minore anche se scaduto o deteriorato;<\/li>\n<li>la somma in contanti\u00a0<strong>in Yen<\/strong>\u00a0corrispondente a 116 Euro (consulta le\u00a0<a href=\"https:\/\/ambtokyo.esteri.it\/servizi-consolari-e-visti\/tariffe-consolari\/\">tariffe consolari<\/a>);<\/li>\n<li>in caso di smarrimento\/furto del passaporto in corso di validit\u00e0, \u00e8 necessaria la copia della denuncia di smarrimento\/furto presso le autorit\u00e0 locali.<\/li>\n<\/ul>\n<p><strong>Attenzione!\u00a0<\/strong>Per richiedere il passaporto per un minore \u00e8 indispensabile che entrambi i genitori manifestino il loro assenso. Manifestare il proprio assenso \u00e8 necessario anche in caso di coppie non sposate, separate o divorziate e anche se i figli minori sono gi\u00e0 titolari di passaporto individuale. Alternativamente alla sottoscrizione autografa dei genitori, o di chi ne fa le veci, sul modulo di domanda passaporto, \u00e8 possibile firmare un \u201cAtto di Assenso\u201d per rilascio passaporti minori. Le disposizioni che si applicano sono le seguenti:<\/p>\n<ul>\n<li>Se l\u2019altro genitore \u00e8 cittadino italiano o cittadino di uno Stato UE la sua presenza non \u00e8 necessaria e potrai presentare l\u2019Atto di assenso da lui\/lei firmato in originale, unitamente a una copia del suo documento di identit\u00e0.<\/li>\n<li>Se l\u2019altro genitore NON \u00e8 cittadino italiano o UE, non risultando applicabile la normativa italiana relativa all\u2019autocertificazione, dovr\u00e0 presentarsi con te all\u2019appuntamento e firmare l\u2019atto di assenso di fronte al personale del Consolato, che ne autenticher\u00e0 la firma. In alternativa, l\u2019\u201datto di assenso\u201d pu\u00f2 essere redatto presso un notaio giapponese; in questo caso, il sigillo\/firma del notaio deve essere riconosciuto dal competente ufficio per gli Affari legali della Prefettura e l\u2019intero atto notarile prodotto deve essere corredato da Apostille (Convenzione dell\u2019Aja del 5 ottobre 1961) apposta sul sigillo notarile. Solo alcuni notai nell\u2019area di Tokyo e Kanagawa sono abilitati a rilasciare l\u2019Apostille, che in linea generale viene comunque apposta dal\u00a0<a href=\"https:\/\/www.mofa.go.jp\/ca\/cs\/page22e_000418.html\">MOFA<\/a>. Se invece si trova in Italia o in un altro Paese all\u2019estero, deve firmare l\u2019atto di assenso alla presenza di un Pubblico Ufficiale in Italia oppure presso un\u2019Ambasciata o un Consolato italiano competente.<\/li>\n<li>In caso di decesso dell\u2019altro genitore, devi portare con te una copia originale del certificato di morte. Se il decesso \u00e8 avvenuto in un Paese diverso dal Giappone o dall\u2019Italia, il certificato di morte deve essere presentato esclusivamente con traduzione legalizzata in italiano o in formato multilingua.<\/li>\n<li>Se non ti \u00e8 possibile ottenere l\u2019assenso da parte dell\u2019altro genitore, l\u2019emissione del passaporto potr\u00e0 avvenire solo per ragioni che dovranno essere provate da motivazioni solide e da adeguata documentazione e a seguito di un apposito decreto emesso dal Giudice tutelare. Il Capo della Cancelleria Consolare esercita le funzioni di Giudice tutelare per i minori iscritti all\u2019AIRE residenti nella circoscrizione di Tokyo. Se invece il minore non \u00e8 iscritto all\u2019Aire, \u00e8 competente il Tribunale dei Minori del Comune di residenza.<\/li>\n<\/ul>\n<p><strong>AFFIDAMENTO DI MINORI CITTADINI ITALIANI A PERSONE DIVERSE DAI GENITORI IN CASO DI VIAGGIO<\/strong><\/p>\n<p>Se si desidera che un minore di anni 14 viaggi in Italia accompagnato da una persona diversa dai genitori o affidato alla compagnia aerea, \u00e8 necessario che i genitori o gli esercenti la responsabilit\u00e0 genitoriale presentino una dichiarazione di accompagnamento.<\/p>\n<p>Si veda la dedicata sezione sulla dichiarazione di accompagnamento.<\/p>\n<p>Per ulteriori informazioni puoi chiamare il numero 03-3453-5291, int. 182 o inviare una email all\u2019indirizzo\u00a0<a href=\"mailto:tokyo.passaporti@esteri.it\">tokyo.passaporti@esteri.it<\/a>.<\/p>\n","protected":false},"excerpt":{"rendered":"Passaporto per minorenni I minori non possono essere pi\u00f9 iscritti sul passaporto dei genitori ma devono viaggiare con un proprio passaporto. Prima di richiedere il passaporto del minore, assicurati di aver provveduto a trascrivere il suo atto di nascita presso il Comune italiano. Se non lo avessi fatto ti preghiamo di procedere al pi\u00f9 presto [&hellip;]","protected":false},"author":6,"featured_media":0,"parent":219,"menu_order":0,"comment_status":"closed","ping_status":"closed","template":"","meta":{"footnotes":""},"class_list":["post-437","page","type-page","status-publish","hentry"],"_links":{"self":[{"href":"https:\/\/ambtokyo.esteri.it\/it\/wp-json\/wp\/v2\/pages\/437","targetHints":{"allow":["GET"]}}],"collection":[{"href":"https:\/\/ambtokyo.esteri.it\/it\/wp-json\/wp\/v2\/pages"}],"about":[{"href":"https:\/\/ambtokyo.esteri.it\/it\/wp-json\/wp\/v2\/types\/page"}],"author":[{"embeddable":true,"href":"https:\/\/ambtokyo.esteri.it\/it\/wp-json\/wp\/v2\/users\/6"}],"replies":[{"embeddable":true,"href":"https:\/\/ambtokyo.esteri.it\/it\/wp-json\/wp\/v2\/comments?post=437"}],"version-history":[{"count":6,"href":"https:\/\/ambtokyo.esteri.it\/it\/wp-json\/wp\/v2\/pages\/437\/revisions"}],"predecessor-version":[{"id":7663,"href":"https:\/\/ambtokyo.esteri.it\/it\/wp-json\/wp\/v2\/pages\/437\/revisions\/7663"}],"up":[{"embeddable":true,"href":"https:\/\/ambtokyo.esteri.it\/it\/wp-json\/wp\/v2\/pages\/219"}],"wp:attachment":[{"href":"https:\/\/ambtokyo.esteri.it\/it\/wp-json\/wp\/v2\/media?parent=437"}],"curies":[{"name":"wp","href":"https:\/\/api.w.org\/{rel}","templated":true}]}}