{"id":453,"date":"2022-08-30T04:48:01","date_gmt":"2022-08-30T02:48:01","guid":{"rendered":"https:\/\/ambtokyo.esteri.it\/?page_id=453"},"modified":"2025-10-27T05:33:45","modified_gmt":"2025-10-27T04:33:45","slug":"trascrizione-atti-di-matrimonio","status":"publish","type":"page","link":"https:\/\/ambtokyo.esteri.it\/it\/servizi-consolari-e-visti\/servizi-per-il-cittadino-italiano\/stato-civile\/trascrizione-atti-di-matrimonio\/","title":{"rendered":"Trascrizione atti di matrimonio"},"content":{"rendered":"<p><strong>Trascrizione atti di matrimonio<\/strong><\/p>\n<p>Per avere valore in Italia il matrimonio celebrato all\u2019estero deve essere trascritto in Italia presso il Comune competente.<\/p>\n<p><strong>STEP 1<\/strong> \u2013 Raccogli i seguenti documenti:<\/p>\n<ul>\n<li><strong> atto di matrimonio<\/strong> \u5a5a\u59fb\u5c4a\u53d7\u7406\u8a3c\u660e\u66f8 (<em>kon\u2019in todoke juri sh\u014dmeisho<\/em>),<\/li>\n<li><strong> registro di famiglia<\/strong> \u6238\u7c4d\u8b04\u672c (<em>koseki t\u014dhon<\/em>) riportante il matrimonio (da prodursi solo nel caso in cui uno dei due genitori dei coniugi sia cittadino giapponese).<\/li>\n<\/ul>\n<p>Entrambi i certificati devono essere corredati di \u201cApostille\u201d rilasciata dal Ministero degli Esteri Giapponese. Vai alla pagina cliccando <a href=\"https:\/\/ambtokyo.esteri.it\/it\/servizi-consolari-e-visti\/servizi-per-il-cittadino-italiano\/traduzione-legalizzazione-documenti\/\">qui<\/a><\/p>\n<p>I documenti devono essere in originale, non si accettano fotocopie.<\/p>\n<ul>\n<li><a href=\"https:\/\/ambtokyo.esteri.it\/wp-content\/uploads\/2022\/08\/modulo_di_richiesta_di_trascrizione_certificato_di_matrimonio_con__scelta_regime_patrimoniale.doc\">modulo di richiesta<\/a> di trascrizione del matrimonio, compilato e firmato dal cittadino italiano;<\/li>\n<li><strong> traduzione in italiano<\/strong> dell\u2019atto di matrimonio e del registro di famiglia.<\/li>\n<\/ul>\n<p>Si <strong>consiglia<\/strong> di ricorrere a un traduttore professionista, in quanto traduzioni improvvisate contenenti errori, non verranno accettate.\u00a0Consulta <a href=\"https:\/\/ambtokyo.esteri.it\/servizi-consolari-e-visti\/traduttori-di-riferimento\/\">qui<\/a> l\u2019elenco dei traduttori di riferimento.<\/p>\n<p><strong>Attenzione!<\/strong> Se il matrimonio \u00e8 avvenuto all\u2019estero, in un Paese diverso dal Giappone, devi richiedere il certificato di matrimonio integrale in originale all\u2019Autorit\u00e0 presso cui il matrimonio \u00e8 stato celebrato. L\u2019atto deve essere munito di legalizzazione (Apostille dell\u2019Aja o equivalente) e di traduzione ufficiale in italiano. Per maggiori informazioni consulta il sito del Consolato italiano competente.<\/p>\n<p><a href=\"https:\/\/serviziconsolarionline.esteri.it\/ScoFE\/services\/consulate\/find-consulate.sco\">TROVA IL TUO CONSOLATO<\/a>:<\/p>\n<p><strong>STEP 2 \u2013 Verifica dei documenti<\/strong><\/p>\n<p>Invia tutta la documentazione alla Cancelleria consolare per posta tramite Letter Pack (acquistabile in un qualsiasi ufficio postale) all\u2019indirizzo:<\/p>\n<p>EMBASSY OF ITALY IN TOKYO<\/p>\n<p>Consular Division<\/p>\n<p>2-5-4 Mita, Minato-ku<\/p>\n<p>108-8302 TOKYO (Japan)<\/p>\n<p>In alternativa puoi consegnare tutta la documentazione, previo appuntamento preso tramite il portale <a href=\"https:\/\/prenotami.esteri.it\/\">Prenot@mi<\/a><\/p>\n<p><strong>STEP 3 \u2013 Invio dell\u2019atto al Comune<\/strong><\/p>\n<p>Il nostro personale esaminer\u00e0 la documentazione e se \u00e8 corretta e completa trasmetter\u00e0 al Comune l\u2019atto di matrimonio per la trascrizione.<\/p>\n<p>Ti contatteremo solo se la documentazione non dovesse essere completa o corretta.<\/p>\n<p><strong>Attenzione!<\/strong> I certificati originali non saranno restituiti, ma resteranno agli atti nel nostro archivio consolare.<\/p>\n","protected":false},"excerpt":{"rendered":"Trascrizione atti di matrimonio Per avere valore in Italia il matrimonio celebrato all\u2019estero deve essere trascritto in Italia presso il Comune competente. STEP 1 \u2013 Raccogli i seguenti documenti: atto di matrimonio \u5a5a\u59fb\u5c4a\u53d7\u7406\u8a3c\u660e\u66f8 (kon\u2019in todoke juri sh\u014dmeisho), registro di famiglia \u6238\u7c4d\u8b04\u672c (koseki t\u014dhon) riportante il matrimonio (da prodursi solo nel caso in cui uno dei [&hellip;]","protected":false},"author":6,"featured_media":0,"parent":223,"menu_order":0,"comment_status":"closed","ping_status":"closed","template":"","meta":{"footnotes":""},"class_list":["post-453","page","type-page","status-publish","hentry"],"_links":{"self":[{"href":"https:\/\/ambtokyo.esteri.it\/it\/wp-json\/wp\/v2\/pages\/453","targetHints":{"allow":["GET"]}}],"collection":[{"href":"https:\/\/ambtokyo.esteri.it\/it\/wp-json\/wp\/v2\/pages"}],"about":[{"href":"https:\/\/ambtokyo.esteri.it\/it\/wp-json\/wp\/v2\/types\/page"}],"author":[{"embeddable":true,"href":"https:\/\/ambtokyo.esteri.it\/it\/wp-json\/wp\/v2\/users\/6"}],"replies":[{"embeddable":true,"href":"https:\/\/ambtokyo.esteri.it\/it\/wp-json\/wp\/v2\/comments?post=453"}],"version-history":[{"count":2,"href":"https:\/\/ambtokyo.esteri.it\/it\/wp-json\/wp\/v2\/pages\/453\/revisions"}],"predecessor-version":[{"id":6930,"href":"https:\/\/ambtokyo.esteri.it\/it\/wp-json\/wp\/v2\/pages\/453\/revisions\/6930"}],"up":[{"embeddable":true,"href":"https:\/\/ambtokyo.esteri.it\/it\/wp-json\/wp\/v2\/pages\/223"}],"wp:attachment":[{"href":"https:\/\/ambtokyo.esteri.it\/it\/wp-json\/wp\/v2\/media?parent=453"}],"curies":[{"name":"wp","href":"https:\/\/api.w.org\/{rel}","templated":true}]}}