{"id":4594,"date":"2024-04-08T03:09:03","date_gmt":"2024-04-08T01:09:03","guid":{"rendered":"https:\/\/ambtokyo.esteri.it\/?page_id=4594"},"modified":"2024-04-08T03:09:03","modified_gmt":"2024-04-08T01:09:03","slug":"intervento-dellambasciatore-ditalia-gianluigi-benedetti-in-occasione-dellinaugurazione-della-mostra-thermae-panasonic-shiodome-museum-of-art-tokyo-5-aprile-2024","status":"publish","type":"page","link":"https:\/\/ambtokyo.esteri.it\/it\/chi-siamo\/ambasciatore\/discorsi-dellambasciatore__trashed\/intervento-dellambasciatore-ditalia-gianluigi-benedetti-in-occasione-dellinaugurazione-della-mostra-thermae-panasonic-shiodome-museum-of-art-tokyo-5-aprile-2024\/","title":{"rendered":"Intervento dell&#8217;Ambasciatore d&#8217;Italia, Gianluigi Benedetti, in occasione dell&#8217;inaugurazione della mostra &#8220;Thermae&#8221; (Panasonic Shiodome Museum of Art, Tokyo, 5 aprile 2024)"},"content":{"rendered":"<p>Gentili signore e signori, \u00e8 con grande gioia che partecipo all\u2019inaugurazione della mostra &#8220;Thermae&#8221;, un&#8217;affascinante scoperta della cultura termale che mette a confronto le tradizioni giapponesi con quelle della Roma Antica.<\/p>\n<p>&nbsp;<\/p>\n<p>Voglio ringraziare innanzitutto il Panasonic Shiodome Museum of Art e Asahi Shimbun, i curatori Masanori Aoyagi e Kyoko Haga per il loro studio meticoloso, e Mari Yamazaki che ha collaborato a questa esposizione continuando il prezioso lavoro di divulgazione della cultura romana iniziato con il suo celebre manga.<\/p>\n<p>&nbsp;<\/p>\n<p>Le terme, simbolo di igiene e di civilt\u00e0, sono sicuramente un segno distintivo dei nostri Paesi: oggi come un tempo, sono molto di pi\u00f9 di un luogo per la cura del corpo, sono piuttosto un luogo per ritrovarsi insieme e scoprire luoghi bellissimi e spesso nascosti.<\/p>\n<p>&nbsp;<\/p>\n<p>Attraverso gli oltre cento pezzi qui esposti possiamo davvero apprezzare gli aspetti comuni di questo rituale, che nel corso dei secoli, a migliaia di chilometri di distanza, ha caratterizzato le societ\u00e0 italiana e giapponese.<\/p>\n<p>&nbsp;<\/p>\n<p>In entrambi i Paesi, questa tradizione continua anche oggi. Io stesso ho avuto pi\u00f9 volte l\u2019occasione di visitare gli <em>onsen<\/em> e i <em>rotenburo<\/em> in Giappone e ogni volta, attraverso il calore delle acque, mi \u00e8 sembrato di avvicinarmi di pi\u00f9 alle radici della terra giapponese.<\/p>\n<p>&nbsp;<\/p>\n<p>Invito tutti voi a fare esperienza delle terme anche in Italia. Abbiamo, infatti, il maggior numero di stabilimenti termali in Europa e, con strutture all\u2019avanguardia, abbiamo unito la cura del benessere ad altri tipi di turismo come quello sportivo o enogastronomico. Il mio consiglio \u00e8 di godere delle terme italiane dopo una giornata di sci o di abbinare la visita a una degustazione di cibo e vino del territorio.<\/p>\n<p>&nbsp;<\/p>\n<p>E in questa mostra c\u2019\u00e8 tanta Italia grazie alla collaborazione con il Museo Archeologico Nazionale di Napoli. Questo museo negli ultimi anni ha lavorato a molti progetti in Giappone contribuendo a migliorare la visibilit\u00e0 della citt\u00e0 di Napoli che, per sua vocazione e grazie alla famosa universit\u00e0 \u201cL\u2019Orientale\u201d, \u00e8 da sempre un punto di connessione con l\u2019Asia.<\/p>\n<p>&nbsp;<\/p>\n<p>Ringrazio quindi tutti i partner che hanno permesso a questa straordinaria mostra di raggiungere il pubblico giapponese. Sono sicuro che per tutti i visitatori sar\u00e0 entusiasmante ripercorrere la storia delle terme e poi ritrovarsi loro stessi a continuare questa scoperta nei tanti <em>sento<\/em> di Tokyo.<\/p>\n<p>&nbsp;<\/p>\n<p>Grazie a tutti!<\/p>\n","protected":false},"excerpt":{"rendered":"Gentili signore e signori, \u00e8 con grande gioia che partecipo all\u2019inaugurazione della mostra &#8220;Thermae&#8221;, un&#8217;affascinante scoperta della cultura termale che mette a confronto le tradizioni giapponesi con quelle della Roma Antica. &nbsp; Voglio ringraziare innanzitutto il Panasonic Shiodome Museum of Art e Asahi Shimbun, i curatori Masanori Aoyagi e Kyoko Haga per il loro studio [&hellip;]","protected":false},"author":6,"featured_media":0,"parent":272,"menu_order":0,"comment_status":"closed","ping_status":"closed","template":"","meta":{"footnotes":""},"class_list":["post-4594","page","type-page","status-publish","hentry"],"_links":{"self":[{"href":"https:\/\/ambtokyo.esteri.it\/it\/wp-json\/wp\/v2\/pages\/4594","targetHints":{"allow":["GET"]}}],"collection":[{"href":"https:\/\/ambtokyo.esteri.it\/it\/wp-json\/wp\/v2\/pages"}],"about":[{"href":"https:\/\/ambtokyo.esteri.it\/it\/wp-json\/wp\/v2\/types\/page"}],"author":[{"embeddable":true,"href":"https:\/\/ambtokyo.esteri.it\/it\/wp-json\/wp\/v2\/users\/6"}],"replies":[{"embeddable":true,"href":"https:\/\/ambtokyo.esteri.it\/it\/wp-json\/wp\/v2\/comments?post=4594"}],"version-history":[{"count":1,"href":"https:\/\/ambtokyo.esteri.it\/it\/wp-json\/wp\/v2\/pages\/4594\/revisions"}],"predecessor-version":[{"id":4595,"href":"https:\/\/ambtokyo.esteri.it\/it\/wp-json\/wp\/v2\/pages\/4594\/revisions\/4595"}],"up":[{"embeddable":true,"href":"https:\/\/ambtokyo.esteri.it\/it\/wp-json\/wp\/v2\/pages\/272"}],"wp:attachment":[{"href":"https:\/\/ambtokyo.esteri.it\/it\/wp-json\/wp\/v2\/media?parent=4594"}],"curies":[{"name":"wp","href":"https:\/\/api.w.org\/{rel}","templated":true}]}}