{"id":4613,"date":"2024-04-10T00:47:48","date_gmt":"2024-04-09T22:47:48","guid":{"rendered":"https:\/\/ambtokyo.esteri.it\/?page_id=4613"},"modified":"2024-04-10T00:47:48","modified_gmt":"2024-04-09T22:47:48","slug":"videomessaggio-dellambasciatore-ditalia-in-giappone-gianluigi-benedetti-in-occasione-della-seconda-edizione-del-seminario-selecting-italy-attrazione-investimenti","status":"publish","type":"page","link":"https:\/\/ambtokyo.esteri.it\/it\/chi-siamo\/ambasciatore\/discorsi-dellambasciatore__trashed\/videomessaggio-dellambasciatore-ditalia-in-giappone-gianluigi-benedetti-in-occasione-della-seconda-edizione-del-seminario-selecting-italy-attrazione-investimenti\/","title":{"rendered":"Videomessaggio dell\u2019Ambasciatore d\u2019Italia in Giappone, Gianluigi Benedetti, in occasione della seconda edizione del seminario \u201cSelecting Italy \u2013 Attrazione investimenti esteri e catene regionali del valore\u201d (Trieste, 9 aprile 2024)"},"content":{"rendered":"<p>Rivolgo un cordiale saluto da Tokyo a tutti i partecipanti alla seconda edizione del seminario \u201c<em>Selecting Italy<\/em>\u201d dedicato all\u2019attrazione degli investimenti esteri e alle catene regionali del valore.<\/p>\n<p>&nbsp;<\/p>\n<p>Ringrazio il Presidente della Conferenza delle Regioni e delle Province Autonome, Massimiliano Fedriga, per il cortese invito a contribuire a questo importante appuntamento e per l\u2019attenzione rivolta quest\u2019anno ai rapporti tra Italia e Giappone, anche nella prospettiva della partecipazione italiana all\u2019Esposizione Universale di Osaka del prossimo anno.<\/p>\n<p>&nbsp;<\/p>\n<p>Come sapete, nel gennaio 2023, alla luce del nuovo scenario internazionale, il Presidente del Consiglio dei Ministri Giorgia Meloni e il Primo Ministro giapponese Fumio Kishida concordarono di elevare le relazioni bilaterali al rango di Partenariato Strategico, dando un impulso decisivo non solo al rafforzamento della cooperazione politica e di sicurezza, ma anche allo sviluppo delle collaborazioni industriali e scientifiche.<\/p>\n<p>&nbsp;<\/p>\n<p>I quattro settori al centro delle discussioni del vostro seminario &#8211; industria 4.0 e automazione, scienze della vita, aerospazio e tecnologie legate all\u2019ambiente &#8211; insieme alle due tematiche trasversali \u2013 \u201cInfrastrutture e nuovi paradigmi di sfruttamento dei dati\u201d e \u201cTalenti e <em>start-up\u201d<\/em> &#8211; sono settori chiave per promuovere e cogliere nuove opportunit\u00e0 di collaborazione tra Italia e Giappone.<\/p>\n<p>&nbsp;<\/p>\n<p>I dati commerciali e quelli sui reciproci investimenti diretti ci dicono che il potenziale di crescita dell\u2019interscambio e dei partenariati industriali \u00e8 ancora notevole e, in alcuni settori come quelli <em>high-tech<\/em>, quasi inesplorato. Pertanto, \u00e8 proprio nei settori come quelli da voi individuati che vanno indirizzati gli sforzi comuni per espandere e rafforzare le nostre relazioni bilaterali.<\/p>\n<p>&nbsp;<\/p>\n<p>Un potenziamento degli investimenti in entrambe le direzioni, in settori come la <em>space economy<\/em>, la microelettronica e la <em>data economy<\/em> insieme a strategie di investimento congiunto in Paesi terzi, penso ad esempio al settore dell\u2019energia nell\u2019ottica del Piano Mattei per l\u2019Africa, consentirebbero di sviluppare nuove tecnologie, rafforzare le catene di valore e progredire ulteriormente sul piano della competitivit\u00e0 globale, assicurando una maggiore crescita economica e sviluppo sociale nei nostri Paesi.<\/p>\n<p>&nbsp;<\/p>\n<p>Per questo, anche nei settori identificati da <em>Selecting Italy<\/em>, l\u2019Ambasciata insieme a tutti gli altri enti ed istituzioni del Sistema Italia in Giappone sta moltiplicando gli sforzi per creare maggiori opportunit\u00e0 di cooperazione scientifica e sinergie industriali, anche in ambito di ricerca e sviluppo, tra enti di ricerca e aziende italiane e giapponesi, soprattutto nella cornice dell\u2019<em>Italy Japan Business Group <\/em>(IJBG).<\/p>\n<p>&nbsp;<\/p>\n<p>Sono convinto che per raggiungere questo obiettivo un ruolo fondamentale possa essere giocato dalle nostre Regioni e dalle nostre Province autonome, che hanno saputo sempre pi\u00f9 internazionalizzarsi puntando sulla formazione di talenti e sull\u2019innovazione e creando reti che collegano oggi a livello istituzionale, commerciale e accademico i nostri territori e quelli del Giappone.<\/p>\n<p>&nbsp;<\/p>\n<p>In questa prospettiva, l\u2019Esposizione Universale di Osaka nel 2025 rappresenter\u00e0 un appuntamento fondamentale e un\u2019opportunit\u00e0 unica. Sar\u00e0 infatti una vetrina per mostrare le pi\u00f9 avanzate tecnologie italiane in molti settori e un\u2019occasione per individuare, insieme agli amici giapponesi, nuove opportunit\u00e0 di collaborazioni scientifiche e industriali.<\/p>\n<p>&nbsp;<\/p>\n<p>Grazie e buon lavoro!<\/p>\n","protected":false},"excerpt":{"rendered":"Rivolgo un cordiale saluto da Tokyo a tutti i partecipanti alla seconda edizione del seminario \u201cSelecting Italy\u201d dedicato all\u2019attrazione degli investimenti esteri e alle catene regionali del valore. &nbsp; Ringrazio il Presidente della Conferenza delle Regioni e delle Province Autonome, Massimiliano Fedriga, per il cortese invito a contribuire a questo importante appuntamento e per l\u2019attenzione [&hellip;]","protected":false},"author":6,"featured_media":0,"parent":272,"menu_order":0,"comment_status":"closed","ping_status":"closed","template":"","meta":{"footnotes":""},"class_list":["post-4613","page","type-page","status-publish","hentry"],"_links":{"self":[{"href":"https:\/\/ambtokyo.esteri.it\/it\/wp-json\/wp\/v2\/pages\/4613","targetHints":{"allow":["GET"]}}],"collection":[{"href":"https:\/\/ambtokyo.esteri.it\/it\/wp-json\/wp\/v2\/pages"}],"about":[{"href":"https:\/\/ambtokyo.esteri.it\/it\/wp-json\/wp\/v2\/types\/page"}],"author":[{"embeddable":true,"href":"https:\/\/ambtokyo.esteri.it\/it\/wp-json\/wp\/v2\/users\/6"}],"replies":[{"embeddable":true,"href":"https:\/\/ambtokyo.esteri.it\/it\/wp-json\/wp\/v2\/comments?post=4613"}],"version-history":[{"count":1,"href":"https:\/\/ambtokyo.esteri.it\/it\/wp-json\/wp\/v2\/pages\/4613\/revisions"}],"predecessor-version":[{"id":4615,"href":"https:\/\/ambtokyo.esteri.it\/it\/wp-json\/wp\/v2\/pages\/4613\/revisions\/4615"}],"up":[{"embeddable":true,"href":"https:\/\/ambtokyo.esteri.it\/it\/wp-json\/wp\/v2\/pages\/272"}],"wp:attachment":[{"href":"https:\/\/ambtokyo.esteri.it\/it\/wp-json\/wp\/v2\/media?parent=4613"}],"curies":[{"name":"wp","href":"https:\/\/api.w.org\/{rel}","templated":true}]}}