{"id":4671,"date":"2024-04-29T02:03:51","date_gmt":"2024-04-29T00:03:51","guid":{"rendered":"https:\/\/ambtokyo.esteri.it\/?page_id=4671"},"modified":"2024-04-29T02:03:51","modified_gmt":"2024-04-29T00:03:51","slug":"intervento-dellambasciatore-ditalia-gianluigi-benedetti-in-occasione-dellinaugurazione-della-mostra-de-chirico-metaphysical-journey-tokyo-metropolitan-art-museum-26-aprile","status":"publish","type":"page","link":"https:\/\/ambtokyo.esteri.it\/it\/chi-siamo\/ambasciatore\/discorsi-dellambasciatore__trashed\/intervento-dellambasciatore-ditalia-gianluigi-benedetti-in-occasione-dellinaugurazione-della-mostra-de-chirico-metaphysical-journey-tokyo-metropolitan-art-museum-26-aprile\/","title":{"rendered":"Intervento dell&#8217;Ambasciatore d&#8217;Italia, Gianluigi Benedetti, in occasione dell&#8217;inaugurazione della mostra \u201cDe Chirico: Metaphysical Journey\u201d (Tokyo Metropolitan Art Museum, 26 aprile 2024)"},"content":{"rendered":"<p>Signore e signori, \u00e8 un grande piacere partecipare all\u2019inaugurazione della mostra \u201cDe Chirico: Metaphysical Journey\u201d.<\/p>\n<p>&nbsp;<\/p>\n<p>Ringrazio il Tokyo Metropolitan Art Museum, Asahi Shimbun, Daiwa e tutti i partner che ci concedono la possibilit\u00e0 di riscoprire, qui a Tokyo, uno dei pi\u00f9 grandi maestri italiani del ventesimo secolo: Giorgio de Chirico.<\/p>\n<p>&nbsp;<\/p>\n<p>Attraverso le opere concesse dalla Fondazione Giorgio e Isa de Chirico, con il contributo dell\u2019Associazione MetaMorfosi e la curatela del Professor Fabio Benzi, possiamo rivivere le tipiche atmosfere che hanno contraddistinto la carriera del pittore.<\/p>\n<p>&nbsp;<\/p>\n<p>La pittura metafisica viene concepita da de Chirico all\u2019inizio del Novecento, in tempi difficili e di grandi trasformazioni che in alcuni modi sembrano assomigliare agli anni che stiamo vivendo.<\/p>\n<p>&nbsp;<\/p>\n<p>\u00c8 un modo per conoscere una rappresentazione recente dell\u2019Italia, in un\u2019epoca in cui lo sviluppo tecnologico portava a elaborare forme d\u2019arte futuriste, eppure saldamente ancorate ai valori classici.<\/p>\n<p>&nbsp;<\/p>\n<p>Questa mostra ci d\u00e0 la possibilit\u00e0 di rivivere quel periodo, di riflettere sulla potenza dell&#8217;immaginazione e sulla capacit\u00e0 dell&#8217;arte di raffigurare il nostro modo di vedere il mondo.<\/p>\n<p>&nbsp;<\/p>\n<p>Per dirla con le parole dell\u2019autore, nelle sue opere troviamo \u201cbelle giornate d\u2019autunno, di pomeriggio, nelle citt\u00e0 italiane\u201d.<\/p>\n<p>&nbsp;<\/p>\n<p>Pensando a questo concetto possiamo tutti immedesimarci nelle opere e immaginare la quiete di un pomeriggio.<\/p>\n<p>&nbsp;<\/p>\n<p>Possiamo anche ammirare i giochi di luce e le architetture classiche che si alternano in un misto di antica perfezione e moderna inquietudine.<\/p>\n<p>&nbsp;<\/p>\n<p>&nbsp;<\/p>\n<p>Questa mostra \u00e8 anche un&#8217;occasione unica per immergersi nelle profondit\u00e0 della mente creativa di de Chirico e per apprezzare la sua vasta produzione artistica, dalla sua fase metafisica alle esplorazioni successive.<\/p>\n<p>&nbsp;<\/p>\n<p>Attraverso le opere di de Chirico, possiamo contemplare non solo la bellezza estetica, ma anche i complessi strati di significato che influenzano la sua arte, aprendo finestre sulla condizione umana, sulle sue speranze e paure, sulle sue ambiguit\u00e0 e contraddizioni.<\/p>\n<p>&nbsp;<\/p>\n<p>In conclusione, penso che in un mondo sempre pi\u00f9 frammentato e polarizzato, l&#8217;arte possa svolgere un ruolo cruciale nel riunire le persone, nel nutrire la creativit\u00e0 e nell&#8217;incoraggiare la riflessione.<\/p>\n<p>&nbsp;<\/p>\n<p>Questa mostra, con le sue opere straordinarie e il suo messaggio intenso, \u00e8 proprio il migliore esempio di ci\u00f2 che l&#8217;arte possa realizzare.<\/p>\n<p>&nbsp;<\/p>\n<p>Grazie a tutti voi per essere qui. Spero che \u201cDe Chirico: Metaphysical Journey\u201d possa essere un viaggio indimenticabile per ognuno di voi.<\/p>\n","protected":false},"excerpt":{"rendered":"Signore e signori, \u00e8 un grande piacere partecipare all\u2019inaugurazione della mostra \u201cDe Chirico: Metaphysical Journey\u201d. &nbsp; Ringrazio il Tokyo Metropolitan Art Museum, Asahi Shimbun, Daiwa e tutti i partner che ci concedono la possibilit\u00e0 di riscoprire, qui a Tokyo, uno dei pi\u00f9 grandi maestri italiani del ventesimo secolo: Giorgio de Chirico. &nbsp; Attraverso le opere [&hellip;]","protected":false},"author":6,"featured_media":0,"parent":272,"menu_order":0,"comment_status":"closed","ping_status":"closed","template":"","meta":{"footnotes":""},"class_list":["post-4671","page","type-page","status-publish","hentry"],"_links":{"self":[{"href":"https:\/\/ambtokyo.esteri.it\/it\/wp-json\/wp\/v2\/pages\/4671","targetHints":{"allow":["GET"]}}],"collection":[{"href":"https:\/\/ambtokyo.esteri.it\/it\/wp-json\/wp\/v2\/pages"}],"about":[{"href":"https:\/\/ambtokyo.esteri.it\/it\/wp-json\/wp\/v2\/types\/page"}],"author":[{"embeddable":true,"href":"https:\/\/ambtokyo.esteri.it\/it\/wp-json\/wp\/v2\/users\/6"}],"replies":[{"embeddable":true,"href":"https:\/\/ambtokyo.esteri.it\/it\/wp-json\/wp\/v2\/comments?post=4671"}],"version-history":[{"count":1,"href":"https:\/\/ambtokyo.esteri.it\/it\/wp-json\/wp\/v2\/pages\/4671\/revisions"}],"predecessor-version":[{"id":4673,"href":"https:\/\/ambtokyo.esteri.it\/it\/wp-json\/wp\/v2\/pages\/4671\/revisions\/4673"}],"up":[{"embeddable":true,"href":"https:\/\/ambtokyo.esteri.it\/it\/wp-json\/wp\/v2\/pages\/272"}],"wp:attachment":[{"href":"https:\/\/ambtokyo.esteri.it\/it\/wp-json\/wp\/v2\/media?parent=4671"}],"curies":[{"name":"wp","href":"https:\/\/api.w.org\/{rel}","templated":true}]}}