{"id":4676,"date":"2024-04-29T02:07:53","date_gmt":"2024-04-29T00:07:53","guid":{"rendered":"https:\/\/ambtokyo.esteri.it\/?page_id=4676"},"modified":"2024-04-29T02:07:53","modified_gmt":"2024-04-29T00:07:53","slug":"intervento-dellambasciatore-ditalia-gianluigi-benedetti-in-occasione-del-ricevimento-per-la-mostra-de-chirico-metaphysical-journey-tokyon-26-aprile-2024","status":"publish","type":"page","link":"https:\/\/ambtokyo.esteri.it\/it\/chi-siamo\/ambasciatore\/discorsi-dellambasciatore__trashed\/intervento-dellambasciatore-ditalia-gianluigi-benedetti-in-occasione-del-ricevimento-per-la-mostra-de-chirico-metaphysical-journey-tokyon-26-aprile-2024\/","title":{"rendered":"Intervento dell&#8217;Ambasciatore d&#8217;Italia, Gianluigi Benedetti, in occasione del ricevimento per la mostra \u201cDe Chirico: Metaphysical Journey\u201d (Tokyon, 26 aprile 2024)"},"content":{"rendered":"<p>Gentili ospiti, \u00e8 un piacere accogliervi con mia moglie Sabina per continuare le celebrazioni in onore del Maestro Giorgio de Chirico in questa storica Residenza, ricca di oggetti d\u2019arte italiana e immersa in un meraviglioso giardino giapponese del 1600.<\/p>\n<p>&nbsp;<\/p>\n<p>Abbiamo cominciato mercoled\u00ec con un\u2019interessantissima conferenza del Professor Benzi all\u2019Istituto Italiano di Cultura e siamo rimasti tutti estasiati ad ammirare oggi pomeriggio oltre 100 opere esposte al Tokyo Metropolitan Art Museum, grazie alla Fondazione Giorgio e Isa de Chirico e all\u2019Associazione MetaMorfosi.<\/p>\n<p>&nbsp;<\/p>\n<p>Come \u00e8 stato sottolineato anche oggi, la figura poliedrica di de Chirico, pittore, scrittore e scultore, ci porta a esplorare i sentimenti di chi ha vissuto in un\u2019epoca di grandi trasformazioni, guerre e sviluppo tecnologico.<\/p>\n<p>&nbsp;<\/p>\n<p>Questa mostra ci d\u00e0 la possibilit\u00e0 di rivivere quel lungo periodo e di riflettere sulla potenza dell&#8217;immaginazione e sulla capacit\u00e0 dell&#8217;arte di raffigurare il nostro modo di vedere il mondo.<\/p>\n<p>&nbsp;<\/p>\n<p>Dopo la visita della mostra, questa serata ci offre l\u2019occasione di approfondire i contatti tra i tanti rappresentanti del mondo culturale italiano e i nostri partner giapponesi, in particolare Asahi Shimbun, che da anni ci aiutano a promuovere le eccellenze della cultura italiana in Giappone e a creare connessioni significative tra le nostre due culture.<\/p>\n<p>&nbsp;<\/p>\n<p>Cari amici giapponesi, grazie al vostro prezioso aiuto riusciamo sempre ad amplificare l&#8217;eco dell&#8217;arte italiana nel mondo, vi sono quindi molto grato per il sostegno e l&#8217;entusiasmo che avete dimostrato ospitando e sostenendo anche questa straordinaria mostra che sono certo attirer\u00e0 numerosissimi visitatori sia a Tokyo, sia a Kobe.<\/p>\n<p>&nbsp;<\/p>\n<p>Grazie davvero a tutti e vi auguro una splendida serata all\u2019insegna dell\u2019arte e del bello.<\/p>\n","protected":false},"excerpt":{"rendered":"Gentili ospiti, \u00e8 un piacere accogliervi con mia moglie Sabina per continuare le celebrazioni in onore del Maestro Giorgio de Chirico in questa storica Residenza, ricca di oggetti d\u2019arte italiana e immersa in un meraviglioso giardino giapponese del 1600. &nbsp; Abbiamo cominciato mercoled\u00ec con un\u2019interessantissima conferenza del Professor Benzi all\u2019Istituto Italiano di Cultura e siamo [&hellip;]","protected":false},"author":6,"featured_media":0,"parent":272,"menu_order":0,"comment_status":"closed","ping_status":"closed","template":"","meta":{"footnotes":""},"class_list":["post-4676","page","type-page","status-publish","hentry"],"_links":{"self":[{"href":"https:\/\/ambtokyo.esteri.it\/it\/wp-json\/wp\/v2\/pages\/4676","targetHints":{"allow":["GET"]}}],"collection":[{"href":"https:\/\/ambtokyo.esteri.it\/it\/wp-json\/wp\/v2\/pages"}],"about":[{"href":"https:\/\/ambtokyo.esteri.it\/it\/wp-json\/wp\/v2\/types\/page"}],"author":[{"embeddable":true,"href":"https:\/\/ambtokyo.esteri.it\/it\/wp-json\/wp\/v2\/users\/6"}],"replies":[{"embeddable":true,"href":"https:\/\/ambtokyo.esteri.it\/it\/wp-json\/wp\/v2\/comments?post=4676"}],"version-history":[{"count":2,"href":"https:\/\/ambtokyo.esteri.it\/it\/wp-json\/wp\/v2\/pages\/4676\/revisions"}],"predecessor-version":[{"id":4678,"href":"https:\/\/ambtokyo.esteri.it\/it\/wp-json\/wp\/v2\/pages\/4676\/revisions\/4678"}],"up":[{"embeddable":true,"href":"https:\/\/ambtokyo.esteri.it\/it\/wp-json\/wp\/v2\/pages\/272"}],"wp:attachment":[{"href":"https:\/\/ambtokyo.esteri.it\/it\/wp-json\/wp\/v2\/media?parent=4676"}],"curies":[{"name":"wp","href":"https:\/\/api.w.org\/{rel}","templated":true}]}}