{"id":4690,"date":"2024-05-06T05:01:12","date_gmt":"2024-05-06T03:01:12","guid":{"rendered":"https:\/\/ambtokyo.esteri.it\/?page_id=4690"},"modified":"2024-05-06T05:01:56","modified_gmt":"2024-05-06T03:01:56","slug":"intervento-dellambasciatore-ditalia-gianluigi-benedetti-in-occasione-dellevento-organizzato-da-iccj-e-cdp-dedicato-alla-sostenibilita-nella-moda-camera-di-commercio-italiana-atokyo-22","status":"publish","type":"page","link":"https:\/\/ambtokyo.esteri.it\/it\/chi-siamo\/ambasciatore\/discorsi-dellambasciatore__trashed\/intervento-dellambasciatore-ditalia-gianluigi-benedetti-in-occasione-dellevento-organizzato-da-iccj-e-cdp-dedicato-alla-sostenibilita-nella-moda-camera-di-commercio-italiana-atokyo-22\/","title":{"rendered":"Intervento dell&#8217;Ambasciatore d&#8217;Italia, Gianluigi Benedetti, in occasione dell\u2019evento organizzato da ICCJ e CDP dedicato alla sostenibilit\u00e0 nella moda (Camera di Commercio italiana a Tokyo, 22 aprile 2024)"},"content":{"rendered":"<p>Buon pomeriggio a tutti e buongiorno a chi ci segue dall\u2019Italia. Saluto e ringrazio, anzitutto, il Direttore Pasquale Salzano e tutti i colleghi di Cassa Depositi e Prestiti in collegamento, il Commissario Generale Mario Vattani, che \u00e8 qui con me, e tutta la squadra della Camera di Commercio italiana in Giappone che ci ospita e ha contribuito alla realizzazione di questa iniziativa.<\/p>\n<p>&nbsp;<\/p>\n<p>Sono molto felice di poter dare il via oggi al primo appuntamento di un progetto che ci accompagner\u00e0 fino a Expo Osaka 2025 e che con lungimiranza ed efficacia si propone di affrontare \u2013 in un formato originale e innovativo \u2013\u00a0 temi di assoluta rilevanza, soprattutto nel quadro del partenariato strategico tra Italia e Giappone.<\/p>\n<p>&nbsp;<\/p>\n<p>Partirei con il ricordare che il settore della Moda, al quale \u00e8 dedicato questo incontro, costituisce un tassello strategico del <em>Made in Italy<\/em> in Giappone. Rappresenta, infatti, una delle dimensioni pi\u00f9 iconiche delle produzioni italiane. Certamente una di quelle che meglio sa raccontare la creativit\u00e0, bellezza e qualit\u00e0 del <em>Made in Italy<\/em>, ma anche un saper fare artigianale che affonda le sue radici nella tradizione dei territori e che, per questo motivo, \u00e8 particolarmente vicino alla storia e al gusto di questo Paese.<\/p>\n<p>&nbsp;<\/p>\n<p>L\u2019Italia \u00e8 il secondo esportatore in Giappone per il settore pelletteria e il sesto per quello abbigliamento, unico Paese non-asiatico ad aver conquistato una delle prime dieci posizioni. Tessile, calzature, pelletteria sono, da sempre, componenti trainanti delle nostre esportazioni su questo mercato, con una quota ancora in crescita nel 2024 e pari al 26% del nostro export complessivo verso il Giappone. Si tratta di dati importanti, che sottolineo perch\u00e9 estremamente indicativi del peso che la filiera riveste su questo mercato, che \u00e8 il quarto al mondo per consumo di abbigliamento, dopo quelli di Stati Uniti, Cina e Unione Europea.<\/p>\n<p>&nbsp;<\/p>\n<p>Passando agli aspetti della sostenibilit\u00e0, ricordo che l\u2019industria mondiale della moda, che ha un fatturato globale di circa 2,2 trilioni di euro e impiega 300 milioni di persone lungo tutta la catena del valore, produce tra l\u20198 e il 10% delle emissioni globali, pi\u00f9 di quelle derivanti dal trasporto aereo e marittimo internazionale. Per questo \u00e8 fondamentale riflettere su come rendere pi\u00f9 sostenibile questo settore.<\/p>\n<p>&nbsp;<\/p>\n<p>Al riguardo, \u00e8 interessante guardare al Giappone. Le buone prassi a sostegno della sostenibilit\u00e0 in questo Paese si declinano principalmente nell\u2019attenzione all\u2019impiego dei materiali al fine di evitare, sin dalle prime fasi di progettazione, lo spreco delle materie prime. Per tradizione, le case di moda nipponiche producono infatti in serie limitate, spesso di grande successo, senza rimanenze da smaltire attraverso i canali dell\u2019<em>outlet<\/em> o delle vendite online.<\/p>\n<p>&nbsp;<\/p>\n<p>Questo approccio, orientato al \u201cno waste\u201d e al riutilizzo dei materiali per il benessere collettivo, \u00e8 in realt\u00e0 parte del DNA delle grandi aziende giapponesi da secoli. Gi\u00e0 nel medioevo, i cosiddetti \u201cmercanti di Omi\u201d, una zona vicino Kyoto, erano fedeli al principio del <em>sanp\u014d yoshi<\/em>, i tre benefici da perseguire nella ricerca del profitto: benefici per il venditore, per il compratore e per la societ\u00e0.<\/p>\n<p>&nbsp;<\/p>\n<p>A conferma di un orientamento fortemente votato al \u201c<em>no waste<\/em>\u201d, ma anche al sostegno dell\u2019economia circolare, nel quadro della pi\u00f9 grande fiera del settore tessile del Paese, la <em>Fashion World Tokyo,<\/em> nel 2020 \u00e8 stata inaugurata un\u2019Expo completamente dedicata alle materie prime \u201cverdi\u201d, alle tecniche di produzione e al re-impiego dei materiali. Cresce, inoltre, in particolare tra i pi\u00f9 giovani, la consapevolezza delle conseguenze ambientali derivanti dalla lavorazione e dallo smaltimento dei tessuti.<\/p>\n<p>&nbsp;<\/p>\n<p>Consolidare il binomio moda-sostenibilit\u00e0 \u00e8 certamente una sfida, ma alcuni casi di successo anche italiani confermano che non si tratta di una sfida impossibile. Diversi brand italiani hanno infatti iniziato, gi\u00e0 da qualche anno, a lavorare per una moda pi\u00f9 \u201cverde\u201d per assicurare un pieno e attivo coinvolgimento del settore al processo di transizione ecologica.<\/p>\n<p>&nbsp;<\/p>\n<p>Ad esempio, va in questa direzione Zegna con l\u2019iniziativa presentata nel 2023 proprio presso l\u2019Ambasciata d\u2019Italia a Tokyo, che prevede la piantumazione di 10 mila alberi per l\u2019apertura di ogni nuova boutique. Analogamente, Alcantara ha avviato lo studio di nuovi processi produttivi sostenibili. Inoltre, importanti progetti di<em> reshoring <\/em>per la produzione di cotone organico saranno presentati nei prossimi giorni dalla <em>Sustainable Fashion Innovation Society<\/em> al Ministero delle Imprese e del <em>Made in Italy<\/em>.<\/p>\n<p><em>\u00a0<\/em><\/p>\n<p>L\u2019esempio italiano ha gi\u00e0 lasciato un\u2019impronta anche in Giappone. Tae Ashida, figlia del celeberrimo Jun Ashida, ha lanciato qualche anno fa una linea eco-sostenibile dopo aver visitato la fiera del tessile Pitti Filati a Firenze nel 2019. La stilista ha pi\u00f9 volte ribadito che l\u2019esperienza italiana ha cambiato il suo modo di intendere e interpretare il mondo della moda, dove sostenibilit\u00e0 e qualit\u00e0 possono e devono combinarsi.<\/p>\n<p>&nbsp;<\/p>\n<p>Con la convinzione che l\u2019evento di oggi sapr\u00e0 fornire nuovi spunti di riflessione su questo tema cos\u00ec importante e avvicinare ancora di pi\u00f9 le realt\u00e0 italiane e giapponesi, concludo con l\u2019auspicio che l\u2019Esposizione Universale del 2025 possa davvero fornire la cornice ideale per presentare al mondo un nuovo modo di fare Moda, un paradigma sostenibile ed efficace, che veda Italia e Giappone collaborare e progredire insieme anche di fronte a questa grande sfida.<\/p>\n<p>&nbsp;<\/p>\n<p>Grazie<\/p>\n","protected":false},"excerpt":{"rendered":"Buon pomeriggio a tutti e buongiorno a chi ci segue dall\u2019Italia. Saluto e ringrazio, anzitutto, il Direttore Pasquale Salzano e tutti i colleghi di Cassa Depositi e Prestiti in collegamento, il Commissario Generale Mario Vattani, che \u00e8 qui con me, e tutta la squadra della Camera di Commercio italiana in Giappone che ci ospita e [&hellip;]","protected":false},"author":6,"featured_media":0,"parent":272,"menu_order":0,"comment_status":"closed","ping_status":"closed","template":"","meta":{"footnotes":""},"class_list":["post-4690","page","type-page","status-publish","hentry"],"_links":{"self":[{"href":"https:\/\/ambtokyo.esteri.it\/it\/wp-json\/wp\/v2\/pages\/4690","targetHints":{"allow":["GET"]}}],"collection":[{"href":"https:\/\/ambtokyo.esteri.it\/it\/wp-json\/wp\/v2\/pages"}],"about":[{"href":"https:\/\/ambtokyo.esteri.it\/it\/wp-json\/wp\/v2\/types\/page"}],"author":[{"embeddable":true,"href":"https:\/\/ambtokyo.esteri.it\/it\/wp-json\/wp\/v2\/users\/6"}],"replies":[{"embeddable":true,"href":"https:\/\/ambtokyo.esteri.it\/it\/wp-json\/wp\/v2\/comments?post=4690"}],"version-history":[{"count":2,"href":"https:\/\/ambtokyo.esteri.it\/it\/wp-json\/wp\/v2\/pages\/4690\/revisions"}],"predecessor-version":[{"id":4693,"href":"https:\/\/ambtokyo.esteri.it\/it\/wp-json\/wp\/v2\/pages\/4690\/revisions\/4693"}],"up":[{"embeddable":true,"href":"https:\/\/ambtokyo.esteri.it\/it\/wp-json\/wp\/v2\/pages\/272"}],"wp:attachment":[{"href":"https:\/\/ambtokyo.esteri.it\/it\/wp-json\/wp\/v2\/media?parent=4690"}],"curies":[{"name":"wp","href":"https:\/\/api.w.org\/{rel}","templated":true}]}}