{"id":4789,"date":"2024-06-06T08:44:36","date_gmt":"2024-06-06T06:44:36","guid":{"rendered":"https:\/\/ambtokyo.esteri.it\/?page_id=4789"},"modified":"2024-06-06T08:44:36","modified_gmt":"2024-06-06T06:44:36","slug":"intervento-dellambasciatore-ditalia-gianluigi-benedetti-in-occasione-del-ricevimento-per-la-festa-della-repubblica-tokyo-5-giugno-2024","status":"publish","type":"page","link":"https:\/\/ambtokyo.esteri.it\/it\/chi-siamo\/ambasciatore\/discorsi-dellambasciatore__trashed\/intervento-dellambasciatore-ditalia-gianluigi-benedetti-in-occasione-del-ricevimento-per-la-festa-della-repubblica-tokyo-5-giugno-2024\/","title":{"rendered":"Intervento dell&#8217;Ambasciatore d&#8217;Italia, Gianluigi Benedetti, in occasione del ricevimento per la Festa della Repubblica (Tokyo, 5 giugno 2024)"},"content":{"rendered":"<p>Onorevoli Ministri e autorit\u00e0, gentili ospiti giapponesi e di altri Paesi, care italiane e cari italiani, \u00e8 un vero piacere accogliervi oggi insieme alla mia famiglia e a tutto il personale dell\u2019Ambasciata in questo bellissimo e storico giardino giapponese.<\/p>\n<p>&nbsp;<\/p>\n<p>Ci riuniamo oggi per festeggiare il giorno in cui gli Italiani scelsero di vivere in una repubblica e di porre le basi per una societ\u00e0 migliore. Allora, come oggi, avvertivamo l\u2019esigenza di impegnarci per la pace, di perseguire libert\u00e0 e sviluppo, democrazia e diffusione del benessere, maturazione civile, giustizia, crescita economica e rispetto dei diritti di tutti.<\/p>\n<p>&nbsp;<\/p>\n<p>A distanza di 78 anni, questi temi sono pi\u00f9 che mai attuali, in un mondo in cui l\u2019ordine internazionale basato su principi e regole comuni, sanciti dalla Carta delle Nazioni Unite, viene ripetutamente messo alla prova.<\/p>\n<p>&nbsp;<\/p>\n<p>L\u2019aggressione e l\u2019invasione russa dell\u2019Ucraina, un Paese indipendente e sovrano, ha demolito l\u2019architettura di sicurezza che ha garantito pace e stabilit\u00e0 per lunghi decenni e ha scavato un solco con i Paesi del continente europeo.<\/p>\n<p>&nbsp;<\/p>\n<p>Il brutale attacco terroristico di Hamas contro Israele, con la morte di tante persone innocenti, ha innescato una spirale di violenza che ha causato sofferenze, distruzioni e ulteriori vittime civili israeliane e palestinesi, creando insicurezza per tutti in quella fondamentale regione.<\/p>\n<p>&nbsp;<\/p>\n<p>In entrambi i casi \u00e8 stato violato il diritto internazionale e siamo tutti chiamati a impegnarci di pi\u00f9 per assicurare il ritorno alla pace e il mantenimento, ovunque, della stabilit\u00e0, della sicurezza e della prosperit\u00e0 economica sulla base dei diritti e delle regole e non della forza, della paura o della sudditanza.<\/p>\n<p>&nbsp;<\/p>\n<p>In questo difficile contesto, l\u2019amicizia che lega Italia e Giappone, che come noi condivide l\u2019interesse alla pace e al rispetto delle regole e dei diritti, aiuta ad affrontare la grande sfida internazionale di difendere la pace, la democrazia, lo stato di diritto e il libero commercio a livello mondiale.<\/p>\n<p>&nbsp;<\/p>\n<p>L\u2019impegno dei nostri Paesi per raggiungere questo obiettivo \u00e8 confermato dalla solida collaborazione nel G7, dal \u201cPartenariato Strategico\u201d bilaterale, dai frequenti incontri istituzionali e dal dialogo politico diretto tra i Leader Giorgia Meloni e Fumio Kishida, che si rivedranno in Italia fra qualche giorno. Le loro parole ispirano tutti noi e si trasformano velocemente in fatti.<\/p>\n<p>&nbsp;<\/p>\n<p>L\u2019anno scorso avevo annunciato i nostri obiettivi di approfondire il dialogo sul piano politico e della sicurezza, rilanciare la cooperazione scientifica e pomuovere nuovi partenariati commerciali e industriali, soprattutto nei settori dell\u2019alta tecnologia.<\/p>\n<p>&nbsp;<\/p>\n<p>Sono orgoglioso di poter dire oggi che in tutti questi settori abbiamo raggiunto importanti risultati e abbiamo tracciato un percorso che prender\u00e0 la forma di un vero e proprio \u201cPiano di Azione\u201d bilaterale per i prossimi anni.<\/p>\n<p>La cooperazione per rafforzare le nostre capacit\u00e0 di rispondere congiuntamente alle minacce alla pace e alla sicurezza internazionali \u00e8 stata rafforzata. Il programma di sviluppo dell\u2019aereo da caccia di sesta generazione GCAP insieme a Giappone e Regno Unito prosegue a pieno ritmo.<\/p>\n<p>&nbsp;<\/p>\n<p>Questa estate si svolgeranno nuove esercitazioni militari congiunte sia aeree, sia navali con la presenza della portaerei italiana Cavour. Inoltre, a fine agosto ormegger\u00e0 a Tokyo &#8211; e si potr\u00e0 visitare &#8211; il veliero Amerigo Vespucci, la nave \u201cpi\u00f9 bella del mondo\u201d, orgoglio della Marina Militare italiana.<\/p>\n<p>&nbsp;<\/p>\n<p>Sul piano economico abbiamo registrato un\u2019ulteriore crescita dell\u2019interscambio commerciale, nuovi investimenti e nuove collaborazioni industriali, favorite anche dal rilancio dell\u2019Italy-Japan Business Group.<\/p>\n<p>&nbsp;<\/p>\n<p>Sul fronte tecnologico stiamo definendo due grandi progetti congiunti di ricerca, uno sulle batterie e uno sulle onde gravitazionali, che saranno un modello per la futura espansione della nostra cooperazione scientifica.<\/p>\n<p>&nbsp;<\/p>\n<p>Sul piano culturale, celebreremo fra qualche giorno l\u2019entrata in vigore dell\u2019accordo di coproduzione cinematografica: ci sono tante storie italiane e giapponesi che aspettano solo di essere raccontate in nuovi entusiasmanti film!<\/p>\n<p>&nbsp;<\/p>\n<p>Infine, ci stiamo preparando per presentare al meglio all\u2019Esposizione Universale di Osaka l\u2019anno prossimo le nostre eccellenze e le nostre soluzioni innovative per la societ\u00e0 del futuro.<\/p>\n<p>&nbsp;<\/p>\n<p>L\u2019Ambasciata e tutto il Sistema Paese continueranno a contribuire al successo della \u201cnuova era\u201d tra Italia e Giappone, ma un apporto decisivo continuer\u00e0 ad essere assicurato, ne sono certo e ci conto, dalla comunit\u00e0 italiana, che da oltre 150 anni ha portato in Giappone il proprio saper fare e le migliori competenze e qualit\u00e0 italiane.<\/p>\n<p>&nbsp;<\/p>\n<p>Proprio qualche giorno fa, la circoscrizione di Tokyo ha superato i 5.000 italiani iscritti, confermando una tendenza che da diversi anni porta pi\u00f9 connazionali a trasferirsi in Giappone e che fa aumentare ancora di pi\u00f9 gli scambi e le relazioni fra i nostri due Paesi.<\/p>\n<p>&nbsp;<\/p>\n<p>In conclusione, permettetemi di rivolgere un ringraziamento speciale ai Ministri Shintaro Ito e Masahito Moriyama e ai tanti altri amici giapponesi per essersi uniti a noi per festeggiare questo giorno cos\u00ec importante per l\u2019Italia. Un grande ringraziamento anche alle autorit\u00e0 e alle aziende di Ojiya che anche quest\u2019anno renderanno memorabile questa serata con spettacolari fuochi d\u2019artificio.<\/p>\n<p>&nbsp;<\/p>\n<p>I miei profondi ringraziamenti vanno infine a tutte le aziende italiane e giapponesi che con i loro straordinari prodotti ci hanno generosamente sostenuto e aiutato nella realizzazione di questa Festa Nazionale.<\/p>\n<p>&nbsp;<\/p>\n<p>Viva l\u2019Italia, Viva la Repubblica!<\/p>\n","protected":false},"excerpt":{"rendered":"Onorevoli Ministri e autorit\u00e0, gentili ospiti giapponesi e di altri Paesi, care italiane e cari italiani, \u00e8 un vero piacere accogliervi oggi insieme alla mia famiglia e a tutto il personale dell\u2019Ambasciata in questo bellissimo e storico giardino giapponese. &nbsp; Ci riuniamo oggi per festeggiare il giorno in cui gli Italiani scelsero di vivere in [&hellip;]","protected":false},"author":6,"featured_media":0,"parent":272,"menu_order":0,"comment_status":"closed","ping_status":"closed","template":"","meta":{"footnotes":""},"class_list":["post-4789","page","type-page","status-publish","hentry"],"_links":{"self":[{"href":"https:\/\/ambtokyo.esteri.it\/it\/wp-json\/wp\/v2\/pages\/4789","targetHints":{"allow":["GET"]}}],"collection":[{"href":"https:\/\/ambtokyo.esteri.it\/it\/wp-json\/wp\/v2\/pages"}],"about":[{"href":"https:\/\/ambtokyo.esteri.it\/it\/wp-json\/wp\/v2\/types\/page"}],"author":[{"embeddable":true,"href":"https:\/\/ambtokyo.esteri.it\/it\/wp-json\/wp\/v2\/users\/6"}],"replies":[{"embeddable":true,"href":"https:\/\/ambtokyo.esteri.it\/it\/wp-json\/wp\/v2\/comments?post=4789"}],"version-history":[{"count":1,"href":"https:\/\/ambtokyo.esteri.it\/it\/wp-json\/wp\/v2\/pages\/4789\/revisions"}],"predecessor-version":[{"id":4792,"href":"https:\/\/ambtokyo.esteri.it\/it\/wp-json\/wp\/v2\/pages\/4789\/revisions\/4792"}],"up":[{"embeddable":true,"href":"https:\/\/ambtokyo.esteri.it\/it\/wp-json\/wp\/v2\/pages\/272"}],"wp:attachment":[{"href":"https:\/\/ambtokyo.esteri.it\/it\/wp-json\/wp\/v2\/media?parent=4789"}],"curies":[{"name":"wp","href":"https:\/\/api.w.org\/{rel}","templated":true}]}}