{"id":4837,"date":"2024-06-12T01:51:04","date_gmt":"2024-06-11T23:51:04","guid":{"rendered":"https:\/\/ambtokyo.esteri.it\/?page_id=4837"},"modified":"2024-06-12T01:51:04","modified_gmt":"2024-06-11T23:51:04","slug":"saluto-dellambasciatore-ditalia-gianluigi-benedetti-in-occasione-delliniziativa-connecting-lives-il-futuro-della-mobilita-organizzata-in-collaborazione-c","status":"publish","type":"page","link":"https:\/\/ambtokyo.esteri.it\/it\/chi-siamo\/ambasciatore\/discorsi-dellambasciatore__trashed\/saluto-dellambasciatore-ditalia-gianluigi-benedetti-in-occasione-delliniziativa-connecting-lives-il-futuro-della-mobilita-organizzata-in-collaborazione-c\/","title":{"rendered":"Saluto dell\u2019Ambasciatore d\u2019Italia, Gianluigi Benedetti in occasione dell\u2019iniziativa \u201cConnecting Lives: il Futuro della Mobilit\u00e0\u201d organizzata in collaborazione con Cassa Depositi e Prestiti e la Camera di Commercio in Giappone (Tokyo, 11 giugno 2024)"},"content":{"rendered":"<p>Buon pomeriggio a tutti, buongiorno a chi ci segue dall\u2019Italia,<\/p>\n<p>&nbsp;<\/p>\n<p>Saluto e ringrazio il Direttore Salzano, l\u2019Ambasciatore Vattani e il Dott. Fantoni, che insieme a rappresentanti di aziende italiane e giapponesi animeranno questa seconda iniziativa &#8211; oggi dedicata alla mobilit\u00e0 &#8211; della serie \u201c<em>Road to Expo 2025<\/em>\u201d.<\/p>\n<p>&nbsp;<\/p>\n<p>Ideare e progettare la <em>mobilit\u00e0 del futuro<\/em>, con l\u2019imperativo di decarbonizzare le nostre societ\u00e0 entro il 2050, rende necessario immaginare quale sar\u00e0 il <em>futuro della mobilit\u00e0<\/em> nei prossimi 30 anni. Quattro sono, in particolare, le sfide che dovremo a mio avviso prepararci ad affrontare.<\/p>\n<p>&nbsp;<\/p>\n<p>La prima \u00e8 quella tecnologica. La nuova era della mobilit\u00e0 sostenibile e integrata va sempre pi\u00f9 nella direzione della produzione di veicoli \u201c<em>software-defined<\/em>\u201d e cio\u00e8 veicoli sempre pi\u00f9 dotati di funzionalit\u00e0 guidate dall\u2019intelligenza artificiale generativa e dall\u2019<em>Internet of Things<\/em>, che renderanno il trasporto una vera e propria forma di intrattenimento.<\/p>\n<p>&nbsp;<\/p>\n<p>La seconda sfida riguarda il piano infrastrutturale. La sempre maggiore connettivit\u00e0 globale favorir\u00e0 la transizione delle nostre citt\u00e0 in <em>smart cities<\/em>, la trasformazione delle strutture portuali, la definizione di nuove regole e luoghi per la mobilit\u00e0 aerea, tra cui rientra ad esempio lo sviluppo di spazioporti.<\/p>\n<p>&nbsp;<\/p>\n<p>La terza sfida ha una duplice valenza industriale e geopolitica. Alla luce dell\u2019attuale scenario internazionale, la forte spinta verso lo sviluppo di motori elettrici rischia di avere effetti importanti sulle industrie nazionali dell\u2019auto e sul piano della sicurezza economica. Occorre, pertanto, avviare un processo graduale e sostenibile di transizione verso l\u2019elettrico, che miri a preservare l\u2019industria dei nostri Paesi e la competitivit\u00e0 globale dei nostri tessuti produttivi.<\/p>\n<p>&nbsp;<\/p>\n<p>La quarta sfida \u00e8 quella sociale. Il concetto di \u201csociet\u00e0 5.0\u201d per un giusto bilanciamento tra lo sviluppo economico e la soluzione di problemi sociali e ambientali punta su una nuova organizzazione degli spazi fisici e tra spazi fisici e virtuali. Il futuro della mobilit\u00e0 non pu\u00f2 prescindere da questo cambiamento dei comportamenti delle persone.<\/p>\n<p>&nbsp;<\/p>\n<p>Tutte queste sfide mettono in evidenza la necessit\u00e0 di una maggiore integrazione a livello globale nel settore della mobilit\u00e0.<\/p>\n<p>&nbsp;<\/p>\n<p>Come negli ultimi vent\u2019anni i grandi gruppi automobilistici hanno effettuato operazioni di aggregazione per continuare a essere competitivi sul mercato internazionale, cos\u00ec oggi e nei prossimi decenni le grandi economie sono chiamate a promuovere una maggiore interdipendenza dei rispettivi sistemi industriali, produttivi e di ricerca.<\/p>\n<p>&nbsp;<\/p>\n<p>Due economie moderne, industrializzate e innovative, come Italia e Giappone, hanno quindi una grande opportunit\u00e0 per disegnare il futuro della mobilit\u00e0, rafforzando le collaborazioni industriali e tecnologiche.<\/p>\n<p>&nbsp;<\/p>\n<p>Al riguardo, possiamo contare su un contesto politico propizio creato dall\u2019avvio nel gennaio 2023 di un \u201cPartenariato Strategico\u201d tra i nostri due Paesi e, in questo contesto, su un rinnovato strumento di dialogo tra aziende, l\u2019<em>Italy Japan Business Group<\/em>, rilanciato proprio con l\u2019obiettivo di promuovere e favorire la cooperazione industriale in sei settori prioritari, tra i quali spicca proprio la mobilit\u00e0.<\/p>\n<p>&nbsp;<\/p>\n<p>Grazie.<\/p>\n<p>&nbsp;<\/p>\n","protected":false},"excerpt":{"rendered":"Buon pomeriggio a tutti, buongiorno a chi ci segue dall\u2019Italia, &nbsp; Saluto e ringrazio il Direttore Salzano, l\u2019Ambasciatore Vattani e il Dott. Fantoni, che insieme a rappresentanti di aziende italiane e giapponesi animeranno questa seconda iniziativa &#8211; oggi dedicata alla mobilit\u00e0 &#8211; della serie \u201cRoad to Expo 2025\u201d. &nbsp; Ideare e progettare la mobilit\u00e0 del [&hellip;]","protected":false},"author":6,"featured_media":0,"parent":272,"menu_order":0,"comment_status":"closed","ping_status":"closed","template":"","meta":{"footnotes":""},"class_list":["post-4837","page","type-page","status-publish","hentry"],"_links":{"self":[{"href":"https:\/\/ambtokyo.esteri.it\/it\/wp-json\/wp\/v2\/pages\/4837","targetHints":{"allow":["GET"]}}],"collection":[{"href":"https:\/\/ambtokyo.esteri.it\/it\/wp-json\/wp\/v2\/pages"}],"about":[{"href":"https:\/\/ambtokyo.esteri.it\/it\/wp-json\/wp\/v2\/types\/page"}],"author":[{"embeddable":true,"href":"https:\/\/ambtokyo.esteri.it\/it\/wp-json\/wp\/v2\/users\/6"}],"replies":[{"embeddable":true,"href":"https:\/\/ambtokyo.esteri.it\/it\/wp-json\/wp\/v2\/comments?post=4837"}],"version-history":[{"count":1,"href":"https:\/\/ambtokyo.esteri.it\/it\/wp-json\/wp\/v2\/pages\/4837\/revisions"}],"predecessor-version":[{"id":4839,"href":"https:\/\/ambtokyo.esteri.it\/it\/wp-json\/wp\/v2\/pages\/4837\/revisions\/4839"}],"up":[{"embeddable":true,"href":"https:\/\/ambtokyo.esteri.it\/it\/wp-json\/wp\/v2\/pages\/272"}],"wp:attachment":[{"href":"https:\/\/ambtokyo.esteri.it\/it\/wp-json\/wp\/v2\/media?parent=4837"}],"curies":[{"name":"wp","href":"https:\/\/api.w.org\/{rel}","templated":true}]}}