{"id":4908,"date":"2024-06-24T04:13:54","date_gmt":"2024-06-24T02:13:54","guid":{"rendered":"https:\/\/ambtokyo.esteri.it\/?page_id=4908"},"modified":"2024-06-24T04:13:54","modified_gmt":"2024-06-24T02:13:54","slug":"intervento-dellambasciatore-ditalia-gianluigi-benedetti-in-occasione-della-visita-agli-uffici-di-bracco-japan-tokyo-24-giugno-2024","status":"publish","type":"page","link":"https:\/\/ambtokyo.esteri.it\/it\/chi-siamo\/ambasciatore\/discorsi-dellambasciatore__trashed\/intervento-dellambasciatore-ditalia-gianluigi-benedetti-in-occasione-della-visita-agli-uffici-di-bracco-japan-tokyo-24-giugno-2024\/","title":{"rendered":"Intervento dell\u2019Ambasciatore d\u2019Italia, Gianluigi Benedetti in occasione della visita agli Uffici di Bracco Japan (Tokyo, 24 giugno 2024)"},"content":{"rendered":"<p>Buongiorno a tutti, \u00e8 con grande piacere che sono oggi qui nella nuova sede di Bracco Japan.<\/p>\n<p>&nbsp;<\/p>\n<p>Ringrazio il Presidente Tetsuaki Sakamoto per l\u2019invito e l\u2019ospitalit\u00e0, oltre che per il puntuale aggiornamento sulle attivit\u00e0 e gli obiettivi dell\u2019azienda in Giappone.<\/p>\n<p>&nbsp;<\/p>\n<p>Fondata nel 1927 a \u00a0Milano, a partire dal 1963 Bracco si \u00e8 specializzata nella produzione di mezzi di contrasto per diagnostica per immagini in cui \u00e8 diventata presto leader riconosciuto a livello globale.<\/p>\n<p>&nbsp;<\/p>\n<p>Oggi Bracco rappresenta una delle pi\u00f9 importanti realt\u00e0 del settore farmaceutico italiano e internazionale.<\/p>\n<p>&nbsp;<\/p>\n<p>Nel 2023 il gruppo Bracco ha raggiunto 1.8 miliardi di Euro di fatturato e si colloca nei primi tre posti al mondo nel suo settore, con il pi\u00f9 ampio portafoglio di prodotti, che copre tutte le modalit\u00e0 di <em>imaging<\/em>, dalla TAC alla risonanza magnetica, agli ultrasuoni e alla medicina nucleare.<\/p>\n<p>&nbsp;<\/p>\n<p>La sua lunga storia di eccellenza e innovazione, \u00e8 un esempio di come la passione, la ricerca e l\u2019impegno possano tradursi in soluzioni all\u2019avanguardia nel campo della diagnostica medica.<\/p>\n<p>&nbsp;<\/p>\n<p>Bracco ha un approccio ispirato all\u2019interesse prioritario del paziente e in Giappone, come in altri Paesi, l\u2019obiettivo dell\u2019azienda \u00e8 migliorare la qualit\u00e0 della vita delle persone attraverso la diagnosi precoce, nella consapevolezza che una puntuale e accurata \u00a0prevenzione sia indispensabile per rispondere alla sfida dell\u2019invecchiamento della societ\u00e0.<\/p>\n<p>&nbsp;<\/p>\n<p>La decennale presenza in Giappone di Bracco e la recente creazione di Bracco Japan conferma che nel settore farmaceutico e pi\u00f9 in generale in quello delle scienze della vita esistano opportunit\u00e0 di rafforzare ulteriormente la presenza italiana in Giappone attraverso investimenti diretti, cooperazioni industriali e collaborazioni scientifiche.<\/p>\n<p>&nbsp;<\/p>\n<p>Per promuovere e ampliare queste opportunit\u00e0 in un settore strategico oggi e ancora di pi\u00f9 nel futuro, quando potremo sfruttare commercialmente anche le possibilit\u00e0 di sperimentazione e produzione nello spazio, i Governi italiano e giapponese hanno incluso il comparto chimico-farmaceutico tra quelli prioritari per lo sviluppo della cooperazione bilaterale nella \u201cnuova era\u201d delle relazioni aperta dai Primi Ministri Meloni e Kishida nel 2023 con l\u2019annuncio del Partenariato Strategico.<\/p>\n<p>&nbsp;<\/p>\n<p>Concludo, quindi, augurando a Bracco Japan di proseguire e ampliare il suo successo in Giappone e ai nostri Paesi di continuare a espandere la cooperazione bilaterale attraverso pi\u00f9 stretti partenariati industriali, scientifici e tecnologici per rafforzare le nostre economie e lo sviluppo delle nostre societ\u00e0.<\/p>\n<p>&nbsp;<\/p>\n<p>Grazie a tutti.<\/p>\n","protected":false},"excerpt":{"rendered":"Buongiorno a tutti, \u00e8 con grande piacere che sono oggi qui nella nuova sede di Bracco Japan. &nbsp; Ringrazio il Presidente Tetsuaki Sakamoto per l\u2019invito e l\u2019ospitalit\u00e0, oltre che per il puntuale aggiornamento sulle attivit\u00e0 e gli obiettivi dell\u2019azienda in Giappone. &nbsp; Fondata nel 1927 a \u00a0Milano, a partire dal 1963 Bracco si \u00e8 specializzata [&hellip;]","protected":false},"author":6,"featured_media":0,"parent":272,"menu_order":0,"comment_status":"closed","ping_status":"closed","template":"","meta":{"footnotes":""},"class_list":["post-4908","page","type-page","status-publish","hentry"],"_links":{"self":[{"href":"https:\/\/ambtokyo.esteri.it\/it\/wp-json\/wp\/v2\/pages\/4908","targetHints":{"allow":["GET"]}}],"collection":[{"href":"https:\/\/ambtokyo.esteri.it\/it\/wp-json\/wp\/v2\/pages"}],"about":[{"href":"https:\/\/ambtokyo.esteri.it\/it\/wp-json\/wp\/v2\/types\/page"}],"author":[{"embeddable":true,"href":"https:\/\/ambtokyo.esteri.it\/it\/wp-json\/wp\/v2\/users\/6"}],"replies":[{"embeddable":true,"href":"https:\/\/ambtokyo.esteri.it\/it\/wp-json\/wp\/v2\/comments?post=4908"}],"version-history":[{"count":1,"href":"https:\/\/ambtokyo.esteri.it\/it\/wp-json\/wp\/v2\/pages\/4908\/revisions"}],"predecessor-version":[{"id":4909,"href":"https:\/\/ambtokyo.esteri.it\/it\/wp-json\/wp\/v2\/pages\/4908\/revisions\/4909"}],"up":[{"embeddable":true,"href":"https:\/\/ambtokyo.esteri.it\/it\/wp-json\/wp\/v2\/pages\/272"}],"wp:attachment":[{"href":"https:\/\/ambtokyo.esteri.it\/it\/wp-json\/wp\/v2\/media?parent=4908"}],"curies":[{"name":"wp","href":"https:\/\/api.w.org\/{rel}","templated":true}]}}