{"id":51,"date":"2022-08-02T09:19:57","date_gmt":"2022-08-02T07:19:57","guid":{"rendered":"https:\/\/ambtokyo.esteri.it\/?page_id=51"},"modified":"2026-01-08T02:30:12","modified_gmt":"2026-01-08T01:30:12","slug":"contatti","status":"publish","type":"page","link":"https:\/\/ambtokyo.esteri.it\/it\/chi-siamo\/contatti\/","title":{"rendered":"Contatti"},"content":{"rendered":"<p><strong>Ambasciata<\/strong><\/p>\n<p>2-5-4 Mita, Minato-ku,\u00a0Tokyo 108-8302<\/p>\n<p>Tel: +81 (0)3-3453-5291<\/p>\n<p>Fax: +81 (0)3-3456-2319<\/p>\n<p>Email:\u00a0<a href=\"mailto:ambasciata.tokyo@esteri.it\">ambasciata.tokyo@esteri.it<\/a><\/p>\n<p>&nbsp;<\/p>\n<p><strong>Sezione Consolare<\/strong><\/p>\n<p>2-5-4 Mita, Minato-ku, Tokyo 108-8302<\/p>\n<p>Tel: +81 (0)3-3453-5291<\/p>\n<p>Fax: +81 (0)3-5765-2918<\/p>\n<p>Si riceve su appuntamento dal luned\u00ec al venerd\u00ec, dalle 9:30 alle 12:30 e il mercoled\u00ec anche il pomeriggio, dalle 14.30 alle 17.00.<\/p>\n<p>Ufficio Consolare:\u00a0<a href=\"mailto:consular.tokyo@esteri.it\">consular.tokyo@esteri.it<\/a><\/p>\n<p>Ufficio Passaporti:\u00a0<a href=\"mailto:tokyo.passaporti@esteri.it\">tokyo.passaporti@esteri.it<\/a><\/p>\n<p>Sezione Visti:\u00a0<a href=\"mailto:visa.tokyo@esteri.it\">visa.tokyo@esteri.it<\/a><\/p>\n<p>&nbsp;<\/p>\n<p><strong>Come raggiungerci<\/strong><\/p>\n<p>L&#8217;Ambasciata si trova in prossimit\u00e0 delle seguenti fermate:<\/p>\n<ul>\n<li>Tamachi &#8211; JR (treni della Japan Railway)<\/li>\n<li>Mita (Mita Line e Asakusa Line)<\/li>\n<li>Azabu-Juban (Namboku Line)<\/li>\n<li>Akabanebashi (Oedo Line)<\/li>\n<\/ul>\n<p><img decoding=\"async\" src=\"https:\/\/ambtokyo.esteri.it\/wp-content\/uploads\/2022\/08\/embmap_e.gif\" alt=\"mappa-sede\" \/><\/p>\n<p>&nbsp;<\/p>\n<p>&nbsp;<\/p>\n<p><strong>Chiusure annuali 2026<\/strong><\/p>\n<p>1 gennaio \u2013 Capodanno<br \/>\n11 febbraio \u2013 Fondazione del Giappone<br \/>\n23 febbraio \u2013 Festivit\u00e0 Nazionale Genetliaco di S.M. l&#8217;Imperatore del Giappone<br \/>\n6 aprile \u2013 Luned\u00ec dell\u2019Angelo<br \/>\n25 aprile \u2013 Anniversario della Liberazione<br \/>\n1 maggio \u2013 Festa del Lavoro<br \/>\n3 maggio \u2013 Commemorazione della promulgazione della Costituzione del Giappone<br \/>\n2 giugno \u2013 Festa della Repubblica Italiana<br \/>\n15 agosto \u2013 Assunzione<br \/>\n4 ottobre &#8211; Festa Nazionale di San Francesco d&#8217;Assisi<br \/>\n25 dicembre \u2013 Natale<br \/>\n26 dicembre \u2013 Santo Stefano<\/p>\n","protected":false},"excerpt":{"rendered":"Ambasciata 2-5-4 Mita, Minato-ku,\u00a0Tokyo 108-8302 Tel: +81 (0)3-3453-5291 Fax: +81 (0)3-3456-2319 Email:\u00a0ambasciata.tokyo@esteri.it &nbsp; Sezione Consolare 2-5-4 Mita, Minato-ku, Tokyo 108-8302 Tel: +81 (0)3-3453-5291 Fax: +81 (0)3-5765-2918 Si riceve su appuntamento dal luned\u00ec al venerd\u00ec, dalle 9:30 alle 12:30 e il mercoled\u00ec anche il pomeriggio, dalle 14.30 alle 17.00. Ufficio Consolare:\u00a0consular.tokyo@esteri.it Ufficio Passaporti:\u00a0tokyo.passaporti@esteri.it Sezione Visti:\u00a0visa.tokyo@esteri.it &nbsp; [&hellip;]","protected":false},"author":1,"featured_media":0,"parent":18,"menu_order":0,"comment_status":"closed","ping_status":"closed","template":"","meta":{"footnotes":""},"class_list":["post-51","page","type-page","status-publish","hentry"],"_links":{"self":[{"href":"https:\/\/ambtokyo.esteri.it\/it\/wp-json\/wp\/v2\/pages\/51","targetHints":{"allow":["GET"]}}],"collection":[{"href":"https:\/\/ambtokyo.esteri.it\/it\/wp-json\/wp\/v2\/pages"}],"about":[{"href":"https:\/\/ambtokyo.esteri.it\/it\/wp-json\/wp\/v2\/types\/page"}],"author":[{"embeddable":true,"href":"https:\/\/ambtokyo.esteri.it\/it\/wp-json\/wp\/v2\/users\/1"}],"replies":[{"embeddable":true,"href":"https:\/\/ambtokyo.esteri.it\/it\/wp-json\/wp\/v2\/comments?post=51"}],"version-history":[{"count":6,"href":"https:\/\/ambtokyo.esteri.it\/it\/wp-json\/wp\/v2\/pages\/51\/revisions"}],"predecessor-version":[{"id":7394,"href":"https:\/\/ambtokyo.esteri.it\/it\/wp-json\/wp\/v2\/pages\/51\/revisions\/7394"}],"up":[{"embeddable":true,"href":"https:\/\/ambtokyo.esteri.it\/it\/wp-json\/wp\/v2\/pages\/18"}],"wp:attachment":[{"href":"https:\/\/ambtokyo.esteri.it\/it\/wp-json\/wp\/v2\/media?parent=51"}],"curies":[{"name":"wp","href":"https:\/\/api.w.org\/{rel}","templated":true}]}}